{"id":31195,"date":"2026-01-09T15:09:02","date_gmt":"2026-01-09T15:09:02","guid":{"rendered":"https:\/\/topprixsarl.ch\/product\/lingettes-desinfectants-suma-blanc-boite-de-150-pieces\/"},"modified":"2026-01-14T14:19:13","modified_gmt":"2026-01-14T14:19:13","slug":"lingettes-desinfectants-suma-blanc-boite-de-150-pieces","status":"publish","type":"product","link":"https:\/\/topprixsarl.ch\/en\/product-2\/lingettes-desinfectants-suma-blanc-boite-de-150-pieces\/","title":{"rendered":"Lingettes d\u00e9sinfectants Suma, blanc, bo\u00eete de 150 pi\u00e8ces"},"content":{"rendered":"<p>Klick&rsquo;n&rsquo;easy<\/p>\n<p>Si vous disposez de votre syst\u00e8me de nettoyage, il est logique d&rsquo;avoir tout chez le m\u00eame fournisseur pour avoir l&rsquo;assurance d\u2019un fonctionnement parfait des produits. Il faut pouvoir avoir un fournisseur capable de fournir tous les \u00e9quipements et d\u00e9tergents ou s&rsquo;adresser \u00e0 un fournisseur sp\u00e9cialis\u00e9 dans ces domaines.<\/p>\n<p>fournit presque toute la gamme des produits Taski, notamment le syst\u00e8me Taski MicroEasy, une gamme con\u00e7ue pour le nettoyage humide de diff\u00e9rentes surfaces. <\/p>\n<p>+ Produit compatible avec la poign\u00e9e t\u00e9lescopique (12.175.117) <\/p>\n<p>+ Compatible avec les serpilli\u00e8res 12.175.436, 11218085, 12175447 ou 12.174.989.<\/p>\n<p>Gr\u00e2ce \u00e0 ces accessoires, il est tr\u00e8s facile de passer d&rsquo;une partie \u00e0 l&rsquo;autre du b\u00e2timent et d&rsquo;\u00e9viter la contamination crois\u00e9e par des bact\u00e9ries. <\/p>\n<p>+ \u00c9quipements con\u00e7us pour les professionnels, gage de qualit\u00e9 et de longue dur\u00e9e de vie.<\/p>\n<p>Cliquez, nettoyez et recommencez! <\/p>\n<p>*Produit dangereux. Respecter les pr\u00e9cautions d\u2019emploi indiqu\u00e9es sur la fiche de donn\u00e9es de s\u00e9curit\u00e9.<\/p>","protected":false},"excerpt":{"rendered":"<p>Klick&rsquo;n&rsquo;easy Si vous disposez de votre syst\u00e8me de nettoyage, il est logique d&rsquo;avoir tout chez le m\u00eame fournisseur pour avoir l&rsquo;assurance d\u2019un fonctionnement parfait des produits. Il faut pouvoir avoir un fournisseur capable de fournir tous les \u00e9quipe<\/p>","protected":false},"featured_media":31194,"comment_status":"open","ping_status":"closed","template":"","meta":[],"product_brand":[],"product_cat":[143],"product_tag":[],"class_list":{"0":"post-31195","1":"product","2":"type-product","3":"status-publish","4":"has-post-thumbnail","6":"product_cat-nettoyage","8":"first","9":"instock","10":"shipping-taxable","11":"purchasable","12":"product-type-simple"},"_links":{"self":[{"href":"https:\/\/topprixsarl.ch\/en\/wp-json\/wp\/v2\/product\/31195","targetHints":{"allow":["GET"]}}],"collection":[{"href":"https:\/\/topprixsarl.ch\/en\/wp-json\/wp\/v2\/product"}],"about":[{"href":"https:\/\/topprixsarl.ch\/en\/wp-json\/wp\/v2\/types\/product"}],"replies":[{"embeddable":true,"href":"https:\/\/topprixsarl.ch\/en\/wp-json\/wp\/v2\/comments?post=31195"}],"version-history":[{"count":3,"href":"https:\/\/topprixsarl.ch\/en\/wp-json\/wp\/v2\/product\/31195\/revisions"}],"predecessor-version":[{"id":33245,"href":"https:\/\/topprixsarl.ch\/en\/wp-json\/wp\/v2\/product\/31195\/revisions\/33245"}],"wp:featuredmedia":[{"embeddable":true,"href":"https:\/\/topprixsarl.ch\/en\/wp-json\/wp\/v2\/media\/31194"}],"wp:attachment":[{"href":"https:\/\/topprixsarl.ch\/en\/wp-json\/wp\/v2\/media?parent=31195"}],"wp:term":[{"taxonomy":"product_brand","embeddable":true,"href":"https:\/\/topprixsarl.ch\/en\/wp-json\/wp\/v2\/product_brand?post=31195"},{"taxonomy":"product_cat","embeddable":true,"href":"https:\/\/topprixsarl.ch\/en\/wp-json\/wp\/v2\/product_cat?post=31195"},{"taxonomy":"product_tag","embeddable":true,"href":"https:\/\/topprixsarl.ch\/en\/wp-json\/wp\/v2\/product_tag?post=31195"}],"curies":[{"name":"wp","href":"https:\/\/api.w.org\/{rel}","templated":true}]}}