{"id":31193,"date":"2026-01-09T15:08:45","date_gmt":"2026-01-09T15:08:45","guid":{"rendered":"https:\/\/topprixsarl.ch\/product\/nettoyant-universel-easy-parfume-1-litre\/"},"modified":"2026-01-14T14:19:13","modified_gmt":"2026-01-14T14:19:13","slug":"nettoyant-universel-easy-parfume-1-litre","status":"publish","type":"product","link":"https:\/\/topprixsarl.ch\/en\/product-2\/nettoyant-universel-easy-parfume-1-litre\/","title":{"rendered":"Nettoyant universel Easy, parfum\u00e9, 1\u00a0litre"},"content":{"rendered":"<p>Nettoyant d&rsquo;entretien peu moussant. <\/p>\n<p>Pour tous les rev\u00eatements de sol et surfaces r\u00e9sistants \u00e0 l&rsquo;eau. <\/p>\n<p>+ Nettoie en douceur, \u00e0 la machine et \u00e0 la main. <\/p>\n<p>+ Prix \u00e0 l&rsquo;unit\u00e9. <\/p>\n<p>+ Produit dangereux. <\/p>\n<p>Respecter les pr\u00e9cautions d\u2019emploi indiqu\u00e9es sur la fiche de donn\u00e9es de s\u00e9curit\u00e9. <\/p>\n<p>*<\/p>","protected":false},"excerpt":{"rendered":"<p>Nettoyant d&rsquo;entretien peu moussant. Pour tous les rev\u00eatements de sol et surfaces r\u00e9sistants \u00e0 l&rsquo;eau. Nettoie en douceur, \u00e0 la machine et \u00e0 la main. Prix \u00e0 l&rsquo;unit\u00e9. Produit dangereux.Respecter les pr\u00e9cautions d\u2019emploi indiqu\u00e9es sur la fiche de donn\u00e9es<\/p>","protected":false},"featured_media":31192,"comment_status":"open","ping_status":"closed","template":"","meta":[],"product_brand":[],"product_cat":[143],"product_tag":[],"class_list":{"0":"post-31193","1":"product","2":"type-product","3":"status-publish","4":"has-post-thumbnail","6":"product_cat-nettoyage","8":"first","9":"instock","10":"shipping-taxable","11":"purchasable","12":"product-type-simple"},"_links":{"self":[{"href":"https:\/\/topprixsarl.ch\/en\/wp-json\/wp\/v2\/product\/31193","targetHints":{"allow":["GET"]}}],"collection":[{"href":"https:\/\/topprixsarl.ch\/en\/wp-json\/wp\/v2\/product"}],"about":[{"href":"https:\/\/topprixsarl.ch\/en\/wp-json\/wp\/v2\/types\/product"}],"replies":[{"embeddable":true,"href":"https:\/\/topprixsarl.ch\/en\/wp-json\/wp\/v2\/comments?post=31193"}],"version-history":[{"count":2,"href":"https:\/\/topprixsarl.ch\/en\/wp-json\/wp\/v2\/product\/31193\/revisions"}],"predecessor-version":[{"id":32954,"href":"https:\/\/topprixsarl.ch\/en\/wp-json\/wp\/v2\/product\/31193\/revisions\/32954"}],"wp:featuredmedia":[{"embeddable":true,"href":"https:\/\/topprixsarl.ch\/en\/wp-json\/wp\/v2\/media\/31192"}],"wp:attachment":[{"href":"https:\/\/topprixsarl.ch\/en\/wp-json\/wp\/v2\/media?parent=31193"}],"wp:term":[{"taxonomy":"product_brand","embeddable":true,"href":"https:\/\/topprixsarl.ch\/en\/wp-json\/wp\/v2\/product_brand?post=31193"},{"taxonomy":"product_cat","embeddable":true,"href":"https:\/\/topprixsarl.ch\/en\/wp-json\/wp\/v2\/product_cat?post=31193"},{"taxonomy":"product_tag","embeddable":true,"href":"https:\/\/topprixsarl.ch\/en\/wp-json\/wp\/v2\/product_tag?post=31193"}],"curies":[{"name":"wp","href":"https:\/\/api.w.org\/{rel}","templated":true}]}}