{"id":31185,"date":"2026-01-09T15:07:33","date_gmt":"2026-01-09T15:07:33","guid":{"rendered":"https:\/\/topprixsarl.ch\/product\/nettoyant-a-lalcool-floral-10-litres\/"},"modified":"2026-01-14T14:19:13","modified_gmt":"2026-01-14T14:19:13","slug":"nettoyant-a-lalcool-floral-10-litres","status":"publish","type":"product","link":"https:\/\/topprixsarl.ch\/en\/product\/nettoyant-a-lalcool-floral-10-litres\/","title":{"rendered":"Nettoyant \u00e0 l&rsquo;alcool, floral, 10 litres"},"content":{"rendered":"<p>Nettoyant \u00e0 base d&rsquo;alcool concentr\u00e9 avec un parfum agr\u00e9able. <\/p>\n<p>+ Convient aux sols tr\u00e8s brillants (cages d&rsquo;escalier). <\/p>\n<p>+ S\u00e9chage sans traces, parfum longue dur\u00e9e. <\/p>\n<p>+ Prix \u00e0 l&rsquo;unit\u00e9. <\/p>\n<p>*Notes de bas de page.<\/p>","protected":false},"excerpt":{"rendered":"<p>Nettoyant \u00e0 base d&rsquo;alcool concentr\u00e9 avec un parfum agr\u00e9able. Convient aux sols tr\u00e8s brillants (cages d&rsquo;escalier). S\u00e9chage sans traces, parfum longue dur\u00e9e. Prix \u00e0 l&rsquo;unit\u00e9.<\/p>","protected":false},"featured_media":31184,"comment_status":"open","ping_status":"closed","template":"","meta":[],"product_brand":[],"product_cat":[143],"product_tag":[],"class_list":{"0":"post-31185","1":"product","2":"type-product","3":"status-publish","4":"has-post-thumbnail","6":"product_cat-nettoyage","8":"first","9":"instock","10":"shipping-taxable","11":"purchasable","12":"product-type-simple"},"_links":{"self":[{"href":"https:\/\/topprixsarl.ch\/en\/wp-json\/wp\/v2\/product\/31185","targetHints":{"allow":["GET"]}}],"collection":[{"href":"https:\/\/topprixsarl.ch\/en\/wp-json\/wp\/v2\/product"}],"about":[{"href":"https:\/\/topprixsarl.ch\/en\/wp-json\/wp\/v2\/types\/product"}],"replies":[{"embeddable":true,"href":"https:\/\/topprixsarl.ch\/en\/wp-json\/wp\/v2\/comments?post=31185"}],"version-history":[{"count":2,"href":"https:\/\/topprixsarl.ch\/en\/wp-json\/wp\/v2\/product\/31185\/revisions"}],"predecessor-version":[{"id":32949,"href":"https:\/\/topprixsarl.ch\/en\/wp-json\/wp\/v2\/product\/31185\/revisions\/32949"}],"wp:featuredmedia":[{"embeddable":true,"href":"https:\/\/topprixsarl.ch\/en\/wp-json\/wp\/v2\/media\/31184"}],"wp:attachment":[{"href":"https:\/\/topprixsarl.ch\/en\/wp-json\/wp\/v2\/media?parent=31185"}],"wp:term":[{"taxonomy":"product_brand","embeddable":true,"href":"https:\/\/topprixsarl.ch\/en\/wp-json\/wp\/v2\/product_brand?post=31185"},{"taxonomy":"product_cat","embeddable":true,"href":"https:\/\/topprixsarl.ch\/en\/wp-json\/wp\/v2\/product_cat?post=31185"},{"taxonomy":"product_tag","embeddable":true,"href":"https:\/\/topprixsarl.ch\/en\/wp-json\/wp\/v2\/product_tag?post=31185"}],"curies":[{"name":"wp","href":"https:\/\/api.w.org\/{rel}","templated":true}]}}