{"id":31181,"date":"2026-01-09T15:07:01","date_gmt":"2026-01-09T15:07:01","guid":{"rendered":"https:\/\/topprixsarl.ch\/product\/cartouche-dencre-jet-dencre-hp-302-x4d37ae-multipack-noir-couleur\/"},"modified":"2026-01-14T14:19:14","modified_gmt":"2026-01-14T14:19:14","slug":"cartouche-dencre-jet-dencre-hp-302-x4d37ae-multipack-noir-couleur","status":"publish","type":"product","link":"https:\/\/topprixsarl.ch\/en\/product\/cartouche-dencre-jet-dencre-hp-302-x4d37ae-multipack-noir-couleur\/","title":{"rendered":"Inkjet cartridge HP 302 (X4D37AE) multipack black\/color"},"content":{"rendered":"<p>Mettez vos impressions en valeur avec HP. <\/p>\n<p>En vous offrant une technologie d&rsquo;impression de pointe, vous faites le choix de la qualit\u00e9. Les cartouches d&rsquo;encre HP sont les consommables id\u00e9aux pour votre imprimante. Elles vous permettent d&rsquo;obtenir des documents pr\u00e9cis aux bords nets. <\/p>\n<p>Ces cartouches de couleur noire, cyan, magenta et jaune assurent des r\u00e9sultats de qualit\u00e9 constante et des couleurs vives et \u00e9clatantes \u00e0 chaque impression. Vous pourrez imprimer jusqu&rsquo;\u00e0 190 pages. <\/p>\n<p>Il s&rsquo;agit d&rsquo;un produit de marque authentique, neuf, qui vous conviendra par sa grande qualit\u00e9. <\/p>\n<p>+ Code fabricant : X4D37AE<br \/>\n+ Nombre d&rsquo;unit\u00e9s emball\u00e9es : 2<br \/>\n+ Couleurs : noir, cyan, magenta et jaune<br \/>\n+ Capacit\u00e9 d&rsquo;impression : 190 pages  <\/p>\n<p>Profitez de notre service de r\u00e9approvisionnement automatique de vos consommables, pour un budget ma\u00eetris\u00e9 et une tranquillit\u00e9 assur\u00e9e ! <\/p>\n<p>Nous r\u00e9cup\u00e9rons et revalorisons les cartouches usag\u00e9es gr\u00e2ce \u00e0 notre container de r\u00e9cup\u00e9ration (r\u00e9f\u00e9rence : 2.157.879). <\/p>\n<p>Imprimez sans probl\u00e8me ! Imprimez avec de bons r\u00e9sultats ! <\/p>\n<p>> Garantie 2 ans*<\/p>","protected":false},"excerpt":{"rendered":"<p>Mettez vos impressions en valeur avec HP En vous offrant une technologie d&rsquo;impression de pointe, vous faites le choix de la qualit\u00e9. Les cartouches d&rsquo;encre HP sont les consommables id\u00e9aux pour votre imprimante. Ils vous permettent d&rsquo;obtenir des docum<\/p>","protected":false},"featured_media":31180,"comment_status":"open","ping_status":"closed","template":"","meta":[],"product_brand":[],"product_cat":[137],"product_tag":[],"class_list":{"0":"post-31181","1":"product","2":"type-product","3":"status-publish","4":"has-post-thumbnail","6":"product_cat-article-offic","8":"first","9":"instock","10":"shipping-taxable","11":"purchasable","12":"product-type-simple"},"_links":{"self":[{"href":"https:\/\/topprixsarl.ch\/en\/wp-json\/wp\/v2\/product\/31181","targetHints":{"allow":["GET"]}}],"collection":[{"href":"https:\/\/topprixsarl.ch\/en\/wp-json\/wp\/v2\/product"}],"about":[{"href":"https:\/\/topprixsarl.ch\/en\/wp-json\/wp\/v2\/types\/product"}],"replies":[{"embeddable":true,"href":"https:\/\/topprixsarl.ch\/en\/wp-json\/wp\/v2\/comments?post=31181"}],"version-history":[{"count":2,"href":"https:\/\/topprixsarl.ch\/en\/wp-json\/wp\/v2\/product\/31181\/revisions"}],"predecessor-version":[{"id":32947,"href":"https:\/\/topprixsarl.ch\/en\/wp-json\/wp\/v2\/product\/31181\/revisions\/32947"}],"wp:featuredmedia":[{"embeddable":true,"href":"https:\/\/topprixsarl.ch\/en\/wp-json\/wp\/v2\/media\/31180"}],"wp:attachment":[{"href":"https:\/\/topprixsarl.ch\/en\/wp-json\/wp\/v2\/media?parent=31181"}],"wp:term":[{"taxonomy":"product_brand","embeddable":true,"href":"https:\/\/topprixsarl.ch\/en\/wp-json\/wp\/v2\/product_brand?post=31181"},{"taxonomy":"product_cat","embeddable":true,"href":"https:\/\/topprixsarl.ch\/en\/wp-json\/wp\/v2\/product_cat?post=31181"},{"taxonomy":"product_tag","embeddable":true,"href":"https:\/\/topprixsarl.ch\/en\/wp-json\/wp\/v2\/product_tag?post=31181"}],"curies":[{"name":"wp","href":"https:\/\/api.w.org\/{rel}","templated":true}]}}