{"id":31179,"date":"2026-01-09T15:06:46","date_gmt":"2026-01-09T15:06:46","guid":{"rendered":"https:\/\/topprixsarl.ch\/product\/cartouche-dencre-hp-912xl-cyan\/"},"modified":"2026-01-14T14:19:14","modified_gmt":"2026-01-14T14:19:14","slug":"cartouche-dencre-hp-912xl-cyan","status":"publish","type":"product","link":"https:\/\/topprixsarl.ch\/en\/product\/cartouche-dencre-hp-912xl-cyan\/","title":{"rendered":"HP 912XL ink cartridge - cyan"},"content":{"rendered":"<p>Des r\u00e9sultats pr\u00e9cis et des couleurs riches : cette cartouche d&rsquo;encre HP va vous inspirer !<\/p>\n<p>Si vous voulez une technologie d&rsquo;impression innovante, les cartouches d&rsquo;encre HP sont faites pour vous. Vous obtiendrez des documents pr\u00e9cis avec des bords nets. <\/p>\n<p>La cartouche de couleur cyan est sp\u00e9cialement con\u00e7ue pour une qualit\u00e9 d&rsquo;impression optimale et des couleurs intenses \u00e0 chaque impression. <\/p>\n<p>En choisissant ce produit de marque authentique et neuf, vous optez pour la qualit\u00e9 et la fiabilit\u00e9. <\/p>\n<p>+ Code fabricant : 3YL81AE<br \/>\n+ Nombre d&rsquo;unit\u00e9s emball\u00e9es : 1<br \/>\n+ Couleur : cyan<br \/>\n+ Contenance : 9.9 ml  <\/p>\n<p>Notre service de r\u00e9approvisionnement automatique de vos consommables vous permettra de mieux g\u00e9rer votre budget et de vous assurer une plus grande tranquillit\u00e9 d&rsquo;esprit. <\/p>\n<p>Nous r\u00e9cup\u00e9rons et revalorisons les cartouches usag\u00e9es gr\u00e2ce \u00e0 notre container de r\u00e9cup\u00e9ration (r\u00e9f\u00e9rence : 2.157.879). <\/p>\n<p>Ce produit va vous impressionner, commandez d\u00e8s aujourd&rsquo;hui ! <\/p>\n<p>> Garantie 2 ans<\/p>","protected":false},"excerpt":{"rendered":"<p>Des r\u00e9sultats pr\u00e9cis et des couleurs riches : cette cartouche d&rsquo;encre HP va vous inspirer ! Si vous voulez une technologie d&rsquo;impression innovante, les cartouches d&rsquo;encre HP sont faites pour vous. Vous obtiendrez des documents pr\u00e9cis avec des bords ne<\/p>","protected":false},"featured_media":31178,"comment_status":"open","ping_status":"closed","template":"","meta":[],"product_brand":[],"product_cat":[137],"product_tag":[],"class_list":{"0":"post-31179","1":"product","2":"type-product","3":"status-publish","4":"has-post-thumbnail","6":"product_cat-article-offic","8":"first","9":"instock","10":"shipping-taxable","11":"purchasable","12":"product-type-simple"},"_links":{"self":[{"href":"https:\/\/topprixsarl.ch\/en\/wp-json\/wp\/v2\/product\/31179","targetHints":{"allow":["GET"]}}],"collection":[{"href":"https:\/\/topprixsarl.ch\/en\/wp-json\/wp\/v2\/product"}],"about":[{"href":"https:\/\/topprixsarl.ch\/en\/wp-json\/wp\/v2\/types\/product"}],"replies":[{"embeddable":true,"href":"https:\/\/topprixsarl.ch\/en\/wp-json\/wp\/v2\/comments?post=31179"}],"version-history":[{"count":2,"href":"https:\/\/topprixsarl.ch\/en\/wp-json\/wp\/v2\/product\/31179\/revisions"}],"predecessor-version":[{"id":32946,"href":"https:\/\/topprixsarl.ch\/en\/wp-json\/wp\/v2\/product\/31179\/revisions\/32946"}],"wp:featuredmedia":[{"embeddable":true,"href":"https:\/\/topprixsarl.ch\/en\/wp-json\/wp\/v2\/media\/31178"}],"wp:attachment":[{"href":"https:\/\/topprixsarl.ch\/en\/wp-json\/wp\/v2\/media?parent=31179"}],"wp:term":[{"taxonomy":"product_brand","embeddable":true,"href":"https:\/\/topprixsarl.ch\/en\/wp-json\/wp\/v2\/product_brand?post=31179"},{"taxonomy":"product_cat","embeddable":true,"href":"https:\/\/topprixsarl.ch\/en\/wp-json\/wp\/v2\/product_cat?post=31179"},{"taxonomy":"product_tag","embeddable":true,"href":"https:\/\/topprixsarl.ch\/en\/wp-json\/wp\/v2\/product_tag?post=31179"}],"curies":[{"name":"wp","href":"https:\/\/api.w.org\/{rel}","templated":true}]}}