{"id":31175,"date":"2026-01-09T15:06:14","date_gmt":"2026-01-09T15:06:14","guid":{"rendered":"https:\/\/topprixsarl.ch\/product\/cartouche-dencre-hp-912xl-magenta\/"},"modified":"2026-01-14T14:19:14","modified_gmt":"2026-01-14T14:19:14","slug":"cartouche-dencre-hp-912xl-magenta","status":"publish","type":"product","link":"https:\/\/topprixsarl.ch\/en\/product\/cartouche-dencre-hp-912xl-magenta\/","title":{"rendered":"Ink cartridge HP 912XL- magenta"},"content":{"rendered":"<p>Choisissez HP pour des impressions \u00e9clatantes ! <\/p>\n<p>Vous pouvez vous offrir une technologie d&rsquo;impression innovante. Pourquoi ne pas utiliser les bons consommables ? Tirez le meilleur parti de votre imprimante avec les cartouches d&rsquo;encre HP. Vous obtiendrez des documents pr\u00e9cis avec des bords nets et de magnifiques d\u00e9grad\u00e9s de couleurs. <\/p>\n<p>Cette cartouche de couleur magenta est parfaite pour toutes vos impressions en couleur. <\/p>\n<p>+ Marque : HP<br \/> + Produit authentique et neuf<br \/> + Code fabricant : 3YL82AE<br \/> + Nombre d&rsquo;unit\u00e9s emball\u00e9es : 1<br \/> + Couleur : magenta<br \/> + Contenance : 9.9 ml <\/p>\n<p>En vous abonnant \u00e0 notre service de r\u00e9approvisionnement automatique de vos consommables, vous b\u00e9n\u00e9ficierez d&rsquo;un meilleur contr\u00f4le de votre budget et d&rsquo;une plus grande tranquillit\u00e9 d&rsquo;esprit. <\/p>\n<p>Le saviez-vous ? reprend vos cartouches usag\u00e9es pour les revaloriser (r\u00e9f\u00e9rence : 2.157.879) ! <\/p>\n<p>Commandez d\u00e8s \u00e0 pr\u00e9sent ! <\/p>\n<p>> Garantie 2 ans<\/p>","protected":false},"excerpt":{"rendered":"<p>Choisissez HP pour des impressions \u00e9clatantes ! Vous pouvez vous offrir une technologie d&rsquo;impression innovante. Pourquoi ne pas utiliser les bons consommables ? Tirez le meilleur parti de votre imprimante avec les cartouches d&rsquo;encre HP. Vous obtiendr<\/p>","protected":false},"featured_media":31174,"comment_status":"open","ping_status":"closed","template":"","meta":[],"product_brand":[],"product_cat":[137],"product_tag":[],"class_list":{"0":"post-31175","1":"product","2":"type-product","3":"status-publish","4":"has-post-thumbnail","6":"product_cat-article-offic","8":"first","9":"instock","10":"shipping-taxable","11":"purchasable","12":"product-type-simple"},"_links":{"self":[{"href":"https:\/\/topprixsarl.ch\/en\/wp-json\/wp\/v2\/product\/31175","targetHints":{"allow":["GET"]}}],"collection":[{"href":"https:\/\/topprixsarl.ch\/en\/wp-json\/wp\/v2\/product"}],"about":[{"href":"https:\/\/topprixsarl.ch\/en\/wp-json\/wp\/v2\/types\/product"}],"replies":[{"embeddable":true,"href":"https:\/\/topprixsarl.ch\/en\/wp-json\/wp\/v2\/comments?post=31175"}],"version-history":[{"count":3,"href":"https:\/\/topprixsarl.ch\/en\/wp-json\/wp\/v2\/product\/31175\/revisions"}],"predecessor-version":[{"id":33247,"href":"https:\/\/topprixsarl.ch\/en\/wp-json\/wp\/v2\/product\/31175\/revisions\/33247"}],"wp:featuredmedia":[{"embeddable":true,"href":"https:\/\/topprixsarl.ch\/en\/wp-json\/wp\/v2\/media\/31174"}],"wp:attachment":[{"href":"https:\/\/topprixsarl.ch\/en\/wp-json\/wp\/v2\/media?parent=31175"}],"wp:term":[{"taxonomy":"product_brand","embeddable":true,"href":"https:\/\/topprixsarl.ch\/en\/wp-json\/wp\/v2\/product_brand?post=31175"},{"taxonomy":"product_cat","embeddable":true,"href":"https:\/\/topprixsarl.ch\/en\/wp-json\/wp\/v2\/product_cat?post=31175"},{"taxonomy":"product_tag","embeddable":true,"href":"https:\/\/topprixsarl.ch\/en\/wp-json\/wp\/v2\/product_tag?post=31175"}],"curies":[{"name":"wp","href":"https:\/\/api.w.org\/{rel}","templated":true}]}}