{"id":31173,"date":"2026-01-09T15:05:59","date_gmt":"2026-01-09T15:05:59","guid":{"rendered":"https:\/\/topprixsarl.ch\/product\/cartouche-dencre-hp-912xl-noire\/"},"modified":"2026-01-14T14:19:14","modified_gmt":"2026-01-14T14:19:14","slug":"cartouche-dencre-hp-912xl-noire","status":"publish","type":"product","link":"https:\/\/topprixsarl.ch\/en\/product\/cartouche-dencre-hp-912xl-noire\/","title":{"rendered":"Ink cartridge HP 912XL- black"},"content":{"rendered":"<p>Choisissez HP pour des impressions de qualit\u00e9<\/p>\n<p>La technologie d&rsquo;impression la plus moderne est \u00e0 votre port\u00e9e. Profitez-en au maximum en optant pour cartouches d&rsquo;encre HP. Les documents seront pr\u00e9cis, avec des bords nets. <\/p>\n<p>De couleur noire, cette cartouche est un indispensable pour la plupart des besoins d&rsquo;impression quotidiens. Il s&rsquo;agit d&rsquo;un produit de marque authentique, neuf, qui vous s\u00e9duira par sa grande qualit\u00e9. <\/p>\n<p>+ Code fabricant : 3YL84AE<br \/> + Nombre d&rsquo;unit\u00e9s emball\u00e9es : 1<br \/> + Couleur : noir<br \/> + Contenance : 21.7 ml <\/p>\n<p>Notre service de r\u00e9approvisionnement automatique de vos consommables vous permettra de mieux g\u00e9rer votre budget et de vous assurer une plus grande tranquillit\u00e9 d&rsquo;esprit. <\/p>\n<p>Pour la reprise de vos cartouches usag\u00e9es, pensez au container (r\u00e9f\u00e9rence : 2.157.879) ! <\/p>\n<p>Passez votre commande d\u00e8s aujourd&rsquo;hui ! <\/p>\n<p>+ Garantie 2 ans<\/p>","protected":false},"excerpt":{"rendered":"<p>Choisissez HP pour des impressions de qualit\u00e9 La technologie d&rsquo;impression la plus moderne est \u00e0 votre port\u00e9e. Profitez-en au maximum en optant pour cartouches d&rsquo;encre HP. Les documents seront pr\u00e9cis, avec des bords nets. De couleur noire, cette carto<\/p>","protected":false},"featured_media":31172,"comment_status":"open","ping_status":"closed","template":"","meta":[],"product_brand":[],"product_cat":[137],"product_tag":[],"class_list":{"0":"post-31173","1":"product","2":"type-product","3":"status-publish","4":"has-post-thumbnail","6":"product_cat-article-offic","8":"first","9":"instock","10":"shipping-taxable","11":"purchasable","12":"product-type-simple"},"_links":{"self":[{"href":"https:\/\/topprixsarl.ch\/en\/wp-json\/wp\/v2\/product\/31173","targetHints":{"allow":["GET"]}}],"collection":[{"href":"https:\/\/topprixsarl.ch\/en\/wp-json\/wp\/v2\/product"}],"about":[{"href":"https:\/\/topprixsarl.ch\/en\/wp-json\/wp\/v2\/types\/product"}],"replies":[{"embeddable":true,"href":"https:\/\/topprixsarl.ch\/en\/wp-json\/wp\/v2\/comments?post=31173"}],"version-history":[{"count":3,"href":"https:\/\/topprixsarl.ch\/en\/wp-json\/wp\/v2\/product\/31173\/revisions"}],"predecessor-version":[{"id":33248,"href":"https:\/\/topprixsarl.ch\/en\/wp-json\/wp\/v2\/product\/31173\/revisions\/33248"}],"wp:featuredmedia":[{"embeddable":true,"href":"https:\/\/topprixsarl.ch\/en\/wp-json\/wp\/v2\/media\/31172"}],"wp:attachment":[{"href":"https:\/\/topprixsarl.ch\/en\/wp-json\/wp\/v2\/media?parent=31173"}],"wp:term":[{"taxonomy":"product_brand","embeddable":true,"href":"https:\/\/topprixsarl.ch\/en\/wp-json\/wp\/v2\/product_brand?post=31173"},{"taxonomy":"product_cat","embeddable":true,"href":"https:\/\/topprixsarl.ch\/en\/wp-json\/wp\/v2\/product_cat?post=31173"},{"taxonomy":"product_tag","embeddable":true,"href":"https:\/\/topprixsarl.ch\/en\/wp-json\/wp\/v2\/product_tag?post=31173"}],"curies":[{"name":"wp","href":"https:\/\/api.w.org\/{rel}","templated":true}]}}