{"id":31163,"date":"2026-01-09T15:04:46","date_gmt":"2026-01-09T15:04:46","guid":{"rendered":"https:\/\/topprixsarl.ch\/product\/hp-117a-original-cyan-toner-cartridge\/"},"modified":"2026-01-14T14:19:15","modified_gmt":"2026-01-14T14:19:15","slug":"hp-117a-original-cyan-toner-cartridge","status":"publish","type":"product","link":"https:\/\/topprixsarl.ch\/en\/product\/hp-117a-original-cyan-toner-cartridge\/","title":{"rendered":"HP 117A Original Cyan Toner Cartridge"},"content":{"rendered":"<p>Restez expressif! Avec ce toner, vous obtiendrez des couleurs pr\u00e9cises. Vous avez les moyens d&rsquo;investir dans une technologie d&rsquo;impression innovante. Pourquoi ne pas utiliser les bons accessoires? <\/p>\n<p>Tirez le plus meilleur parti de votre imprimante avec L&rsquo;HP W2071A 117A TONER CYAN. Il en r\u00e9sulte des documents pr\u00e9cis avec des bords nets et de beaux d\u00e9grad\u00e9s de couleurs. <\/p>\n<p>+ Rendement impressionnant : avec cet achat, vous pourrez imprimer jusqu&rsquo;\u00e0 700 pages au format A4. <\/p>\n<p>+ Con\u00e7u de mani\u00e8re optimale pour \u00eatre utilis\u00e9 avec des imprimantes laser. <\/p>\n<p>+ Contient le cyan comme encre d&rsquo;impression. <\/p>\n<p>+ Produit d&rsquo;origine, \u00e0 l&rsquo;\u00e9tat neuf. <\/p>\n<p>+ Un paquet contient 1 article. <\/p>\n<p>Veillez au bon fonctionnement de l&rsquo;impression! <\/p>\n<p>> Garantie 2 ans*<\/p>","protected":false},"excerpt":{"rendered":"<p>Restez expressif! Avec ce toner, vous obtiendrez des couleurs pr\u00e9cises. Vous avez les moyens d&rsquo;investir dans une technologie d&rsquo;impression innovante. Pourquoi ne pas utiliser les bons accessoires? Tirez le plus meilleur parti de votre imprimante avec <\/p>","protected":false},"featured_media":31162,"comment_status":"open","ping_status":"closed","template":"","meta":[],"product_brand":[],"product_cat":[137],"product_tag":[],"class_list":{"0":"post-31163","1":"product","2":"type-product","3":"status-publish","4":"has-post-thumbnail","6":"product_cat-article-offic","8":"first","9":"instock","10":"shipping-taxable","11":"purchasable","12":"product-type-simple"},"_links":{"self":[{"href":"https:\/\/topprixsarl.ch\/en\/wp-json\/wp\/v2\/product\/31163","targetHints":{"allow":["GET"]}}],"collection":[{"href":"https:\/\/topprixsarl.ch\/en\/wp-json\/wp\/v2\/product"}],"about":[{"href":"https:\/\/topprixsarl.ch\/en\/wp-json\/wp\/v2\/types\/product"}],"replies":[{"embeddable":true,"href":"https:\/\/topprixsarl.ch\/en\/wp-json\/wp\/v2\/comments?post=31163"}],"version-history":[{"count":2,"href":"https:\/\/topprixsarl.ch\/en\/wp-json\/wp\/v2\/product\/31163\/revisions"}],"predecessor-version":[{"id":32938,"href":"https:\/\/topprixsarl.ch\/en\/wp-json\/wp\/v2\/product\/31163\/revisions\/32938"}],"wp:featuredmedia":[{"embeddable":true,"href":"https:\/\/topprixsarl.ch\/en\/wp-json\/wp\/v2\/media\/31162"}],"wp:attachment":[{"href":"https:\/\/topprixsarl.ch\/en\/wp-json\/wp\/v2\/media?parent=31163"}],"wp:term":[{"taxonomy":"product_brand","embeddable":true,"href":"https:\/\/topprixsarl.ch\/en\/wp-json\/wp\/v2\/product_brand?post=31163"},{"taxonomy":"product_cat","embeddable":true,"href":"https:\/\/topprixsarl.ch\/en\/wp-json\/wp\/v2\/product_cat?post=31163"},{"taxonomy":"product_tag","embeddable":true,"href":"https:\/\/topprixsarl.ch\/en\/wp-json\/wp\/v2\/product_tag?post=31163"}],"curies":[{"name":"wp","href":"https:\/\/api.w.org\/{rel}","templated":true}]}}