{"id":31161,"date":"2026-01-09T15:04:31","date_gmt":"2026-01-09T15:04:31","guid":{"rendered":"https:\/\/topprixsarl.ch\/product\/hp-117a-laser-cartride-toner-black\/"},"modified":"2026-01-14T14:19:15","modified_gmt":"2026-01-14T14:19:15","slug":"hp-117a-laser-cartride-toner-black","status":"publish","type":"product","link":"https:\/\/topprixsarl.ch\/en\/product\/hp-117a-laser-cartride-toner-black\/","title":{"rendered":"HP 117A LASER CARTRIDE TONER BLACK"},"content":{"rendered":"<p>Vous \u00eates \u00e0 la recherche d&rsquo;un compl\u00e9ment optimal \u00e0 votre imprimante haute de gamme? Ce toner est fait pour vous. <\/p>\n<p>Lorsqu&rsquo;on se trouve au travail, rien n&rsquo;est plus d\u00e9sagr\u00e9able que de se retrouver face \u00e0 un toner vide, et ce alors qu&rsquo;aucun toner de rechange ne se trouve \u00e0 port\u00e9e de main. Assurez-vous un bon flux de travail et \u00e9vitez les interruptions inutiles caus\u00e9es par les toners vides. <\/p>\n<p>+ **HP W2070A 117A TONER NOIR** : l&rsquo;accessoire qu&rsquo;il vous faut toujours avoir en stock, car son contenu de haute qualit\u00e9 garantit toujours des bords nets sans ombres ni voiles. <\/p>\n<p>+ **Nombre maximum de pages imprim\u00e9es** : 1 000 pages, ce produit impressionne par son excellent rapport qualit\u00e9-prix. <\/p>\n<p>+ **Adapt\u00e9 \u00e0 un environnement professionnel** : l&rsquo;imprimante laser est parfaitement adapt\u00e9e \u00e0 un environnement professionnel. <\/p>\n<p>+ **Couverture de couleur id\u00e9ale** : cet article offre une couverture de couleur id\u00e9ale pour le noir. <\/p>\n<p>Puisque l&rsquo;article est enti\u00e8rement neuf et vendu dans son emballage d&rsquo;origine, vous pouvez \u00eatre s\u00fbr d&rsquo;obtenir les meilleurs r\u00e9sultats. <\/p>\n<p>Dans un paquet se trouve 1 article. Ne vous laissez pas retarder inutilement lors de l&rsquo;impression! \u00c9vitez les temps d&rsquo;attente frustrants dus aux imprimantes vides! <\/p>\n<p>> **Garantie 2 ans**<\/p>","protected":false},"excerpt":{"rendered":"<p>Vous \u00eates \u00e0 la recherche d&rsquo;un compl\u00e9ment optimal \u00e0 votre imprimante haute de gamme? Ce toner est fait pour vous. Lorsqu&rsquo;on se trouve au travail, rien n&rsquo;est plus plus d\u00e9sagr\u00e9able que de se retrouver face \u00e0 un toner vide, et ce alors qu&rsquo;aucun toner de <\/p>","protected":false},"featured_media":31160,"comment_status":"open","ping_status":"closed","template":"","meta":[],"product_brand":[],"product_cat":[137],"product_tag":[],"class_list":{"0":"post-31161","1":"product","2":"type-product","3":"status-publish","4":"has-post-thumbnail","6":"product_cat-article-offic","8":"first","9":"instock","10":"shipping-taxable","11":"purchasable","12":"product-type-simple"},"_links":{"self":[{"href":"https:\/\/topprixsarl.ch\/en\/wp-json\/wp\/v2\/product\/31161","targetHints":{"allow":["GET"]}}],"collection":[{"href":"https:\/\/topprixsarl.ch\/en\/wp-json\/wp\/v2\/product"}],"about":[{"href":"https:\/\/topprixsarl.ch\/en\/wp-json\/wp\/v2\/types\/product"}],"replies":[{"embeddable":true,"href":"https:\/\/topprixsarl.ch\/en\/wp-json\/wp\/v2\/comments?post=31161"}],"version-history":[{"count":2,"href":"https:\/\/topprixsarl.ch\/en\/wp-json\/wp\/v2\/product\/31161\/revisions"}],"predecessor-version":[{"id":32937,"href":"https:\/\/topprixsarl.ch\/en\/wp-json\/wp\/v2\/product\/31161\/revisions\/32937"}],"wp:featuredmedia":[{"embeddable":true,"href":"https:\/\/topprixsarl.ch\/en\/wp-json\/wp\/v2\/media\/31160"}],"wp:attachment":[{"href":"https:\/\/topprixsarl.ch\/en\/wp-json\/wp\/v2\/media?parent=31161"}],"wp:term":[{"taxonomy":"product_brand","embeddable":true,"href":"https:\/\/topprixsarl.ch\/en\/wp-json\/wp\/v2\/product_brand?post=31161"},{"taxonomy":"product_cat","embeddable":true,"href":"https:\/\/topprixsarl.ch\/en\/wp-json\/wp\/v2\/product_cat?post=31161"},{"taxonomy":"product_tag","embeddable":true,"href":"https:\/\/topprixsarl.ch\/en\/wp-json\/wp\/v2\/product_tag?post=31161"}],"curies":[{"name":"wp","href":"https:\/\/api.w.org\/{rel}","templated":true}]}}