{"id":31149,"date":"2026-01-09T15:03:02","date_gmt":"2026-01-09T15:03:02","guid":{"rendered":"https:\/\/topprixsarl.ch\/product\/distributeur-soins-des-plaies-cederroth-51011006\/"},"modified":"2026-01-14T14:19:15","modified_gmt":"2026-01-14T14:19:15","slug":"distributeur-soins-des-plaies-cederroth-51011006","status":"publish","type":"product","link":"https:\/\/topprixsarl.ch\/en\/product-2\/distributeur-soins-des-plaies-cederroth-51011006\/","title":{"rendered":"Distributeur soins des plaies Cederroth 51011006"},"content":{"rendered":"<p>Distributeur pratique pour soigner des plaies mineures. Compl\u00e9ment intelligent \u00e0 d\u2019autres \u00e9quipements de Premiers Secours. <\/p>\n<p>+ Contient Soft Foam Bandage Blue, un pansement auto-adh\u00e9sif sans colle qui reste en place m\u00eame dans l\u2019eau.<\/p>\n<p>+ Le distributeur contient aussi des lingettes Lave-blessure ainsi qu\u2019un grand nombre de pansements de diff\u00e9rentes tailles.<\/p>\n<p>+ Dimensions: L 20 X L 31 X H 16 cm.<\/p>\n<p>+ 1 (x 40) lingettes Lave-blessure Salvequick.<\/p>\n<p>+ 1 pansement autoadh\u00e9sif bleu 4,5 m.<\/p>\n<p>+ 1 (x 40) pansements textiles Salvequick.<\/p>\n<p>+ 1 (x 45) pansements plastiques Salvequick.<\/p>\n<p>+ 1 (x 21) pansements textiles maxi Salvequick.<\/p>\n<p>+ 1 cl\u00e9.<\/p>","protected":false},"excerpt":{"rendered":"<p>Distributeur pratique pour soigner des plaies mineures. Compl\u00e9ment intelligent \u00e0 d\u2019autres \u00e9quipements de Premiers Secours. Contient Soft Foam Bandage Blue, un pansement auto-adh\u00e9sif sans colle qui reste en place m\u00eame dans l\u2019eau. Le distributeur conti<\/p>","protected":false},"featured_media":31148,"comment_status":"open","ping_status":"closed","template":"","meta":[],"product_brand":[],"product_cat":[142],"product_tag":[],"class_list":{"0":"post-31149","1":"product","2":"type-product","3":"status-publish","4":"has-post-thumbnail","6":"product_cat-entretien","8":"first","9":"instock","10":"shipping-taxable","11":"purchasable","12":"product-type-simple"},"_links":{"self":[{"href":"https:\/\/topprixsarl.ch\/en\/wp-json\/wp\/v2\/product\/31149","targetHints":{"allow":["GET"]}}],"collection":[{"href":"https:\/\/topprixsarl.ch\/en\/wp-json\/wp\/v2\/product"}],"about":[{"href":"https:\/\/topprixsarl.ch\/en\/wp-json\/wp\/v2\/types\/product"}],"replies":[{"embeddable":true,"href":"https:\/\/topprixsarl.ch\/en\/wp-json\/wp\/v2\/comments?post=31149"}],"version-history":[{"count":2,"href":"https:\/\/topprixsarl.ch\/en\/wp-json\/wp\/v2\/product\/31149\/revisions"}],"predecessor-version":[{"id":32931,"href":"https:\/\/topprixsarl.ch\/en\/wp-json\/wp\/v2\/product\/31149\/revisions\/32931"}],"wp:featuredmedia":[{"embeddable":true,"href":"https:\/\/topprixsarl.ch\/en\/wp-json\/wp\/v2\/media\/31148"}],"wp:attachment":[{"href":"https:\/\/topprixsarl.ch\/en\/wp-json\/wp\/v2\/media?parent=31149"}],"wp:term":[{"taxonomy":"product_brand","embeddable":true,"href":"https:\/\/topprixsarl.ch\/en\/wp-json\/wp\/v2\/product_brand?post=31149"},{"taxonomy":"product_cat","embeddable":true,"href":"https:\/\/topprixsarl.ch\/en\/wp-json\/wp\/v2\/product_cat?post=31149"},{"taxonomy":"product_tag","embeddable":true,"href":"https:\/\/topprixsarl.ch\/en\/wp-json\/wp\/v2\/product_tag?post=31149"}],"curies":[{"name":"wp","href":"https:\/\/api.w.org\/{rel}","templated":true}]}}