{"id":31137,"date":"2026-01-09T15:01:25","date_gmt":"2026-01-09T15:01:25","guid":{"rendered":"https:\/\/topprixsarl.ch\/product\/stylo-a-bille-stabilo-pointball-largeur-de-trait-05-mm-paquet-de-4-pieces\/"},"modified":"2026-01-14T14:19:16","modified_gmt":"2026-01-14T14:19:16","slug":"stylo-a-bille-stabilo-pointball-largeur-de-trait-05-mm-paquet-de-4-pieces","status":"publish","type":"product","link":"https:\/\/topprixsarl.ch\/en\/product-2\/stylo-a-bille-stabilo-pointball-largeur-de-trait-05-mm-paquet-de-4-pieces\/","title":{"rendered":"Stylo \u00e0 bille Stabilo Pointball, largeur de trait 0,5 mm, paquet de 4 pi\u00e8ces"},"content":{"rendered":"<p>Une \u00e9criture efficace et un choix \u00e9cologique<\/p>\n<p>Le stylo \u00e0 bille Stabilo Pointball a une mine de 0,5 mm, facilement rempla\u00e7able, pour une exp\u00e9rience d&rsquo;\u00e9criture agr\u00e9able. <\/p>\n<p>+ Mine de 0,5 mm, rempla\u00e7able pour une utilisation prolong\u00e9e<br \/>\n+ Fabriqu\u00e9 en plastique antid\u00e9rapant (PP) pour un confort optimal<br \/>\n+ Clip en plastique de couleur assortie pour un style harmonieux  <\/p>\n<p>Avec le stylo Stabilo Pointball, vous contribuez activement \u00e0 la protection de l&rsquo;environnement, car il est neutre en CO2 et toutes les \u00e9missions de CO2 g\u00e9n\u00e9r\u00e9es lors de sa fabrication ont \u00e9t\u00e9 enti\u00e8rement compens\u00e9es. <\/p>\n<p>+ Engagement pour un d\u00e9veloppement durable respectueux de l&rsquo;environnement<br \/>\n+ Id\u00e9al pour les entreprises soucieuses de leur impact \u00e9cologique  <\/p>\n<p>Profitez d&rsquo;une \u00e9criture efficace et d&rsquo;un d\u00e9veloppement durable respectueux de l&rsquo;environnement pour votre entreprise.<\/p>","protected":false},"excerpt":{"rendered":"<p>Une \u00e9criture efficace et un choix \u00e9cologique Le stylo \u00e0 bille Stabilo Pointball a une mine de 0,5 mm, facilement rempla\u00e7able, pour une exp\u00e9rience d&rsquo;\u00e9criture agr\u00e9able. Le stylo est fabriqu\u00e9 en plastique antid\u00e9rapant (PP) et dispose d&rsquo;un clip en plasti<\/p>","protected":false},"featured_media":31136,"comment_status":"open","ping_status":"closed","template":"","meta":[],"product_brand":[],"product_cat":[137],"product_tag":[],"class_list":{"0":"post-31137","1":"product","2":"type-product","3":"status-publish","4":"has-post-thumbnail","6":"product_cat-papier","8":"first","9":"instock","10":"shipping-taxable","11":"purchasable","12":"product-type-simple"},"_links":{"self":[{"href":"https:\/\/topprixsarl.ch\/en\/wp-json\/wp\/v2\/product\/31137","targetHints":{"allow":["GET"]}}],"collection":[{"href":"https:\/\/topprixsarl.ch\/en\/wp-json\/wp\/v2\/product"}],"about":[{"href":"https:\/\/topprixsarl.ch\/en\/wp-json\/wp\/v2\/types\/product"}],"replies":[{"embeddable":true,"href":"https:\/\/topprixsarl.ch\/en\/wp-json\/wp\/v2\/comments?post=31137"}],"version-history":[{"count":2,"href":"https:\/\/topprixsarl.ch\/en\/wp-json\/wp\/v2\/product\/31137\/revisions"}],"predecessor-version":[{"id":32924,"href":"https:\/\/topprixsarl.ch\/en\/wp-json\/wp\/v2\/product\/31137\/revisions\/32924"}],"wp:featuredmedia":[{"embeddable":true,"href":"https:\/\/topprixsarl.ch\/en\/wp-json\/wp\/v2\/media\/31136"}],"wp:attachment":[{"href":"https:\/\/topprixsarl.ch\/en\/wp-json\/wp\/v2\/media?parent=31137"}],"wp:term":[{"taxonomy":"product_brand","embeddable":true,"href":"https:\/\/topprixsarl.ch\/en\/wp-json\/wp\/v2\/product_brand?post=31137"},{"taxonomy":"product_cat","embeddable":true,"href":"https:\/\/topprixsarl.ch\/en\/wp-json\/wp\/v2\/product_cat?post=31137"},{"taxonomy":"product_tag","embeddable":true,"href":"https:\/\/topprixsarl.ch\/en\/wp-json\/wp\/v2\/product_tag?post=31137"}],"curies":[{"name":"wp","href":"https:\/\/api.w.org\/{rel}","templated":true}]}}