{"id":31135,"date":"2026-01-09T15:01:00","date_gmt":"2026-01-09T15:01:00","guid":{"rendered":"https:\/\/topprixsarl.ch\/product\/gants-jetables-semperguard-xpert-nitril-taille-m-paq-100-unites\/"},"modified":"2026-01-21T00:19:51","modified_gmt":"2026-01-21T00:19:51","slug":"gants-jetables-semperguard-xpert-nitril-taille-m-paq-100-unites","status":"publish","type":"product","link":"https:\/\/topprixsarl.ch\/en\/product-2\/gants-jetables-semperguard-xpert-nitril-taille-m-paq-100-unites\/","title":{"rendered":"Semperguard Xpert Nitril disposable gloves, size M, pack. 100 units"},"content":{"rendered":"<p>Saisissez l&rsquo;occasion : avec une telle protection, vous \u00eates en s\u00e9curit\u00e9 ! Travaillez sans anicroche. <\/p>\n<p>Les gants de protection jetables en nitrile de la marque Semperguard s&rsquo;enfilent et s&rsquo;enl\u00e8vent en quelques secondes. Ils prot\u00e8gent de mani\u00e8re optimale contre les germes ou les irritations nocives pour la peau tout en procurant un excellent confort. <\/p>\n<p>+ Enduction compl\u00e8te des gants pour une protection optimale. <\/p>\n<p>+ Limitation des risques chimiques de type B (K, T et P). <\/p>\n<p>Il va de soi qu&rsquo;ils prot\u00e8gent \u00e9galement contre les micro-organismes (bact\u00e9ries, champignons et virus). Gr\u00e2ce \u00e0 la finition sans silicone, vous profitez d&rsquo;un confort maximal ainsi que d&rsquo;excellentes sensations tactiles. <\/p>\n<p>D&rsquo;apr\u00e8s la classification en vigueur, ces gants appartiennent \u00e0 la cat\u00e9gorie III, synonymes de risques \u00e9lev\u00e9s pour la sant\u00e9. Ils ont \u00e9t\u00e9 cr\u00e9\u00e9s pour la manipulation alimentaire, la manipulation chimique, la manipulation m\u00e9dicale et la manipulation multiple. Par ailleurs, ils sont destin\u00e9s au contact alimentaire. <\/p>\n<p>Ils sont disponibles en taille M. Utilisez les gants de protection jetables en nitrile de la marque Semperguard pour effectuer des travaux d\u00e9licats. <\/p>\n<p>+ Polyvalence d&rsquo;utilisation dans de nombreux secteurs et domaines d&rsquo;applications diff\u00e9rents. <\/p>\n<p>Il en va de votre s\u00e9curit\u00e9 !<\/p>","protected":false},"excerpt":{"rendered":"<p>Saisissez l&rsquo;occasion: avec une telle protection, vous \u00eates en s\u00e9curit\u00e9! Travaillez sans anicroche. Les gants de protection jetables en nitrile de la marque Semperguard s&rsquo;enfilent et s&rsquo;enl\u00e8vent en quelques secondes. Ils prot\u00e8gent de mani\u00e8re optimale c<\/p>","protected":false},"featured_media":31134,"comment_status":"open","ping_status":"closed","template":"","meta":[],"product_brand":[],"product_cat":[140],"product_tag":[],"class_list":{"0":"post-31135","1":"product","2":"type-product","3":"status-publish","4":"has-post-thumbnail","6":"product_cat-gants","7":"pa_taille-l","8":"pa_taille-m","9":"pa_taille-s","10":"pa_taille-xl","12":"first","13":"instock","14":"shipping-taxable","15":"purchasable","16":"product-type-variable"},"_links":{"self":[{"href":"https:\/\/topprixsarl.ch\/en\/wp-json\/wp\/v2\/product\/31135","targetHints":{"allow":["GET"]}}],"collection":[{"href":"https:\/\/topprixsarl.ch\/en\/wp-json\/wp\/v2\/product"}],"about":[{"href":"https:\/\/topprixsarl.ch\/en\/wp-json\/wp\/v2\/types\/product"}],"replies":[{"embeddable":true,"href":"https:\/\/topprixsarl.ch\/en\/wp-json\/wp\/v2\/comments?post=31135"}],"version-history":[{"count":2,"href":"https:\/\/topprixsarl.ch\/en\/wp-json\/wp\/v2\/product\/31135\/revisions"}],"predecessor-version":[{"id":32922,"href":"https:\/\/topprixsarl.ch\/en\/wp-json\/wp\/v2\/product\/31135\/revisions\/32922"}],"wp:featuredmedia":[{"embeddable":true,"href":"https:\/\/topprixsarl.ch\/en\/wp-json\/wp\/v2\/media\/31134"}],"wp:attachment":[{"href":"https:\/\/topprixsarl.ch\/en\/wp-json\/wp\/v2\/media?parent=31135"}],"wp:term":[{"taxonomy":"product_brand","embeddable":true,"href":"https:\/\/topprixsarl.ch\/en\/wp-json\/wp\/v2\/product_brand?post=31135"},{"taxonomy":"product_cat","embeddable":true,"href":"https:\/\/topprixsarl.ch\/en\/wp-json\/wp\/v2\/product_cat?post=31135"},{"taxonomy":"product_tag","embeddable":true,"href":"https:\/\/topprixsarl.ch\/en\/wp-json\/wp\/v2\/product_tag?post=31135"}],"curies":[{"name":"wp","href":"https:\/\/api.w.org\/{rel}","templated":true}]}}