{"id":31129,"date":"2026-01-09T15:00:13","date_gmt":"2026-01-09T15:00:13","guid":{"rendered":"https:\/\/topprixsarl.ch\/product\/gants-jetables-semperguard-style-nitrile-t-l-lot-de-100-pieces\/"},"modified":"2026-01-21T00:19:26","modified_gmt":"2026-01-21T00:19:26","slug":"gants-jetables-semperguard-style-nitrile-t-l-lot-de-100-pieces","status":"publish","type":"product","link":"https:\/\/topprixsarl.ch\/en\/product-2\/gants-jetables-semperguard-style-nitrile-t-l-lot-de-100-pieces\/","title":{"rendered":"Disposable gloves Semperguard Style nitrile, size L, pack of 100 pieces"},"content":{"rendered":"<p>**Gant en nitrile**<\/p>\n<p>Gant en nitrile \u00e0 l&rsquo;excellente \u00e9lasticit\u00e9. Particuli\u00e8rement adapt\u00e9 aux utilisations visibles au public, par exemple la restauration, la beaut\u00e9 et l&rsquo;art corporel.<\/p>\n<p>+ Double \u00e9tiquetage : r\u00e9pond aux exigences m\u00e9dicales dans le domaine du tatouage et piercing.<\/p>\n<p>+ Respectueux de la peau : exempt de phthalates\/d&rsquo;assouplissants et de prot\u00e9ines de latex allerg\u00e8nes.<\/p>\n<p>+ Test\u00e9 et certifi\u00e9 selon 1935\/2004 \u2013 adapt\u00e9 au contact alimentaire.<\/p>\n<p>Couleur : noir.<\/p>\n<p>Emballage de 100 pi\u00e8ces. <\/p>\n<p>Price per package.<\/p>","protected":false},"excerpt":{"rendered":"<p>Gant en nitrile \u00e0 l&rsquo;excellente \u00e9lasticit\u00e9. Particuli\u00e8rement adapt\u00e9 aux utilisations visibles au public, par exemple la restauration, la beaut\u00e9 et l&rsquo;art corporel. Double \u00e9tiquetage: r\u00e9pond aux exigences m\u00e9dicales dans le domaine du tatouage et piercin<\/p>","protected":false},"featured_media":31128,"comment_status":"open","ping_status":"closed","template":"","meta":[],"product_brand":[],"product_cat":[140],"product_tag":[],"class_list":{"0":"post-31129","1":"product","2":"type-product","3":"status-publish","4":"has-post-thumbnail","6":"product_cat-gants","7":"pa_taille-l","8":"pa_taille-m","9":"pa_taille-s","10":"pa_taille-xl","12":"first","13":"instock","14":"shipping-taxable","15":"purchasable","16":"product-type-variable"},"_links":{"self":[{"href":"https:\/\/topprixsarl.ch\/en\/wp-json\/wp\/v2\/product\/31129","targetHints":{"allow":["GET"]}}],"collection":[{"href":"https:\/\/topprixsarl.ch\/en\/wp-json\/wp\/v2\/product"}],"about":[{"href":"https:\/\/topprixsarl.ch\/en\/wp-json\/wp\/v2\/types\/product"}],"replies":[{"embeddable":true,"href":"https:\/\/topprixsarl.ch\/en\/wp-json\/wp\/v2\/comments?post=31129"}],"version-history":[{"count":2,"href":"https:\/\/topprixsarl.ch\/en\/wp-json\/wp\/v2\/product\/31129\/revisions"}],"predecessor-version":[{"id":32919,"href":"https:\/\/topprixsarl.ch\/en\/wp-json\/wp\/v2\/product\/31129\/revisions\/32919"}],"wp:featuredmedia":[{"embeddable":true,"href":"https:\/\/topprixsarl.ch\/en\/wp-json\/wp\/v2\/media\/31128"}],"wp:attachment":[{"href":"https:\/\/topprixsarl.ch\/en\/wp-json\/wp\/v2\/media?parent=31129"}],"wp:term":[{"taxonomy":"product_brand","embeddable":true,"href":"https:\/\/topprixsarl.ch\/en\/wp-json\/wp\/v2\/product_brand?post=31129"},{"taxonomy":"product_cat","embeddable":true,"href":"https:\/\/topprixsarl.ch\/en\/wp-json\/wp\/v2\/product_cat?post=31129"},{"taxonomy":"product_tag","embeddable":true,"href":"https:\/\/topprixsarl.ch\/en\/wp-json\/wp\/v2\/product_tag?post=31129"}],"curies":[{"name":"wp","href":"https:\/\/api.w.org\/{rel}","templated":true}]}}