{"id":31123,"date":"2026-01-09T14:59:29","date_gmt":"2026-01-09T14:59:29","guid":{"rendered":"https:\/\/topprixsarl.ch\/product\/distributeur-de-savon-liquide-cleanline-gel-700-ml-blanc\/"},"modified":"2026-01-14T14:19:17","modified_gmt":"2026-01-14T14:19:17","slug":"distributeur-de-savon-liquide-cleanline-gel-700-ml-blanc","status":"publish","type":"product","link":"https:\/\/topprixsarl.ch\/en\/product\/distributeur-de-savon-liquide-cleanline-gel-700-ml-blanc\/","title":{"rendered":"Distributeur de savon liquide Cleanline Gel &#8211; 700 ml &#8211; blanc"},"content":{"rendered":"<p>**Distributeur de savon ou gel \u00e0 remplissage universel en ABS**<\/p>\n<p>+ Capacit\u00e9 : 700 ml<br \/>\n+ D\u00e9bit : 1 ml par pression<br \/>\n+ \u00c9quip\u00e9 d&rsquo;un r\u00e9servoir amovible pour faciliter le nettoyage<br \/>\n+ Indicateur de niveau<br \/>\n+ Fermeture \u00e0 cl\u00e9, visserie et cl\u00e9 fournies  <\/p>\n<p>*Notes de bas de page*<\/p>","protected":false},"excerpt":{"rendered":"<p>&#8211; Distributeur de savon ou gel \u00e0 remplissage universel en ABS.- Capacit\u00e9 : 700 ml.- D\u00e9bit : 1 ml par pression.- \u00c9quip\u00e9 d&rsquo;un r\u00e9servoir amovible pour faciliter le nettoyage.- Indicateur de niveau.- Fermeture \u00e0 cl\u00e9, visserie et cl\u00e9 fournies.<\/p>","protected":false},"featured_media":31122,"comment_status":"open","ping_status":"closed","template":"","meta":[],"product_brand":[],"product_cat":[143],"product_tag":[],"class_list":{"0":"post-31123","1":"product","2":"type-product","3":"status-publish","4":"has-post-thumbnail","6":"product_cat-nettoyage","8":"first","9":"instock","10":"shipping-taxable","11":"purchasable","12":"product-type-simple"},"_links":{"self":[{"href":"https:\/\/topprixsarl.ch\/en\/wp-json\/wp\/v2\/product\/31123","targetHints":{"allow":["GET"]}}],"collection":[{"href":"https:\/\/topprixsarl.ch\/en\/wp-json\/wp\/v2\/product"}],"about":[{"href":"https:\/\/topprixsarl.ch\/en\/wp-json\/wp\/v2\/types\/product"}],"replies":[{"embeddable":true,"href":"https:\/\/topprixsarl.ch\/en\/wp-json\/wp\/v2\/comments?post=31123"}],"version-history":[{"count":2,"href":"https:\/\/topprixsarl.ch\/en\/wp-json\/wp\/v2\/product\/31123\/revisions"}],"predecessor-version":[{"id":32916,"href":"https:\/\/topprixsarl.ch\/en\/wp-json\/wp\/v2\/product\/31123\/revisions\/32916"}],"wp:featuredmedia":[{"embeddable":true,"href":"https:\/\/topprixsarl.ch\/en\/wp-json\/wp\/v2\/media\/31122"}],"wp:attachment":[{"href":"https:\/\/topprixsarl.ch\/en\/wp-json\/wp\/v2\/media?parent=31123"}],"wp:term":[{"taxonomy":"product_brand","embeddable":true,"href":"https:\/\/topprixsarl.ch\/en\/wp-json\/wp\/v2\/product_brand?post=31123"},{"taxonomy":"product_cat","embeddable":true,"href":"https:\/\/topprixsarl.ch\/en\/wp-json\/wp\/v2\/product_cat?post=31123"},{"taxonomy":"product_tag","embeddable":true,"href":"https:\/\/topprixsarl.ch\/en\/wp-json\/wp\/v2\/product_tag?post=31123"}],"curies":[{"name":"wp","href":"https:\/\/api.w.org\/{rel}","templated":true}]}}