{"id":31121,"date":"2026-01-09T14:59:13","date_gmt":"2026-01-09T14:59:13","guid":{"rendered":"https:\/\/topprixsarl.ch\/product\/corbeille-taski-support-amovible-assorti-a-tous-les-flacons\/"},"modified":"2026-01-14T14:19:17","modified_gmt":"2026-01-14T14:19:17","slug":"corbeille-taski-support-amovible-assorti-a-tous-les-flacons","status":"publish","type":"product","link":"https:\/\/topprixsarl.ch\/en\/product\/corbeille-taski-support-amovible-assorti-a-tous-les-flacons\/","title":{"rendered":"Taski basket, removable holder, matches all bottles"},"content":{"rendered":"<p>Une approche pratique pour les t\u00e2ches de nettoyage<\/p>\n<p>Votre bureau a un design \u00e9l\u00e9gant dans lequel il fait bon travailler. Une somptueuse combinaison de couleurs, de formes et de mat\u00e9riaux permet de cr\u00e9er l&rsquo;espace de travail parfait. Les clients sont toujours aussi impressionn\u00e9s, ils appr\u00e9cient faire affaire avec une entreprise aussi cool et \u00e0 la mode. <\/p>\n<p>Mais, il ne faut pas oublier le r\u00f4le du concierge. Chaque fois qu&rsquo;il nettoie, il s\u2019applique et reste concentr\u00e9 en utilisant des produits nettoyants aux formules exactes. <\/p>\n<p>Avec le chariot de transport Taski, sa vie est devenue plus facile. <\/p>\n<p>+ Il ne perd pas de temps \u00e0 chercher le bon flacon parmi les 6 compartiments. <\/p>\n<p>+ Besoin de nettoyer la vitre? Prenez le lave-vitres. <\/p>\n<p>+ Vous devez vous attaquer aux sanitaires sales? Eau de Javel, \u00e0 votre service. <\/p>\n<p>Les deux compartiments suppl\u00e9mentaires pour les serviettes ou les gants facilitent encore plus le nettoyage. <\/p>\n<p>+ Vous pouvez nettoyer plusieurs pi\u00e8ces ou surfaces \u00e0 la fois avec diff\u00e9rents chiffons et \u00e9liminer toute contamination crois\u00e9e. <\/p>\n<p>+ La poign\u00e9e de transport assure une parfaite mobilit\u00e9 du chariot. <\/p>\n<p>Emportez tout ce dont vous avez besoin!<\/p>","protected":false},"excerpt":{"rendered":"<p>Une approche pratique pour les t\u00e2ches de nettoyage Votre bureau a un design \u00e9l\u00e9gant dans lequel il fait bon travailler. Une somptueuse combinaison de couleurs, de formes et de mat\u00e9riaux permet de cr\u00e9er l&rsquo;espace de travail parfait. Les clients sont to<\/p>","protected":false},"featured_media":31120,"comment_status":"open","ping_status":"closed","template":"","meta":[],"product_brand":[],"product_cat":[143],"product_tag":[],"class_list":{"0":"post-31121","1":"product","2":"type-product","3":"status-publish","4":"has-post-thumbnail","6":"product_cat-nettoyage","8":"first","9":"instock","10":"shipping-taxable","11":"purchasable","12":"product-type-simple"},"_links":{"self":[{"href":"https:\/\/topprixsarl.ch\/en\/wp-json\/wp\/v2\/product\/31121","targetHints":{"allow":["GET"]}}],"collection":[{"href":"https:\/\/topprixsarl.ch\/en\/wp-json\/wp\/v2\/product"}],"about":[{"href":"https:\/\/topprixsarl.ch\/en\/wp-json\/wp\/v2\/types\/product"}],"replies":[{"embeddable":true,"href":"https:\/\/topprixsarl.ch\/en\/wp-json\/wp\/v2\/comments?post=31121"}],"version-history":[{"count":2,"href":"https:\/\/topprixsarl.ch\/en\/wp-json\/wp\/v2\/product\/31121\/revisions"}],"predecessor-version":[{"id":32915,"href":"https:\/\/topprixsarl.ch\/en\/wp-json\/wp\/v2\/product\/31121\/revisions\/32915"}],"wp:featuredmedia":[{"embeddable":true,"href":"https:\/\/topprixsarl.ch\/en\/wp-json\/wp\/v2\/media\/31120"}],"wp:attachment":[{"href":"https:\/\/topprixsarl.ch\/en\/wp-json\/wp\/v2\/media?parent=31121"}],"wp:term":[{"taxonomy":"product_brand","embeddable":true,"href":"https:\/\/topprixsarl.ch\/en\/wp-json\/wp\/v2\/product_brand?post=31121"},{"taxonomy":"product_cat","embeddable":true,"href":"https:\/\/topprixsarl.ch\/en\/wp-json\/wp\/v2\/product_cat?post=31121"},{"taxonomy":"product_tag","embeddable":true,"href":"https:\/\/topprixsarl.ch\/en\/wp-json\/wp\/v2\/product_tag?post=31121"}],"curies":[{"name":"wp","href":"https:\/\/api.w.org\/{rel}","templated":true}]}}