{"id":31119,"date":"2026-01-09T14:58:59","date_gmt":"2026-01-09T14:58:59","guid":{"rendered":"https:\/\/topprixsarl.ch\/product\/vaporisateur-sure-cleaner-degreaser-0-75-litre-vide-pack-de-6-pieces\/"},"modified":"2026-01-14T14:19:17","modified_gmt":"2026-01-14T14:19:17","slug":"vaporisateur-sure-cleaner-degreaser-0-75-litre-vide-pack-de-6-pieces","status":"publish","type":"product","link":"https:\/\/topprixsarl.ch\/en\/product\/vaporisateur-sure-cleaner-degreaser-0-75-litre-vide-pack-de-6-pieces\/","title":{"rendered":"Vaporisateur SURE Cleaner &#038; Degreaser, 0.75 litre, vide, pack de 6 pi\u00e8ces"},"content":{"rendered":"<p>La plomberie comme un miroir<\/p>\n<p>La nouvelle \u00e9quipe d\u2019agents d\u2019entretien a redonn\u00e9 de l\u2019\u00e9clat au bureau. Ils ont effectu\u00e9 un travail incroyable de propret\u00e9, m\u00eame dans les endroits \u00e0 priori impossibles. Par exemple, la plomberie des toilettes brille comme si elle avait \u00e9t\u00e9 install\u00e9e hier. Sont-ils des sorciers? Quel est leur secret?<\/p>\n<p>C&rsquo;est simple: ils utilisent ce nettoyant pour sanitaires et d\u00e9tartrant de Diversey Sure. Le nettoyage le plus complexe se transforme en une t\u00e2che simple. <\/p>\n<p>+ Flacon ergonomique : le flacon peut s\u2019accrocher \u00e0 la ceinture gr\u00e2ce \u00e0 la forme ergonomique du vaporisateur. Cet assistant de nettoyage infaillible est toujours pr\u00eat \u00e0 l&rsquo;action, quel que soit l&rsquo;endroit.<\/p>\n<p>+ Application facile : en quelques clics sur le pulv\u00e9risateur, le liquide est r\u00e9parti sur la surface \u00e9liminant les salissures et les germes. <\/p>\n<p>+ Efficacit\u00e9 prouv\u00e9e : les t\u00e2ches les plus difficiles sont facilement accomplies gr\u00e2ce \u00e0 cette formule hautement efficace. Les traces d&rsquo;eau, de calcaire et de tartre disparaissent pour laisser place \u00e0 une surface propre et brillante.<\/p>\n<p>+ Respect de l&rsquo;environnement : ne craignez pas que ce produit p\u00e9n\u00e8tre dans l&rsquo;eau, tous les ingr\u00e9dients sont biod\u00e9gradables, sans aucun danger pour l&rsquo;environnement.<\/p>\n<p>Dites adieu au tartre pour toujours!<\/p>","protected":false},"excerpt":{"rendered":"<p>La plomberie comme un miroir La nouvelle \u00e9quipe d\u2019agents d\u2019entretien a redonn\u00e9 de l\u2019\u00e9clat au bureau. Ils ont effectu\u00e9 un travail incroyable de propret\u00e9, m\u00eame dans les endroits \u00e0 priori impossibles. Par exemple, la plomberie des toilettes brille comme<\/p>","protected":false},"featured_media":31118,"comment_status":"open","ping_status":"closed","template":"","meta":[],"product_brand":[],"product_cat":[143],"product_tag":[],"class_list":{"0":"post-31119","1":"product","2":"type-product","3":"status-publish","4":"has-post-thumbnail","6":"product_cat-nettoyage","8":"first","9":"instock","10":"shipping-taxable","11":"purchasable","12":"product-type-simple"},"_links":{"self":[{"href":"https:\/\/topprixsarl.ch\/en\/wp-json\/wp\/v2\/product\/31119","targetHints":{"allow":["GET"]}}],"collection":[{"href":"https:\/\/topprixsarl.ch\/en\/wp-json\/wp\/v2\/product"}],"about":[{"href":"https:\/\/topprixsarl.ch\/en\/wp-json\/wp\/v2\/types\/product"}],"replies":[{"embeddable":true,"href":"https:\/\/topprixsarl.ch\/en\/wp-json\/wp\/v2\/comments?post=31119"}],"version-history":[{"count":2,"href":"https:\/\/topprixsarl.ch\/en\/wp-json\/wp\/v2\/product\/31119\/revisions"}],"predecessor-version":[{"id":32914,"href":"https:\/\/topprixsarl.ch\/en\/wp-json\/wp\/v2\/product\/31119\/revisions\/32914"}],"wp:featuredmedia":[{"embeddable":true,"href":"https:\/\/topprixsarl.ch\/en\/wp-json\/wp\/v2\/media\/31118"}],"wp:attachment":[{"href":"https:\/\/topprixsarl.ch\/en\/wp-json\/wp\/v2\/media?parent=31119"}],"wp:term":[{"taxonomy":"product_brand","embeddable":true,"href":"https:\/\/topprixsarl.ch\/en\/wp-json\/wp\/v2\/product_brand?post=31119"},{"taxonomy":"product_cat","embeddable":true,"href":"https:\/\/topprixsarl.ch\/en\/wp-json\/wp\/v2\/product_cat?post=31119"},{"taxonomy":"product_tag","embeddable":true,"href":"https:\/\/topprixsarl.ch\/en\/wp-json\/wp\/v2\/product_tag?post=31119"}],"curies":[{"name":"wp","href":"https:\/\/api.w.org\/{rel}","templated":true}]}}