{"id":31115,"date":"2026-01-09T14:58:30","date_gmt":"2026-01-09T14:58:30","guid":{"rendered":"https:\/\/topprixsarl.ch\/product\/lavette-dinterieur-taski-jonmaster-ultravert-pack-de-5-pieces\/"},"modified":"2026-01-14T14:19:17","modified_gmt":"2026-01-14T14:19:17","slug":"lavette-dinterieur-taski-jonmaster-ultravert-pack-de-5-pieces","status":"publish","type":"product","link":"https:\/\/topprixsarl.ch\/en\/product\/lavette-dinterieur-taski-jonmaster-ultravert-pack-de-5-pieces\/","title":{"rendered":"Lavette d&rsquo;int\u00e9rieur Taski Jonmaster Ultra,vert, pack de 5\u00a0pi\u00e8ces"},"content":{"rendered":"<p>Adieu \u00e0 la poussi\u00e8re dans les endroits difficiles d&rsquo;acc\u00e8s <\/p>\n<p>Le nettoyage peut \u00eatre tr\u00e8s frustrant sans le r\u00e9sultat d\u00e9sir\u00e9. Comme aujourd&rsquo;hui, Jerry, le concierge, a regard\u00e9 tristement sous le canap\u00e9 pour d\u00e9couvrir de la poussi\u00e8re. Jerry n&rsquo;est pas paresseux, il n&rsquo;a juste pas l&rsquo;\u00e9quipement appropri\u00e9 pour la d\u00e9nicher. Il ne sera pas satisfait tant que le travail ne sera pas effectu\u00e9.<\/p>\n<p>Il a besoin d\u2019un manche Taski Narrow Handle (11.159.503) avec un balai \u00e0 franges Taski Jonmaster Ultra brillant. <\/p>\n<p>+ La microfibre de haute qualit\u00e9 permet un excellent nettoyage de la salet\u00e9 dans les endroits difficiles d&rsquo;acc\u00e8s. <\/p>\n<p>Vous pouvez enlever la salet\u00e9 et la poussi\u00e8re des \u00e9tag\u00e8res, des lampes, des cadres de fen\u00eatre et sous le canap\u00e9 en quelques mouvements rapides.<\/p>\n<p>+ Le tissu re\u00e7oit une charge statique pour que la poussi\u00e8re, les cheveux soient attir\u00e9s par la frange. <\/p>\n<p>+ Elle ne perd pas sa fonctionnalit\u00e9 m\u00eame apr\u00e8s 500 lavages, et avec 5 chiffons dans un paquet, vous pouvez atteindre ces endroits difficiles d&rsquo;acc\u00e8s pendant des mois. <\/p>\n<p>Ne laissez rien faire obstacle \u00e0 un bon nettoyage!<\/p>","protected":false},"excerpt":{"rendered":"<p>Adieu \u00e0 la poussi\u00e8re dans les endroits difficiles d&rsquo;acc\u00e8s Le nettoyage peut \u00eatre tr\u00e8s frustrant sans le r\u00e9sultat d\u00e9sir\u00e9. Comme aujourd&rsquo;hui, Jerry, le concierge, a regard\u00e9 tristement sous le canap\u00e9 pour d\u00e9couvrir de la poussi\u00e8re. Jerry n&rsquo;est pas pares<\/p>","protected":false},"featured_media":31114,"comment_status":"open","ping_status":"closed","template":"","meta":[],"product_brand":[],"product_cat":[143],"product_tag":[],"class_list":{"0":"post-31115","1":"product","2":"type-product","3":"status-publish","4":"has-post-thumbnail","6":"product_cat-nettoyage","8":"first","9":"instock","10":"shipping-taxable","11":"purchasable","12":"product-type-simple"},"_links":{"self":[{"href":"https:\/\/topprixsarl.ch\/en\/wp-json\/wp\/v2\/product\/31115","targetHints":{"allow":["GET"]}}],"collection":[{"href":"https:\/\/topprixsarl.ch\/en\/wp-json\/wp\/v2\/product"}],"about":[{"href":"https:\/\/topprixsarl.ch\/en\/wp-json\/wp\/v2\/types\/product"}],"replies":[{"embeddable":true,"href":"https:\/\/topprixsarl.ch\/en\/wp-json\/wp\/v2\/comments?post=31115"}],"version-history":[{"count":2,"href":"https:\/\/topprixsarl.ch\/en\/wp-json\/wp\/v2\/product\/31115\/revisions"}],"predecessor-version":[{"id":32912,"href":"https:\/\/topprixsarl.ch\/en\/wp-json\/wp\/v2\/product\/31115\/revisions\/32912"}],"wp:featuredmedia":[{"embeddable":true,"href":"https:\/\/topprixsarl.ch\/en\/wp-json\/wp\/v2\/media\/31114"}],"wp:attachment":[{"href":"https:\/\/topprixsarl.ch\/en\/wp-json\/wp\/v2\/media?parent=31115"}],"wp:term":[{"taxonomy":"product_brand","embeddable":true,"href":"https:\/\/topprixsarl.ch\/en\/wp-json\/wp\/v2\/product_brand?post=31115"},{"taxonomy":"product_cat","embeddable":true,"href":"https:\/\/topprixsarl.ch\/en\/wp-json\/wp\/v2\/product_cat?post=31115"},{"taxonomy":"product_tag","embeddable":true,"href":"https:\/\/topprixsarl.ch\/en\/wp-json\/wp\/v2\/product_tag?post=31115"}],"curies":[{"name":"wp","href":"https:\/\/api.w.org\/{rel}","templated":true}]}}