{"id":31113,"date":"2026-01-09T14:58:13","date_gmt":"2026-01-09T14:58:13","guid":{"rendered":"https:\/\/topprixsarl.ch\/product\/distributeur-compteur-essuie-mains-l-one-lucart-syst-sans-contact-emb-a-4-pce\/"},"modified":"2026-01-14T14:19:17","modified_gmt":"2026-01-14T14:19:17","slug":"distributeur-compteur-essuie-mains-l-one-lucart-syst-sans-contact-emb-a-4-pce","status":"publish","type":"product","link":"https:\/\/topprixsarl.ch\/en\/product-2\/distributeur-compteur-essuie-mains-l-one-lucart-syst-sans-contact-emb-a-4-pce\/","title":{"rendered":"Distributeur compteur essuie-mains L-One Lucart, syst.sans contact, emb. \u00e0 4 pce"},"content":{"rendered":"<p>Viser la propret\u00e9<\/p>\n<p>Nous aimons nos enfants, mais ce n&rsquo;est pas un secret qu&rsquo;ils peuvent \u00eatre maladroits. Ce n&rsquo;est pas leur faute, parfois l&rsquo;hyperactivit\u00e9 combin\u00e9e \u00e0 l&rsquo;exc\u00e8s d&rsquo;\u00e9nergie est la recette d&rsquo;un d\u00e9sastre. Aujourd&rsquo;hui, c&rsquo;est plus vrai que jamais. Un enfant est entr\u00e9 dans votre restaurant et a renvers\u00e9 un jus de fruit sur la table. C&rsquo;\u00e9tait amusant pour les spectateurs, sauf la personne qui doit le nettoyer, qui est bien s\u00fbr vous! <\/p>\n<p>Ce distributeur L-One Lucart est une solution \u00e0 vos probl\u00e8mes.<\/p>\n<p>+ Portabilit\u00e9 : Il n&rsquo;est pas viss\u00e9 \u00e0 un mur, mais il peut l&rsquo;\u00eatre et gr\u00e2ce \u00e0 ses dimensions compactes, il peut \u00eatre plac\u00e9 n&rsquo;importe o\u00f9. C&rsquo;est un choix parfait pour un caf\u00e9, un bureau, une salle de massage ou m\u00eame un garage. <\/p>\n<p>+ Large capacit\u00e9 : 225 serviettes peuvent \u00eatre rang\u00e9es \u00e0 l&rsquo;int\u00e9rieur pour durer longtemps si ce sont des serviettes Lucart de haute qualit\u00e9. <\/p>\n<p>+ Remplissage simple : Le remplissage est simple et ne prend que quelques secondes pour retirer le couvercle. <\/p>\n<p>+ Design \u00e9l\u00e9gant : Le design \u00e9l\u00e9gant parle de lui-m\u00eame. Il d\u00e9core un int\u00e9rieur le plus \u00e0 la mode et apporte une touche d&rsquo;\u00e9l\u00e9gance aux pi\u00e8ces ordinaires.<\/p>\n<p>Choisissez l&rsquo;\u00e9l\u00e9gance! <\/p>\n<p>> Garantie 2 ans<\/p>","protected":false},"excerpt":{"rendered":"<p>Viser la propret\u00e9 Nous aimons nos enfants, mais ce n&rsquo;est pas un secret qu&rsquo;ils peuvent \u00eatre maladroits. Ce n&rsquo;est pas leur faute, parfois l&rsquo;hyperactivit\u00e9 combin\u00e9e \u00e0 l&rsquo;exc\u00e8s d&rsquo;\u00e9nergie est la recette d&rsquo;un d\u00e9sastre. Aujourd&rsquo;hui, c&rsquo;est plus vrai que jamais<\/p>","protected":false},"featured_media":31112,"comment_status":"open","ping_status":"closed","template":"","meta":[],"product_brand":[],"product_cat":[137],"product_tag":[],"class_list":{"0":"post-31113","1":"product","2":"type-product","3":"status-publish","4":"has-post-thumbnail","6":"product_cat-papier","8":"first","9":"instock","10":"shipping-taxable","11":"purchasable","12":"product-type-simple"},"_links":{"self":[{"href":"https:\/\/topprixsarl.ch\/en\/wp-json\/wp\/v2\/product\/31113","targetHints":{"allow":["GET"]}}],"collection":[{"href":"https:\/\/topprixsarl.ch\/en\/wp-json\/wp\/v2\/product"}],"about":[{"href":"https:\/\/topprixsarl.ch\/en\/wp-json\/wp\/v2\/types\/product"}],"replies":[{"embeddable":true,"href":"https:\/\/topprixsarl.ch\/en\/wp-json\/wp\/v2\/comments?post=31113"}],"version-history":[{"count":2,"href":"https:\/\/topprixsarl.ch\/en\/wp-json\/wp\/v2\/product\/31113\/revisions"}],"predecessor-version":[{"id":32911,"href":"https:\/\/topprixsarl.ch\/en\/wp-json\/wp\/v2\/product\/31113\/revisions\/32911"}],"wp:featuredmedia":[{"embeddable":true,"href":"https:\/\/topprixsarl.ch\/en\/wp-json\/wp\/v2\/media\/31112"}],"wp:attachment":[{"href":"https:\/\/topprixsarl.ch\/en\/wp-json\/wp\/v2\/media?parent=31113"}],"wp:term":[{"taxonomy":"product_brand","embeddable":true,"href":"https:\/\/topprixsarl.ch\/en\/wp-json\/wp\/v2\/product_brand?post=31113"},{"taxonomy":"product_cat","embeddable":true,"href":"https:\/\/topprixsarl.ch\/en\/wp-json\/wp\/v2\/product_cat?post=31113"},{"taxonomy":"product_tag","embeddable":true,"href":"https:\/\/topprixsarl.ch\/en\/wp-json\/wp\/v2\/product_tag?post=31113"}],"curies":[{"name":"wp","href":"https:\/\/api.w.org\/{rel}","templated":true}]}}