{"id":31109,"date":"2026-01-09T14:57:41","date_gmt":"2026-01-09T14:57:41","guid":{"rendered":"https:\/\/topprixsarl.ch\/product\/buse-a-fentes-et-pinceau-aero-taski-pour-tous-les-modeles-taski-aero-32-mm\/"},"modified":"2026-01-14T14:19:17","modified_gmt":"2026-01-14T14:19:17","slug":"buse-a-fentes-et-pinceau-aero-taski-pour-tous-les-modeles-taski-aero-32-mm","status":"publish","type":"product","link":"https:\/\/topprixsarl.ch\/en\/product-2\/buse-a-fentes-et-pinceau-aero-taski-pour-tous-les-modeles-taski-aero-32-mm\/","title":{"rendered":"Taski Aero brush and slot nozzle, for all Taski Aero models, 32 mm"},"content":{"rendered":"<p>La propret\u00e9 se r\u00e9pand partout<\/p>\n<p>\u00cates-vous soucieux du moindre d\u00e9tail? Une tache d&rsquo;insecte sur le pare-brise ou le col relev\u00e9 de la chemise d&rsquo;un passant? Non, vous ne souffrez pas de trouble obsessionnel-compulsif, vous \u00eates simplement perfectionniste et c\u2019est formidable. <\/p>\n<p>C\u2019est aga\u00e7ant de savoir que la poussi\u00e8re s\u2019accumule derri\u00e8re le placard ou le canap\u00e9 du bureau depuis des lustres et que les embouts de l&rsquo;aspirateur n&rsquo;y ont pas acc\u00e8s. Ce n\u2019est pas que de la poussi\u00e8re, c&rsquo;est un nid \u00e0 bact\u00e9ries. <\/p>\n<p>Cette salet\u00e9 ne pourrait se cacher nulle part si vous aviez un embout \u00e0 fente et un embout \u00e0 brosse de Taski. <\/p>\n<p>+ Option v\u00e9ritablement universelle s&rsquo;adaptant \u00e0 tous les mod\u00e8les Taski Aero (11.158.646, 11.061.208 ou 11.158.679).<\/p>\n<p>Il suffit de les fixer rapidement au manche pour qu\u2019ils tiennent fermement sans se d\u00e9tacher. <\/p>\n<p>+ Embout \u00e0 fente permettant d&rsquo;entrer dans le trou le plus \u00e9troit et d\u2019enlever toute la poussi\u00e8re. <\/p>\n<p>Pour un travail plus pouss\u00e9 (avec des miettes ou de la salet\u00e9), l\u2019embout \u00e0 brosse compacte entre alors en jeu. <\/p>\n<p>Apr\u00e8s utilisation, chaque endroit sera parfaitement propre et le perfectionniste qui dort en vous sera combl\u00e9. <\/p>\n<p>+ Fini les endroits difficiles d&rsquo;acc\u00e8s!<\/p>","protected":false},"excerpt":{"rendered":"<p>La propret\u00e9 se r\u00e9pand partout \u00cates-vous soucieux du moindre d\u00e9tail? Une tache d&rsquo;insecte sur le pare-brise ou le col relev\u00e9 de la chemise d&rsquo;un passant? Non, vous ne souffrez pas de trouble obsessionnel-compulsif, vous \u00eates simplement perfectionniste e<\/p>","protected":false},"featured_media":31108,"comment_status":"open","ping_status":"closed","template":"","meta":[],"product_brand":[],"product_cat":[143],"product_tag":[],"class_list":{"0":"post-31109","1":"product","2":"type-product","3":"status-publish","4":"has-post-thumbnail","6":"product_cat-nettoyage","8":"first","9":"instock","10":"shipping-taxable","11":"purchasable","12":"product-type-simple"},"_links":{"self":[{"href":"https:\/\/topprixsarl.ch\/en\/wp-json\/wp\/v2\/product\/31109","targetHints":{"allow":["GET"]}}],"collection":[{"href":"https:\/\/topprixsarl.ch\/en\/wp-json\/wp\/v2\/product"}],"about":[{"href":"https:\/\/topprixsarl.ch\/en\/wp-json\/wp\/v2\/types\/product"}],"replies":[{"embeddable":true,"href":"https:\/\/topprixsarl.ch\/en\/wp-json\/wp\/v2\/comments?post=31109"}],"version-history":[{"count":2,"href":"https:\/\/topprixsarl.ch\/en\/wp-json\/wp\/v2\/product\/31109\/revisions"}],"predecessor-version":[{"id":32909,"href":"https:\/\/topprixsarl.ch\/en\/wp-json\/wp\/v2\/product\/31109\/revisions\/32909"}],"wp:featuredmedia":[{"embeddable":true,"href":"https:\/\/topprixsarl.ch\/en\/wp-json\/wp\/v2\/media\/31108"}],"wp:attachment":[{"href":"https:\/\/topprixsarl.ch\/en\/wp-json\/wp\/v2\/media?parent=31109"}],"wp:term":[{"taxonomy":"product_brand","embeddable":true,"href":"https:\/\/topprixsarl.ch\/en\/wp-json\/wp\/v2\/product_brand?post=31109"},{"taxonomy":"product_cat","embeddable":true,"href":"https:\/\/topprixsarl.ch\/en\/wp-json\/wp\/v2\/product_cat?post=31109"},{"taxonomy":"product_tag","embeddable":true,"href":"https:\/\/topprixsarl.ch\/en\/wp-json\/wp\/v2\/product_tag?post=31109"}],"curies":[{"name":"wp","href":"https:\/\/api.w.org\/{rel}","templated":true}]}}