{"id":31107,"date":"2026-01-09T14:57:27","date_gmt":"2026-01-09T14:57:27","guid":{"rendered":"https:\/\/topprixsarl.ch\/product\/lessive-liquide-diversey-omo-pro-formula-colour-pack-de-2x5-litres\/"},"modified":"2026-01-14T14:19:17","modified_gmt":"2026-01-14T14:19:17","slug":"lessive-liquide-diversey-omo-pro-formula-colour-pack-de-2x5-litres","status":"publish","type":"product","link":"https:\/\/topprixsarl.ch\/en\/product-2\/lessive-liquide-diversey-omo-pro-formula-colour-pack-de-2x5-litres\/","title":{"rendered":"Lessive liquide Diversey Omo Pro Formula Colour, pack de 2&#215;5 litres"},"content":{"rendered":"<p>Des clients satisfaits avec des v\u00eatements brillants de propret\u00e9. <\/p>\n<p>Certains croient qu&rsquo;une laverie est une entreprise risqu\u00e9e, qui n\u2019est pas rentable. C&rsquo;est en partie vrai, car deux de vos concurrents, qui \u00e9taient dans le m\u00eame quartier, ont ferm\u00e9. Mais c&rsquo;est une bonne nouvelle pour vous, car leurs clients sont devenus les v\u00f4tres gr\u00e2ce \u00e0 votre petit secret. <\/p>\n<p>Mais quel est le secret? C&rsquo;est Coral Pro Diversey. <\/p>\n<p>+ Il traite facilement les t\u00e2ches l\u00e9g\u00e8res et d\u00e9licates. <\/p>\n<p>Ce type de produit incarne toutes les propri\u00e9t\u00e9s que l&rsquo;on attend d&rsquo;un d\u00e9tergent. <\/p>\n<p>+ Il peut nettoyer n&rsquo;importe quoi: des taches de graisse, de nourriture ou d&rsquo;herbe pour n&rsquo;en citer que quelques-unes. <\/p>\n<p>\u00c0 noter qu&rsquo;il ne contient pas d&rsquo;eau de Javel ni de phosphate, les couleurs ne ternissent donc pas et les r\u00e9sultats sont nets et \u00e9clatants. <\/p>\n<p>+ La formule tr\u00e8s efficace, mais douce prend soin des fibres des v\u00eatements et les renforce. <\/p>\n<p>Il est extr\u00eamement polyvalent et convient \u00e0 la plupart des tissus synth\u00e9tiques (mais il est toujours pr\u00e9f\u00e9rable de v\u00e9rifier l&rsquo;\u00e9tiquette avant utilisation). <\/p>\n<p>+ 75-125 ml suffisent pour obtenir de parfaits r\u00e9sultats, m\u00eame \u00e0 l&rsquo;eau froide (30\u00b0). <\/p>\n<p>Vos clients seront donc heureux mois apr\u00e8s mois &#8211; le paquet contient 2 bidons de 5l. <\/p>\n<p>+ Donnez de l\u2019\u00e9clat \u00e0 vos couleurs! <\/p>\n<p>Produit dangereux. <\/p>\n<p>Respecter les pr\u00e9cautions d\u2019emploi indiqu\u00e9es sur la fiche de donn\u00e9es de s\u00e9curit\u00e9.*<\/p>","protected":false},"excerpt":{"rendered":"<p>Des clients satisfaits avec des v\u00eatements brillants de propret\u00e9 Certains croient qu&rsquo;une laverie est une entreprise risqu\u00e9e, qui n\u2019est pas rentable. C&rsquo;est en partie vrai, car deux de vos concurrents, qui \u00e9taient dans le m\u00eame quartier, ont ferm\u00e9. Mais <\/p>","protected":false},"featured_media":31106,"comment_status":"open","ping_status":"closed","template":"","meta":[],"product_brand":[],"product_cat":[144],"product_tag":[],"class_list":{"0":"post-31107","1":"product","2":"type-product","3":"status-publish","4":"has-post-thumbnail","6":"product_cat-lessive-textile","8":"first","9":"instock","10":"shipping-taxable","11":"purchasable","12":"product-type-simple"},"_links":{"self":[{"href":"https:\/\/topprixsarl.ch\/en\/wp-json\/wp\/v2\/product\/31107","targetHints":{"allow":["GET"]}}],"collection":[{"href":"https:\/\/topprixsarl.ch\/en\/wp-json\/wp\/v2\/product"}],"about":[{"href":"https:\/\/topprixsarl.ch\/en\/wp-json\/wp\/v2\/types\/product"}],"replies":[{"embeddable":true,"href":"https:\/\/topprixsarl.ch\/en\/wp-json\/wp\/v2\/comments?post=31107"}],"version-history":[{"count":2,"href":"https:\/\/topprixsarl.ch\/en\/wp-json\/wp\/v2\/product\/31107\/revisions"}],"predecessor-version":[{"id":32908,"href":"https:\/\/topprixsarl.ch\/en\/wp-json\/wp\/v2\/product\/31107\/revisions\/32908"}],"wp:featuredmedia":[{"embeddable":true,"href":"https:\/\/topprixsarl.ch\/en\/wp-json\/wp\/v2\/media\/31106"}],"wp:attachment":[{"href":"https:\/\/topprixsarl.ch\/en\/wp-json\/wp\/v2\/media?parent=31107"}],"wp:term":[{"taxonomy":"product_brand","embeddable":true,"href":"https:\/\/topprixsarl.ch\/en\/wp-json\/wp\/v2\/product_brand?post=31107"},{"taxonomy":"product_cat","embeddable":true,"href":"https:\/\/topprixsarl.ch\/en\/wp-json\/wp\/v2\/product_cat?post=31107"},{"taxonomy":"product_tag","embeddable":true,"href":"https:\/\/topprixsarl.ch\/en\/wp-json\/wp\/v2\/product_tag?post=31107"}],"curies":[{"name":"wp","href":"https:\/\/api.w.org\/{rel}","templated":true}]}}