{"id":31097,"date":"2026-01-09T14:56:12","date_gmt":"2026-01-09T14:56:12","guid":{"rendered":"https:\/\/topprixsarl.ch\/product\/corbeille-a-courrier-exacompta-a4-bleu-glace\/"},"modified":"2026-01-14T14:19:18","modified_gmt":"2026-01-14T14:19:18","slug":"corbeille-a-courrier-exacompta-a4-bleu-glace","status":"publish","type":"product","link":"https:\/\/topprixsarl.ch\/en\/product\/corbeille-a-courrier-exacompta-a4-bleu-glace\/","title":{"rendered":"Corbeille \u00e0 courrier Exacompta, A4, bleu glac\u00e9"},"content":{"rendered":"<p>Un vrai r\u00e9gal pour tous les tigres de papier. Les lettres n&rsquo;arrivent malheureusement pas toujours jusqu&rsquo;\u00e0 leur destinataire, il arrive aussi qu&rsquo;elles se perdent. Gr\u00e2ce aux corbeilles \u00e0 courrier de la marque Exacompta, vous pouvez trier vos lettres et documents et les avoir imm\u00e9diatement \u00e0 port\u00e9e de main lorsque vous en avez besoin. <\/p>\n<p>+ Elles permettent une approche syst\u00e9matique qui vous fait entre autres gagner beaucoup de temps. <\/p>\n<p>Gr\u00e2ce \u00e0 son mat\u00e9riau en plastique, ce produit est facile \u00e0 entretenir et robuste. Par ailleurs, il a un bon rapport qualit\u00e9-prix. <\/p>\n<p>+ La couleur Ice Blue assure que votre nouvel accessoire est non seulement chic mais aussi bien visible. <\/p>\n<p>Pour une bonne utilisation de l&rsquo;espace, les corbeilles \u00e0 courrier individuelles peuvent \u00e9galement \u00eatre empil\u00e9es facilement. <\/p>\n<p>+ Un autre atout est la capacit\u00e9 de 350 feuilles de chaque corbeille, ce qui en fait un accessoire de bureau parfait pour votre syst\u00e8me de classement. <\/p>\n<p>Avec les corbeilles \u00e0 courrier de la marque Exacompta, vous faites en sorte que les lettres et les documents primordiaux restent l\u00e0 o\u00f9 ils doivent \u00eatre : sur votre bureau. <\/p>\n<p>Commandez d\u00e8s maintenant ces champions du rangement pour votre lieu de travail! <\/p>\n<p>> Garantie 25 ans*<\/p>","protected":false},"excerpt":{"rendered":"<p>Un vrai r\u00e9gal pour tous les tigres de papier Les lettres n&rsquo;arrivent malheureusement pas toujours jusqu&rsquo;\u00e0 leur destinataire, il arrive aussi qu&rsquo;elles se perdent. Gr\u00e2ce aux corbeilles \u00e0 courrier de la marque Exacompta, vous pouvez trier vos lettres et <\/p>","protected":false},"featured_media":31096,"comment_status":"open","ping_status":"closed","template":"","meta":[],"product_brand":[],"product_cat":[137],"product_tag":[],"class_list":{"0":"post-31097","1":"product","2":"type-product","3":"status-publish","4":"has-post-thumbnail","6":"product_cat-article-offic","8":"first","9":"instock","10":"shipping-taxable","11":"purchasable","12":"product-type-simple"},"_links":{"self":[{"href":"https:\/\/topprixsarl.ch\/en\/wp-json\/wp\/v2\/product\/31097","targetHints":{"allow":["GET"]}}],"collection":[{"href":"https:\/\/topprixsarl.ch\/en\/wp-json\/wp\/v2\/product"}],"about":[{"href":"https:\/\/topprixsarl.ch\/en\/wp-json\/wp\/v2\/types\/product"}],"replies":[{"embeddable":true,"href":"https:\/\/topprixsarl.ch\/en\/wp-json\/wp\/v2\/comments?post=31097"}],"version-history":[{"count":2,"href":"https:\/\/topprixsarl.ch\/en\/wp-json\/wp\/v2\/product\/31097\/revisions"}],"predecessor-version":[{"id":32903,"href":"https:\/\/topprixsarl.ch\/en\/wp-json\/wp\/v2\/product\/31097\/revisions\/32903"}],"wp:featuredmedia":[{"embeddable":true,"href":"https:\/\/topprixsarl.ch\/en\/wp-json\/wp\/v2\/media\/31096"}],"wp:attachment":[{"href":"https:\/\/topprixsarl.ch\/en\/wp-json\/wp\/v2\/media?parent=31097"}],"wp:term":[{"taxonomy":"product_brand","embeddable":true,"href":"https:\/\/topprixsarl.ch\/en\/wp-json\/wp\/v2\/product_brand?post=31097"},{"taxonomy":"product_cat","embeddable":true,"href":"https:\/\/topprixsarl.ch\/en\/wp-json\/wp\/v2\/product_cat?post=31097"},{"taxonomy":"product_tag","embeddable":true,"href":"https:\/\/topprixsarl.ch\/en\/wp-json\/wp\/v2\/product_tag?post=31097"}],"curies":[{"name":"wp","href":"https:\/\/api.w.org\/{rel}","templated":true}]}}