{"id":31093,"date":"2026-01-09T14:55:42","date_gmt":"2026-01-09T14:55:42","guid":{"rendered":"https:\/\/topprixsarl.ch\/product\/lavette-microfibre-pro-40-x-40-cm-coloris-assortis-lot-de-6\/"},"modified":"2026-01-14T14:19:18","modified_gmt":"2026-01-14T14:19:18","slug":"lavette-microfibre-pro-40-x-40-cm-coloris-assortis-lot-de-6","status":"publish","type":"product","link":"https:\/\/topprixsarl.ch\/en\/product\/lavette-microfibre-pro-40-x-40-cm-coloris-assortis-lot-de-6\/","title":{"rendered":"Lavette microfibre Pro- 40 x 40 cm- coloris assortis- lot de 6"},"content":{"rendered":"<p>Des d\u00e9versements \u00e0 la poussi\u00e8re : les chiffons en microfibres s&rsquo;attaquent \u00e0 tout.<\/p>\n<p>Les chiffons en microfibres sont con\u00e7us pour les lieux de travail qui exigent \u00e0 la fois propret\u00e9 et rapidit\u00e9. Ces chiffons se distinguent par leur capacit\u00e9 \u00e0 absorber et \u00e0 \u00e9liminer rapidement les liquides renvers\u00e9s, les empreintes digitales et les taches sur une grande vari\u00e9t\u00e9 de surfaces, sans laisser de traces.<\/p>\n<p>+ Efficaces sur les surfaces s\u00e8ches et humides, ils constituent l&rsquo;outil de nettoyage polyvalent par excellence, quel que soit l&rsquo;environnement.<\/p>\n<p>+ Avec leur couleur bleue distinctive, ils sont parfaits pour s&rsquo;int\u00e9grer dans un programme de nettoyage \u00e0 code couleur, garantissant que chaque t\u00e2che est g\u00e9r\u00e9e de mani\u00e8re hygi\u00e9nique.<\/p>\n<p>Ils mesurent chacun 40 cm de long et 40 cm de large. Chaque paquet contient 5 chiffons.<\/p>\n<p>+ Id\u00e9ales pour les bureaux, les ateliers et les espaces de vente, elles constituent une solution polyvalente et durable pour maintenir un environnement propre et hygi\u00e9nique.<\/p>\n<p>Disponibles d\u00e8s maintenant pour vos besoins de nettoyage.<\/p>","protected":false},"excerpt":{"rendered":"<p>Des d\u00e9versements \u00e0 la poussi\u00e8re : les chiffons en microfibres s&rsquo;attaquent \u00e0 tout.Les chiffons en microfibres sont con\u00e7us pour les lieux de travail qui exigent \u00e0 la fois propret\u00e9 et rapidit\u00e9. Ces chiffons se distinguent par leur capacit\u00e9 \u00e0 abso<\/p>","protected":false},"featured_media":31092,"comment_status":"open","ping_status":"closed","template":"","meta":[],"product_brand":[],"product_cat":[143],"product_tag":[],"class_list":{"0":"post-31093","1":"product","2":"type-product","3":"status-publish","4":"has-post-thumbnail","6":"product_cat-nettoyage","8":"first","9":"instock","10":"shipping-taxable","11":"purchasable","12":"product-type-simple"},"_links":{"self":[{"href":"https:\/\/topprixsarl.ch\/en\/wp-json\/wp\/v2\/product\/31093","targetHints":{"allow":["GET"]}}],"collection":[{"href":"https:\/\/topprixsarl.ch\/en\/wp-json\/wp\/v2\/product"}],"about":[{"href":"https:\/\/topprixsarl.ch\/en\/wp-json\/wp\/v2\/types\/product"}],"replies":[{"embeddable":true,"href":"https:\/\/topprixsarl.ch\/en\/wp-json\/wp\/v2\/comments?post=31093"}],"version-history":[{"count":3,"href":"https:\/\/topprixsarl.ch\/en\/wp-json\/wp\/v2\/product\/31093\/revisions"}],"predecessor-version":[{"id":33250,"href":"https:\/\/topprixsarl.ch\/en\/wp-json\/wp\/v2\/product\/31093\/revisions\/33250"}],"wp:featuredmedia":[{"embeddable":true,"href":"https:\/\/topprixsarl.ch\/en\/wp-json\/wp\/v2\/media\/31092"}],"wp:attachment":[{"href":"https:\/\/topprixsarl.ch\/en\/wp-json\/wp\/v2\/media?parent=31093"}],"wp:term":[{"taxonomy":"product_brand","embeddable":true,"href":"https:\/\/topprixsarl.ch\/en\/wp-json\/wp\/v2\/product_brand?post=31093"},{"taxonomy":"product_cat","embeddable":true,"href":"https:\/\/topprixsarl.ch\/en\/wp-json\/wp\/v2\/product_cat?post=31093"},{"taxonomy":"product_tag","embeddable":true,"href":"https:\/\/topprixsarl.ch\/en\/wp-json\/wp\/v2\/product_tag?post=31093"}],"curies":[{"name":"wp","href":"https:\/\/api.w.org\/{rel}","templated":true}]}}