{"id":31091,"date":"2026-01-09T14:55:28","date_gmt":"2026-01-09T14:55:28","guid":{"rendered":"https:\/\/topprixsarl.ch\/product\/cartouche-de-toner-brother-tn-243cmyk-noire-3-couleurs\/"},"modified":"2026-01-14T14:19:18","modified_gmt":"2026-01-14T14:19:18","slug":"cartouche-de-toner-brother-tn-243cmyk-noire-3-couleurs","status":"publish","type":"product","link":"https:\/\/topprixsarl.ch\/en\/product\/cartouche-de-toner-brother-tn-243cmyk-noire-3-couleurs\/","title":{"rendered":"Brother TN-243CMYK- black + 3 color toner cartridge"},"content":{"rendered":"<p>R\u00e9pondez \u00e0 vos besoins en impression avec Brother. <\/p>\n<p>Les cartouches de toner sont un \u00e9l\u00e9ment essentiel dans le monde professionnel. Avec Brother, vous b\u00e9n\u00e9ficiez d&rsquo;une qualit\u00e9 et d&rsquo;une pr\u00e9cision optimales pour r\u00e9pondre \u00e0 tous vos besoins quotidiens. <\/p>\n<p>Les cartouches Brother de couleur noir, cyan, magenta et jaune sont un choix id\u00e9al pour toutes vos impressions couleur. En choisissant ce produit de marque authentique et neuf, vous optez pour la qualit\u00e9 et la fiabilit\u00e9. <\/p>\n<p>+ Code fabricant : TN-243CMYK<br \/> + Nombre d&rsquo;unit\u00e9s emball\u00e9es : 4<br \/> + Couleurs : noir, cyan, magenta et jaune<br \/> + Contenance : 1049 g <\/p>\n<p>Notre service de r\u00e9approvisionnement automatique de vos consommables vous permettra de mieux g\u00e9rer votre budget et de vous assurer une plus grande tranquillit\u00e9 d&rsquo;esprit. <\/p>\n<p>Pensez \u00e0 d\u00e9poser vos cartouches usag\u00e9es dans le container pour qu&rsquo;elles puissent \u00eatre revaloris\u00e9es (r\u00e9f\u00e9rence : 2.157.879). <\/p>\n<p>Ajoutez ce produit \u00e0 votre panier, et commandez d\u00e8s maintenant ! <\/p>\n<p>+ Garantie 2 ans<\/p>","protected":false},"excerpt":{"rendered":"<p>R\u00e9pondez \u00e0 vos besoins en impression avec Brother Les cartouches de toner, sont un \u00e9l\u00e9ment essentiel dans le monde professionnel. Avec Brother, vous b\u00e9n\u00e9ficiez d&rsquo;une qualit\u00e9 et d&rsquo;une pr\u00e9cision optimales pour r\u00e9pondre \u00e0 tous vos besoins quotidiens. Le<\/p>","protected":false},"featured_media":31090,"comment_status":"open","ping_status":"closed","template":"","meta":[],"product_brand":[],"product_cat":[137],"product_tag":[],"class_list":{"0":"post-31091","1":"product","2":"type-product","3":"status-publish","4":"has-post-thumbnail","6":"product_cat-article-offic","8":"first","9":"instock","10":"shipping-taxable","11":"purchasable","12":"product-type-simple"},"_links":{"self":[{"href":"https:\/\/topprixsarl.ch\/en\/wp-json\/wp\/v2\/product\/31091","targetHints":{"allow":["GET"]}}],"collection":[{"href":"https:\/\/topprixsarl.ch\/en\/wp-json\/wp\/v2\/product"}],"about":[{"href":"https:\/\/topprixsarl.ch\/en\/wp-json\/wp\/v2\/types\/product"}],"replies":[{"embeddable":true,"href":"https:\/\/topprixsarl.ch\/en\/wp-json\/wp\/v2\/comments?post=31091"}],"version-history":[{"count":3,"href":"https:\/\/topprixsarl.ch\/en\/wp-json\/wp\/v2\/product\/31091\/revisions"}],"predecessor-version":[{"id":33251,"href":"https:\/\/topprixsarl.ch\/en\/wp-json\/wp\/v2\/product\/31091\/revisions\/33251"}],"wp:featuredmedia":[{"embeddable":true,"href":"https:\/\/topprixsarl.ch\/en\/wp-json\/wp\/v2\/media\/31090"}],"wp:attachment":[{"href":"https:\/\/topprixsarl.ch\/en\/wp-json\/wp\/v2\/media?parent=31091"}],"wp:term":[{"taxonomy":"product_brand","embeddable":true,"href":"https:\/\/topprixsarl.ch\/en\/wp-json\/wp\/v2\/product_brand?post=31091"},{"taxonomy":"product_cat","embeddable":true,"href":"https:\/\/topprixsarl.ch\/en\/wp-json\/wp\/v2\/product_cat?post=31091"},{"taxonomy":"product_tag","embeddable":true,"href":"https:\/\/topprixsarl.ch\/en\/wp-json\/wp\/v2\/product_tag?post=31091"}],"curies":[{"name":"wp","href":"https:\/\/api.w.org\/{rel}","templated":true}]}}