{"id":31083,"date":"2026-01-09T14:54:04","date_gmt":"2026-01-09T14:54:04","guid":{"rendered":"https:\/\/topprixsarl.ch\/product\/nettoyant-degraissant-pro-spray-de-750-ml\/"},"modified":"2026-01-14T14:19:18","modified_gmt":"2026-01-14T14:19:18","slug":"nettoyant-degraissant-pro-spray-de-750-ml","status":"publish","type":"product","link":"https:\/\/topprixsarl.ch\/en\/product\/nettoyant-degraissant-pro-spray-de-750-ml\/","title":{"rendered":"Nettoyant d\u00e9graissant Pro- spray de 750 ml"},"content":{"rendered":"<p>Tout-en-un, pratique et \u00e9cologique<\/p>\n<p>Votre restaurant dispose d&rsquo;un excellent syst\u00e8me de ventilation et d&rsquo;un nouvel \u00e9quipement de cuisine. Mais quand m\u00eame, il y a des traces de graisse sur les carrelages, et le soir, la table semble vraiment sale. Procurez-vous une petite quantit\u00e9 de nettoyant de cuisine Professional et redonnez de l&rsquo;\u00e9clat \u00e0 votre espace de travail !<\/p>\n<p>+ Pr\u00eat \u00e0 l&#8217;emploi : Ce d\u00e9tergent n&rsquo;a pas besoin d&rsquo;\u00eatre dilu\u00e9 avec de l&rsquo;eau.<\/p>\n<p>+ Polyvalent : Il peut \u00eatre utilis\u00e9 sur toutes les surfaces : tables, carreaux, br\u00fbleurs, etc.<\/p>\n<p>+ Facilit\u00e9 d&rsquo;utilisation : Gr\u00e2ce \u00e0 la t\u00eate de pulv\u00e9risation sp\u00e9ciale, le processus de nettoyage est simple. En quelques clics, le d\u00e9tergent a d\u00e9j\u00e0 couvert une grande surface.<\/p>\n<p>+ Efficacit\u00e9 : Il agit rapidement, en \u00e9liminant la graisse, la salet\u00e9 et l&rsquo;huile.<\/p>\n<p>+ R\u00e9sultat impeccable : Vous n&rsquo;avez pas besoin de rincer la surface apr\u00e8s le nettoyage, le r\u00e9sultat parfait sans traces ni taches est obtenu d\u00e8s la premi\u00e8re fois.<\/p>\n<p>+ \u00c9cologique : Enfin et surtout, le nettoyant est class\u00e9 comme \u00e9cologique. Faites un choix pratique et \u00e9cologique pour votre cuisine !<\/p>\n<p>12 bouteilles\/carton<br \/> 60 cartons\/palette (=720 bouteilles\/palette) <\/p>\n<p>Produit dangereux. Respecter les pr\u00e9cautions d\u2019emploi indiqu\u00e9es sur la fiche de donn\u00e9es de s\u00e9curit\u00e9.*<\/p>","protected":false},"excerpt":{"rendered":"<p>Tout-en-un, pratique et \u00e9cologique Votre restaurant dispose d&rsquo;un excellent syst\u00e8me de ventilation et d&rsquo;un nouvel \u00e9quipement de cuisine. Mais quand m\u00eame, il y a des traces de graisse sur les carrelages, et le soir, la table semble vraiment sale. Procu<\/p>","protected":false},"featured_media":31082,"comment_status":"open","ping_status":"closed","template":"","meta":[],"product_brand":[],"product_cat":[143],"product_tag":[],"class_list":{"0":"post-31083","1":"product","2":"type-product","3":"status-publish","4":"has-post-thumbnail","6":"product_cat-nettoyage","8":"first","9":"instock","10":"shipping-taxable","11":"purchasable","12":"product-type-simple"},"_links":{"self":[{"href":"https:\/\/topprixsarl.ch\/en\/wp-json\/wp\/v2\/product\/31083","targetHints":{"allow":["GET"]}}],"collection":[{"href":"https:\/\/topprixsarl.ch\/en\/wp-json\/wp\/v2\/product"}],"about":[{"href":"https:\/\/topprixsarl.ch\/en\/wp-json\/wp\/v2\/types\/product"}],"replies":[{"embeddable":true,"href":"https:\/\/topprixsarl.ch\/en\/wp-json\/wp\/v2\/comments?post=31083"}],"version-history":[{"count":3,"href":"https:\/\/topprixsarl.ch\/en\/wp-json\/wp\/v2\/product\/31083\/revisions"}],"predecessor-version":[{"id":33255,"href":"https:\/\/topprixsarl.ch\/en\/wp-json\/wp\/v2\/product\/31083\/revisions\/33255"}],"wp:featuredmedia":[{"embeddable":true,"href":"https:\/\/topprixsarl.ch\/en\/wp-json\/wp\/v2\/media\/31082"}],"wp:attachment":[{"href":"https:\/\/topprixsarl.ch\/en\/wp-json\/wp\/v2\/media?parent=31083"}],"wp:term":[{"taxonomy":"product_brand","embeddable":true,"href":"https:\/\/topprixsarl.ch\/en\/wp-json\/wp\/v2\/product_brand?post=31083"},{"taxonomy":"product_cat","embeddable":true,"href":"https:\/\/topprixsarl.ch\/en\/wp-json\/wp\/v2\/product_cat?post=31083"},{"taxonomy":"product_tag","embeddable":true,"href":"https:\/\/topprixsarl.ch\/en\/wp-json\/wp\/v2\/product_tag?post=31083"}],"curies":[{"name":"wp","href":"https:\/\/api.w.org\/{rel}","templated":true}]}}