{"id":31079,"date":"2026-01-09T14:53:32","date_gmt":"2026-01-09T14:53:32","guid":{"rendered":"https:\/\/topprixsarl.ch\/product\/pompe-doseuse-pour-bidon-5-l-pro-30-ml\/"},"modified":"2026-01-14T14:19:18","modified_gmt":"2026-01-14T14:19:18","slug":"pompe-doseuse-pour-bidon-5-l-pro-30-ml","status":"publish","type":"product","link":"https:\/\/topprixsarl.ch\/en\/product\/pompe-doseuse-pour-bidon-5-l-pro-30-ml\/","title":{"rendered":"Pompe doseuse pour bidon 5 L Pro- 30 ml"},"content":{"rendered":"<p>De petites choses qui font gagner beaucoup de temps. <\/p>\n<p>Il est de notori\u00e9t\u00e9 publique qu\u2019un travail bien fait apporte un grand sentiment de satisfaction et d&rsquo;accomplissement. Vous avez le sentiment d&rsquo;avoir fait un travail important, pr\u00e9cieux pour toute l&rsquo;\u00e9quipe, m\u00eame s\u2019il ne s\u2019agit que de laver. Inversement, il est vraiment frustrant de devoir consacrer plus de temps \u00e0 la pr\u00e9paration du nettoyage et de manquer de temps. <\/p>\n<p>La pompe de dosage Professional permet d&rsquo;acc\u00e9l\u00e9rer le processus. <\/p>\n<p>+ Elle convient \u00e0 de nombreux produits : 11.060.887 &#038; 11.060.901 ou 11.060.923, c&rsquo;est donc un choix vraiment polyvalent. <\/p>\n<p>Les d\u00e9tergents sont fournis sous forme concentr\u00e9e et doivent \u00eatre dilu\u00e9s dans l&rsquo;eau. Il \u00e9tait auparavant difficile de mesurer les bonnes doses, mais c&rsquo;est d\u00e9sormais simple, il suffit de quelques mouvements pour qu\u2019il soit pr\u00eat. <\/p>\n<p>La pompe est livr\u00e9e avec plusieurs capuchons d&rsquo;\u00e9tanch\u00e9it\u00e9. <\/p>\n<p>+ Si vous travaillez avec des gants \u00e9pais, choisissez un capuchon avec de grandes encoches, mais si vous portez des gants fins, optez pour de petites encoches. <\/p>\n<p>Cr\u00e9ez la parfaite solution de nettoyage, sans gaspillage!<\/p>","protected":false},"excerpt":{"rendered":"<p>De petites choses qui font gagner beaucoup de temps Il est de notori\u00e9t\u00e9 publique qu\u2019un travail bien fait apporte un grand sentiment de satisfaction et d&rsquo;accomplissement. Vous avez le sentiment d&rsquo;avoir fait un travail important, pr\u00e9cieux pour toute l&rsquo;<\/p>","protected":false},"featured_media":31078,"comment_status":"open","ping_status":"closed","template":"","meta":[],"product_brand":[],"product_cat":[143],"product_tag":[],"class_list":{"0":"post-31079","1":"product","2":"type-product","3":"status-publish","4":"has-post-thumbnail","6":"product_cat-nettoyage","8":"first","9":"instock","10":"shipping-taxable","11":"purchasable","12":"product-type-simple"},"_links":{"self":[{"href":"https:\/\/topprixsarl.ch\/en\/wp-json\/wp\/v2\/product\/31079","targetHints":{"allow":["GET"]}}],"collection":[{"href":"https:\/\/topprixsarl.ch\/en\/wp-json\/wp\/v2\/product"}],"about":[{"href":"https:\/\/topprixsarl.ch\/en\/wp-json\/wp\/v2\/types\/product"}],"replies":[{"embeddable":true,"href":"https:\/\/topprixsarl.ch\/en\/wp-json\/wp\/v2\/comments?post=31079"}],"version-history":[{"count":3,"href":"https:\/\/topprixsarl.ch\/en\/wp-json\/wp\/v2\/product\/31079\/revisions"}],"predecessor-version":[{"id":33257,"href":"https:\/\/topprixsarl.ch\/en\/wp-json\/wp\/v2\/product\/31079\/revisions\/33257"}],"wp:featuredmedia":[{"embeddable":true,"href":"https:\/\/topprixsarl.ch\/en\/wp-json\/wp\/v2\/media\/31078"}],"wp:attachment":[{"href":"https:\/\/topprixsarl.ch\/en\/wp-json\/wp\/v2\/media?parent=31079"}],"wp:term":[{"taxonomy":"product_brand","embeddable":true,"href":"https:\/\/topprixsarl.ch\/en\/wp-json\/wp\/v2\/product_brand?post=31079"},{"taxonomy":"product_cat","embeddable":true,"href":"https:\/\/topprixsarl.ch\/en\/wp-json\/wp\/v2\/product_cat?post=31079"},{"taxonomy":"product_tag","embeddable":true,"href":"https:\/\/topprixsarl.ch\/en\/wp-json\/wp\/v2\/product_tag?post=31079"}],"curies":[{"name":"wp","href":"https:\/\/api.w.org\/{rel}","templated":true}]}}