{"id":31075,"date":"2026-01-09T14:52:59","date_gmt":"2026-01-09T14:52:59","guid":{"rendered":"https:\/\/topprixsarl.ch\/product\/nettoyant-degraissant-sols-pro-bidon-de-5-l\/"},"modified":"2026-01-14T14:19:19","modified_gmt":"2026-01-14T14:19:19","slug":"nettoyant-degraissant-sols-pro-bidon-de-5-l","status":"publish","type":"product","link":"https:\/\/topprixsarl.ch\/en\/product\/nettoyant-degraissant-sols-pro-bidon-de-5-l\/","title":{"rendered":"Nettoyant d\u00e9graissant sols Pro- bidon de 5 L"},"content":{"rendered":"<p>Un produit qui ouvre la porte \u00e0 la propret\u00e9<\/p>\n<p>Le nettoyage est devenu un v\u00e9ritable cauchemar. En raison du volume de clients, le sol est toujours sale et le remettre aux normes attendues exige beaucoup de temps. Le fait que le sol doive \u00eatre nettoy\u00e9 plusieurs fois pour \u00eatre acceptable est particuli\u00e8rement ennuyeux.<\/p>\n<p>Mais, le nettoyant pour sols Pro permet d\u2019\u00e9viter tous ces probl\u00e8mes. Sa formule tr\u00e8s efficace assure une excellente propret\u00e9 de toutes les surfaces. <\/p>\n<p>+ Polyvalent : vous n&rsquo;avez donc plus besoin de plusieurs d\u00e9tergents pour nettoyer le sol des bureaux et les toilettes, le produit Pro suffit. <\/p>\n<p>+ \u00c9conomie : pour \u00e9viter le gaspillage, pourquoi ne pas utiliser cette pompe sp\u00e9ciale (11.060.967) pour mesurer la quantit\u00e9 exacte de d\u00e9tergent n\u00e9cessaire.<\/p>\n<p>Pour ce nettoyant, aucune t\u00e2che n\u2019est impossible : il agit imm\u00e9diatement contre la salet\u00e9 tenace, les traces de pas ou la graisse. <\/p>\n<p>+ Parfum agr\u00e9able : de plus, il laisse un agr\u00e9able parfum de pin dans l&rsquo;air. <\/p>\n<p>Le parfum symbolise l\u2019int\u00e9r\u00eat que la soci\u00e9t\u00e9 accorde \u00e0 la nature, car le produit porte le label \u00e9cologique de l&rsquo;UE, garantissant qu\u2019il ne nuit pas aux vrais pins.<\/p>\n<p>Dites adieu aux sols sales! <\/p>\n<p>Produit dangereux. Respecter les pr\u00e9cautions d\u2019emploi indiqu\u00e9es sur la fiche de donn\u00e9es de s\u00e9curit\u00e9.*<\/p>","protected":false},"excerpt":{"rendered":"<p>Un produit qui ouvre la porte \u00e0 la propret\u00e9 Le nettoyage est devenu un v\u00e9ritable cauchemar. En raison du volume de clients, le sol est toujours sale et le remettre aux normes attendues exige beaucoup de temps. Le fait que le sol doive \u00eatre nettoy\u00e9 pl<\/p>","protected":false},"featured_media":31074,"comment_status":"open","ping_status":"closed","template":"","meta":[],"product_brand":[],"product_cat":[143],"product_tag":[],"class_list":{"0":"post-31075","1":"product","2":"type-product","3":"status-publish","4":"has-post-thumbnail","6":"product_cat-nettoyage","8":"first","9":"instock","10":"shipping-taxable","11":"purchasable","12":"product-type-simple"},"_links":{"self":[{"href":"https:\/\/topprixsarl.ch\/en\/wp-json\/wp\/v2\/product\/31075","targetHints":{"allow":["GET"]}}],"collection":[{"href":"https:\/\/topprixsarl.ch\/en\/wp-json\/wp\/v2\/product"}],"about":[{"href":"https:\/\/topprixsarl.ch\/en\/wp-json\/wp\/v2\/types\/product"}],"replies":[{"embeddable":true,"href":"https:\/\/topprixsarl.ch\/en\/wp-json\/wp\/v2\/comments?post=31075"}],"version-history":[{"count":3,"href":"https:\/\/topprixsarl.ch\/en\/wp-json\/wp\/v2\/product\/31075\/revisions"}],"predecessor-version":[{"id":33259,"href":"https:\/\/topprixsarl.ch\/en\/wp-json\/wp\/v2\/product\/31075\/revisions\/33259"}],"wp:featuredmedia":[{"embeddable":true,"href":"https:\/\/topprixsarl.ch\/en\/wp-json\/wp\/v2\/media\/31074"}],"wp:attachment":[{"href":"https:\/\/topprixsarl.ch\/en\/wp-json\/wp\/v2\/media?parent=31075"}],"wp:term":[{"taxonomy":"product_brand","embeddable":true,"href":"https:\/\/topprixsarl.ch\/en\/wp-json\/wp\/v2\/product_brand?post=31075"},{"taxonomy":"product_cat","embeddable":true,"href":"https:\/\/topprixsarl.ch\/en\/wp-json\/wp\/v2\/product_cat?post=31075"},{"taxonomy":"product_tag","embeddable":true,"href":"https:\/\/topprixsarl.ch\/en\/wp-json\/wp\/v2\/product_tag?post=31075"}],"curies":[{"name":"wp","href":"https:\/\/api.w.org\/{rel}","templated":true}]}}