{"id":31073,"date":"2026-01-09T14:52:43","date_gmt":"2026-01-09T14:52:43","guid":{"rendered":"https:\/\/topprixsarl.ch\/product\/gel-detartrant-wc-pro-flacon-de-750-ml\/"},"modified":"2026-01-14T14:19:19","modified_gmt":"2026-01-14T14:19:19","slug":"gel-detartrant-wc-pro-flacon-de-750-ml","status":"publish","type":"product","link":"https:\/\/topprixsarl.ch\/en\/product\/gel-detartrant-wc-pro-flacon-de-750-ml\/","title":{"rendered":"Gel d\u00e9tartrant WC Pro- flacon de 750 ml"},"content":{"rendered":"<p>Pour des WC brillants et parfum\u00e9s<\/p>\n<p>Les d\u00e9p\u00f4ts calcaires sont presque in\u00e9vitables l\u00e0 o\u00f9 l&rsquo;eau circule. Il ne faut pas les sous-estimer : si le calcaire n&rsquo;est pas trait\u00e9, il peut endommager les installations sanitaires. De plus, les d\u00e9p\u00f4ts calcaires ne donnent pas une image professionnelle \u00e0 votre entreprise, m\u00eame s&rsquo;ils sont pratiquement sans danger pour la sant\u00e9. Dans tous les cas, ne prenez pas de risques.<\/p>\n<p>+ \u00c9liminez le tartre avec le d\u00e9tartrant WC.<\/p>\n<p>Gr\u00e2ce \u00e0 son emballage pratique \u00e0 col incurv\u00e9, ce d\u00e9tartrant est particuli\u00e8rement adapt\u00e9 aux WC, mais peut \u00e9galement \u00eatre utilis\u00e9 dans les lavabos ou les urinoirs. Sa formule permet \u00e9galement un nettoyage efficace des raccords.<\/p>\n<p>+ Produit biod\u00e9gradable, utilisable r\u00e9guli\u00e8rement.<\/p>\n<p>Le parfum frais qui se r\u00e9pand apr\u00e8s l&rsquo;utilisation contribue \u00e0 offrir une exp\u00e9rience agr\u00e9able pour tous les visiteurs des toilettes. <\/p>\n<p>+ \u00c9liminez le tartre dans le respect de l&rsquo;environnement !<\/p>\n<p>12 bouteilles \/ carton<br \/> 60 cartons \/ palette (= 720 bouteilles \/ palette)<\/p>","protected":false},"excerpt":{"rendered":"<p>Pour des WC brillants et parfum\u00e9s Les d\u00e9p\u00f4ts calcaires sont presque in\u00e9vitables l\u00e0 o\u00f9 l&rsquo;eau circule. Il ne faut pas les sous-estimer: si le calcaire n&rsquo;est pas trait\u00e9, il peut endommager les installations sanitaires. De plus, les d\u00e9p\u00f4ts calcaires ne d<\/p>","protected":false},"featured_media":31072,"comment_status":"open","ping_status":"closed","template":"","meta":[],"product_brand":[],"product_cat":[143],"product_tag":[],"class_list":{"0":"post-31073","1":"product","2":"type-product","3":"status-publish","4":"has-post-thumbnail","6":"product_cat-nettoyage","8":"first","9":"instock","10":"shipping-taxable","11":"purchasable","12":"product-type-simple"},"_links":{"self":[{"href":"https:\/\/topprixsarl.ch\/en\/wp-json\/wp\/v2\/product\/31073","targetHints":{"allow":["GET"]}}],"collection":[{"href":"https:\/\/topprixsarl.ch\/en\/wp-json\/wp\/v2\/product"}],"about":[{"href":"https:\/\/topprixsarl.ch\/en\/wp-json\/wp\/v2\/types\/product"}],"replies":[{"embeddable":true,"href":"https:\/\/topprixsarl.ch\/en\/wp-json\/wp\/v2\/comments?post=31073"}],"version-history":[{"count":3,"href":"https:\/\/topprixsarl.ch\/en\/wp-json\/wp\/v2\/product\/31073\/revisions"}],"predecessor-version":[{"id":33260,"href":"https:\/\/topprixsarl.ch\/en\/wp-json\/wp\/v2\/product\/31073\/revisions\/33260"}],"wp:featuredmedia":[{"embeddable":true,"href":"https:\/\/topprixsarl.ch\/en\/wp-json\/wp\/v2\/media\/31072"}],"wp:attachment":[{"href":"https:\/\/topprixsarl.ch\/en\/wp-json\/wp\/v2\/media?parent=31073"}],"wp:term":[{"taxonomy":"product_brand","embeddable":true,"href":"https:\/\/topprixsarl.ch\/en\/wp-json\/wp\/v2\/product_brand?post=31073"},{"taxonomy":"product_cat","embeddable":true,"href":"https:\/\/topprixsarl.ch\/en\/wp-json\/wp\/v2\/product_cat?post=31073"},{"taxonomy":"product_tag","embeddable":true,"href":"https:\/\/topprixsarl.ch\/en\/wp-json\/wp\/v2\/product_tag?post=31073"}],"curies":[{"name":"wp","href":"https:\/\/api.w.org\/{rel}","templated":true}]}}