{"id":31063,"date":"2026-01-09T14:51:29","date_gmt":"2026-01-09T14:51:29","guid":{"rendered":"https:\/\/topprixsarl.ch\/product\/nettoyant-multi-surfaces-concentre-pro-bidon-de-5-l\/"},"modified":"2026-01-14T14:19:19","modified_gmt":"2026-01-14T14:19:19","slug":"nettoyant-multi-surfaces-concentre-pro-bidon-de-5-l","status":"publish","type":"product","link":"https:\/\/topprixsarl.ch\/en\/product\/nettoyant-multi-surfaces-concentre-pro-bidon-de-5-l\/","title":{"rendered":"Nettoyant multi-surfaces concentr\u00e9 Pro- bidon de 5 L"},"content":{"rendered":"<p>Des r\u00e9sultats impeccables en un rien de temps. <\/p>\n<p>La tradition est bonne et l&rsquo;int\u00e9rieur classique du restaurant, ses planchers et ses murs en bois attirent beaucoup de visiteurs. Mais la cuisine doit \u00eatre dot\u00e9e des appareils les plus r\u00e9cents pour obtenir d&rsquo;excellents r\u00e9sultats. <\/p>\n<p>Le nettoyage de toutes les surfaces est difficile et exige souvent divers produits de nettoyage. <\/p>\n<p>+ Nettoyant d&rsquo;int\u00e9rieur polyvalent : Le nettoyant d&rsquo;int\u00e9rieur Professional convient parfaitement \u00e0 toutes les surfaces, dont le carrelage, le verre, le bois et le plastique. <\/p>\n<p>+ Utilisations vari\u00e9es : Il sert m\u00eame pour le mobilier de bureau, les poign\u00e9es de porte ou les cadres de fen\u00eatre. <\/p>\n<p>+ Efficacit\u00e9 : Il enl\u00e8ve la poussi\u00e8re, la salet\u00e9 r\u00e9sistante, l&rsquo;huile et la graisse sans nuire \u00e0 la nature. <\/p>\n<p>+ \u00c9cologique : Il porte le label \u00e9cologique de l&rsquo;UE. <\/p>\n<p>Vous pouvez d\u00e9sormais vous asseoir et admirer les surfaces brillantes et le bel ar\u00f4me, un parfum d\u00e9licat d&rsquo;agrumes. <\/p>\n<p>+ Concentr\u00e9 : Ce produit est concentr\u00e9, une bouteille de 5L procure donc une propret\u00e9 et une hygi\u00e8ne \u00e9clatantes pendant longtemps. <\/p>\n<p>Faites le choix d&rsquo;un vrai professionnel! <\/p>\n<p>Produit dangereux. Respecter les pr\u00e9cautions d\u2019emploi indiqu\u00e9es sur la fiche de donn\u00e9es de s\u00e9curit\u00e9.*<\/p>","protected":false},"excerpt":{"rendered":"<p>Des r\u00e9sultats impeccables en un rien de temps La tradition est bonne et l&rsquo;int\u00e9rieur classique du restaurant, ses planchers et ses murs en bois attirent beaucoup de visiteurs. Mais la cuisine doit \u00eatre dot\u00e9e des appareils les plus r\u00e9cents pour obtenir<\/p>","protected":false},"featured_media":31062,"comment_status":"open","ping_status":"closed","template":"","meta":[],"product_brand":[],"product_cat":[143],"product_tag":[],"class_list":{"0":"post-31063","1":"product","2":"type-product","3":"status-publish","4":"has-post-thumbnail","6":"product_cat-nettoyage","8":"first","9":"instock","10":"shipping-taxable","11":"purchasable","12":"product-type-simple"},"_links":{"self":[{"href":"https:\/\/topprixsarl.ch\/en\/wp-json\/wp\/v2\/product\/31063","targetHints":{"allow":["GET"]}}],"collection":[{"href":"https:\/\/topprixsarl.ch\/en\/wp-json\/wp\/v2\/product"}],"about":[{"href":"https:\/\/topprixsarl.ch\/en\/wp-json\/wp\/v2\/types\/product"}],"replies":[{"embeddable":true,"href":"https:\/\/topprixsarl.ch\/en\/wp-json\/wp\/v2\/comments?post=31063"}],"version-history":[{"count":3,"href":"https:\/\/topprixsarl.ch\/en\/wp-json\/wp\/v2\/product\/31063\/revisions"}],"predecessor-version":[{"id":33265,"href":"https:\/\/topprixsarl.ch\/en\/wp-json\/wp\/v2\/product\/31063\/revisions\/33265"}],"wp:featuredmedia":[{"embeddable":true,"href":"https:\/\/topprixsarl.ch\/en\/wp-json\/wp\/v2\/media\/31062"}],"wp:attachment":[{"href":"https:\/\/topprixsarl.ch\/en\/wp-json\/wp\/v2\/media?parent=31063"}],"wp:term":[{"taxonomy":"product_brand","embeddable":true,"href":"https:\/\/topprixsarl.ch\/en\/wp-json\/wp\/v2\/product_brand?post=31063"},{"taxonomy":"product_cat","embeddable":true,"href":"https:\/\/topprixsarl.ch\/en\/wp-json\/wp\/v2\/product_cat?post=31063"},{"taxonomy":"product_tag","embeddable":true,"href":"https:\/\/topprixsarl.ch\/en\/wp-json\/wp\/v2\/product_tag?post=31063"}],"curies":[{"name":"wp","href":"https:\/\/api.w.org\/{rel}","templated":true}]}}