{"id":31053,"date":"2026-01-09T14:50:07","date_gmt":"2026-01-09T14:50:07","guid":{"rendered":"https:\/\/topprixsarl.ch\/product\/chaussures-de-securite-bata-forward-score-esd-s3-src-p-43-w\/"},"modified":"2026-01-14T14:19:19","modified_gmt":"2026-01-14T14:19:19","slug":"chaussures-de-securite-bata-forward-score-esd-s3-src-p-43-w","status":"publish","type":"product","link":"https:\/\/topprixsarl.ch\/en\/product-2\/chaussures-de-securite-bata-forward-score-esd-s3-src-p-43-w\/","title":{"rendered":"Chaussures de s\u00e9curit\u00e9 Bata Forward Score, ESD S3\/SRC, P. 43 W"},"content":{"rendered":"<p>Bata Forward Score ESD S3\/SRC + est une chaussure de s\u00e9curit\u00e9 sans m\u00e9tal en microfibre de la derni\u00e8re g\u00e9n\u00e9ration. <\/p>\n<p>+ Semelle PU-PU avec la nouvelle technologie Bata Flex Grip, assurant flexibilit\u00e9, adaptation et une adh\u00e9rence \u00e9norme sur presque toutes les surfaces. <\/p>\n<p>+ Syst\u00e8me Odor Control, qui \u00e9limine de mani\u00e8re naturelle 99,8 % des bact\u00e9ries dans la chaussure, am\u00e9liorant ainsi l&rsquo;hygi\u00e8ne des pieds et r\u00e9duisant consid\u00e9rablement les odeurs d\u00e9sagr\u00e9ables. <\/p>\n<p>Prix par paire. <\/p>\n<p>*Notes de bas de page.<\/p>","protected":false},"excerpt":{"rendered":"<p>Bata Forward Score ESD S3\/SRC + est une chaussure de s\u00e9curit\u00e9 sans m\u00e9tal en microfibre de la derni\u00e8re g\u00e9n\u00e9ration. Ces chaussures de s\u00e9curit\u00e9 disposent d&rsquo;une semelle PU-PU avec la nouvelle technologie Bata Flex Grip. Celle-ci assure la flexibilit\u00e9, l&rsquo;<\/p>","protected":false},"featured_media":31052,"comment_status":"open","ping_status":"closed","template":"","meta":[],"product_brand":[],"product_cat":[142],"product_tag":[],"class_list":{"0":"post-31053","1":"product","2":"type-product","3":"status-publish","4":"has-post-thumbnail","6":"product_cat-entretien","8":"first","9":"instock","10":"shipping-taxable","11":"purchasable","12":"product-type-simple"},"_links":{"self":[{"href":"https:\/\/topprixsarl.ch\/en\/wp-json\/wp\/v2\/product\/31053","targetHints":{"allow":["GET"]}}],"collection":[{"href":"https:\/\/topprixsarl.ch\/en\/wp-json\/wp\/v2\/product"}],"about":[{"href":"https:\/\/topprixsarl.ch\/en\/wp-json\/wp\/v2\/types\/product"}],"replies":[{"embeddable":true,"href":"https:\/\/topprixsarl.ch\/en\/wp-json\/wp\/v2\/comments?post=31053"}],"version-history":[{"count":2,"href":"https:\/\/topprixsarl.ch\/en\/wp-json\/wp\/v2\/product\/31053\/revisions"}],"predecessor-version":[{"id":32877,"href":"https:\/\/topprixsarl.ch\/en\/wp-json\/wp\/v2\/product\/31053\/revisions\/32877"}],"wp:featuredmedia":[{"embeddable":true,"href":"https:\/\/topprixsarl.ch\/en\/wp-json\/wp\/v2\/media\/31052"}],"wp:attachment":[{"href":"https:\/\/topprixsarl.ch\/en\/wp-json\/wp\/v2\/media?parent=31053"}],"wp:term":[{"taxonomy":"product_brand","embeddable":true,"href":"https:\/\/topprixsarl.ch\/en\/wp-json\/wp\/v2\/product_brand?post=31053"},{"taxonomy":"product_cat","embeddable":true,"href":"https:\/\/topprixsarl.ch\/en\/wp-json\/wp\/v2\/product_cat?post=31053"},{"taxonomy":"product_tag","embeddable":true,"href":"https:\/\/topprixsarl.ch\/en\/wp-json\/wp\/v2\/product_tag?post=31053"}],"curies":[{"name":"wp","href":"https:\/\/api.w.org\/{rel}","templated":true}]}}