{"id":31045,"date":"2026-01-09T14:49:05","date_gmt":"2026-01-09T14:49:05","guid":{"rendered":"https:\/\/topprixsarl.ch\/product\/toner-hp-cf543x-203x-2500-pages-magenta\/"},"modified":"2026-01-14T14:19:20","modified_gmt":"2026-01-14T14:19:20","slug":"toner-hp-cf543x-203x-2500-pages-magenta","status":"publish","type":"product","link":"https:\/\/topprixsarl.ch\/en\/product\/toner-hp-cf543x-203x-2500-pages-magenta\/","title":{"rendered":"Toner HP CF543X \/ 203X, 2500 pages, magenta"},"content":{"rendered":"<p>Vous \u00eates \u00e0 la recherche d&rsquo;un compl\u00e9ment optimal \u00e0 votre imprimante haute de gamme? Ce toner est fait pour vous. En fait, vous ne pourrez pas vous en passer: les cartouches d&rsquo;encre sont tout simplement indispensables dans un environnement professionnel moderne. Ils veillent \u00e0 ce qu&rsquo;un flux d&rsquo;informations fluides soit assur\u00e9 gr\u00e2ce \u00e0 des documents clairement lisibles. <\/p>\n<p>+ Produit : CART HP COLOR 203X MAGENTA CF543X<\/p>\n<p>+ Qualit\u00e9 : Les exigences quotidiennes tout comme les exigences plus sp\u00e9ciales sont satisfaites avec une grande qualit\u00e9 ainsi qu&rsquo;une grande pr\u00e9cision.<\/p>\n<p>+ Efficacit\u00e9 : Avec cet achat, vous optez pour l&rsquo;efficacit\u00e9: jusqu&rsquo;\u00e0 2 500 pages seront imprim\u00e9es sans effort avec le produit contenu dans l&#8217;emballage.<\/p>\n<p>+ Compatibilit\u00e9 : L&rsquo;article a \u00e9t\u00e9 d\u00e9velopp\u00e9 pour \u00eatre utilis\u00e9 dans les imprimantes laser et est tr\u00e8s convaincant en termes de d\u00e9tails et de pr\u00e9cision.<\/p>\n<p>+ Couleur : Avec cet article, vous enrichissez la palette de couleurs de votre imprimante gr\u00e2ce aux nuances de ce magenta.<\/p>\n<p>+ \u00c9tat : Le produit est un v\u00e9ritable produit d&rsquo;origine et se trouve \u00e0 l&rsquo;\u00e9tat neuf.<\/p>\n<p>+ Contenu : Un paquet contient 1 article.<\/p>\n<p>Obtenez des r\u00e9sultats d&rsquo;impression sans le moindre souci! Commandez d\u00e8s maintenant pour vous constituer un stock! <\/p>\n<p>> Garantie 2 ans*<\/p>","protected":false},"excerpt":{"rendered":"<p>Vous \u00eates \u00e0 la recherche d&rsquo;un compl\u00e9ment optimal \u00e0 votre imprimante haute de gamme? Ce toner est fait pour vous. En fait, vous ne pourrez pas vous en passer: les cartouches d&rsquo;encre sont tout simplement indispensables dans un environnement professionn<\/p>","protected":false},"featured_media":31044,"comment_status":"open","ping_status":"closed","template":"","meta":[],"product_brand":[],"product_cat":[137],"product_tag":[],"class_list":{"0":"post-31045","1":"product","2":"type-product","3":"status-publish","4":"has-post-thumbnail","6":"product_cat-article-offic","8":"first","9":"instock","10":"shipping-taxable","11":"purchasable","12":"product-type-simple"},"_links":{"self":[{"href":"https:\/\/topprixsarl.ch\/en\/wp-json\/wp\/v2\/product\/31045","targetHints":{"allow":["GET"]}}],"collection":[{"href":"https:\/\/topprixsarl.ch\/en\/wp-json\/wp\/v2\/product"}],"about":[{"href":"https:\/\/topprixsarl.ch\/en\/wp-json\/wp\/v2\/types\/product"}],"replies":[{"embeddable":true,"href":"https:\/\/topprixsarl.ch\/en\/wp-json\/wp\/v2\/comments?post=31045"}],"version-history":[{"count":2,"href":"https:\/\/topprixsarl.ch\/en\/wp-json\/wp\/v2\/product\/31045\/revisions"}],"predecessor-version":[{"id":32873,"href":"https:\/\/topprixsarl.ch\/en\/wp-json\/wp\/v2\/product\/31045\/revisions\/32873"}],"wp:featuredmedia":[{"embeddable":true,"href":"https:\/\/topprixsarl.ch\/en\/wp-json\/wp\/v2\/media\/31044"}],"wp:attachment":[{"href":"https:\/\/topprixsarl.ch\/en\/wp-json\/wp\/v2\/media?parent=31045"}],"wp:term":[{"taxonomy":"product_brand","embeddable":true,"href":"https:\/\/topprixsarl.ch\/en\/wp-json\/wp\/v2\/product_brand?post=31045"},{"taxonomy":"product_cat","embeddable":true,"href":"https:\/\/topprixsarl.ch\/en\/wp-json\/wp\/v2\/product_cat?post=31045"},{"taxonomy":"product_tag","embeddable":true,"href":"https:\/\/topprixsarl.ch\/en\/wp-json\/wp\/v2\/product_tag?post=31045"}],"curies":[{"name":"wp","href":"https:\/\/api.w.org\/{rel}","templated":true}]}}