{"id":31037,"date":"2026-01-09T14:47:56","date_gmt":"2026-01-09T14:47:56","guid":{"rendered":"https:\/\/topprixsarl.ch\/product\/savon-liquide-mains-ecolabel-flacon-pompe-de-500-ml\/"},"modified":"2026-01-14T14:19:20","modified_gmt":"2026-01-14T14:19:20","slug":"savon-liquide-mains-ecolabel-flacon-pompe-de-500-ml","status":"publish","type":"product","link":"https:\/\/topprixsarl.ch\/en\/product\/savon-liquide-mains-ecolabel-flacon-pompe-de-500-ml\/","title":{"rendered":"Savon liquide mains- \u00c9colabel- flacon pompe de 500 ml"},"content":{"rendered":"<p>L\u2019hygi\u00e8ne et la propret\u00e9, toujours \u00e0 port\u00e9e de main<\/p>\n<p>La nouvelle cuisine du bureau est tout simplement superbe : surfaces vitr\u00e9es \u00e9l\u00e9gantes, n\u00e9ons \u00e9l\u00e9gants, nouveaux appareils \u00e9lectrom\u00e9nagers. M\u00eame les carreaux sont en verre. Tout est tr\u00e8s beau, mais il y a un petit probl\u00e8me. Il est impossible d&rsquo;accrocher un distributeur de savon sans ab\u00eemer le motif ou les carreaux.<\/p>\n<p>Cela ne signifie pas qu&rsquo;il faille faire des compromis en mati\u00e8re d&rsquo;hygi\u00e8ne : vous pouvez utiliser du savon liquide. <\/p>\n<p>+ Flacon compact pouvant \u00eatre plac\u00e9 n&rsquo;importe o\u00f9<br \/> + Buse \u00e0 pompe pour une utilisation imm\u00e9diate<br \/> + Un seul jet suffit pour enlever la salet\u00e9, la graisse et l&rsquo;huile de vos mains<br \/> + Peau propre et douce avec un parfum agr\u00e9able<br \/> + Formule douce (pH 7) qui n&rsquo;irrite pas la peau, id\u00e9ale pour un usage quotidien<br \/> + Une seule bouteille assure 500 paires de mains propres<br \/> + Produit certifi\u00e9 par l&rsquo;\u00e9colabel de l&rsquo;UE, pr\u00e9servant la nature <\/p>\n<p>Nettoyez vos mains de tous les germes et de la salet\u00e9 !<\/p>\n<p>* 12 bouteilles\/carton<br \/> * 91 cartons\/palette (= 1092 bouteilles\/palette)<\/p>","protected":false},"excerpt":{"rendered":"<p>L\u2019hygi\u00e8ne et la propret\u00e9, toujours \u00e0 port\u00e9e de main La nouvelle cuisine du bureau est tout simplement superbe: surfaces vitr\u00e9es \u00e9l\u00e9gantes, n\u00e9ons \u00e9l\u00e9gants, nouveaux appareils \u00e9lectrom\u00e9nagers. M\u00eame les carreaux sont en verre. Tout est tr\u00e8s beau, mais i<\/p>","protected":false},"featured_media":31036,"comment_status":"open","ping_status":"closed","template":"","meta":[],"product_brand":[],"product_cat":[143],"product_tag":[],"class_list":{"0":"post-31037","1":"product","2":"type-product","3":"status-publish","4":"has-post-thumbnail","6":"product_cat-nettoyage","8":"first","9":"instock","10":"shipping-taxable","11":"purchasable","12":"product-type-simple"},"_links":{"self":[{"href":"https:\/\/topprixsarl.ch\/en\/wp-json\/wp\/v2\/product\/31037","targetHints":{"allow":["GET"]}}],"collection":[{"href":"https:\/\/topprixsarl.ch\/en\/wp-json\/wp\/v2\/product"}],"about":[{"href":"https:\/\/topprixsarl.ch\/en\/wp-json\/wp\/v2\/types\/product"}],"replies":[{"embeddable":true,"href":"https:\/\/topprixsarl.ch\/en\/wp-json\/wp\/v2\/comments?post=31037"}],"version-history":[{"count":3,"href":"https:\/\/topprixsarl.ch\/en\/wp-json\/wp\/v2\/product\/31037\/revisions"}],"predecessor-version":[{"id":33269,"href":"https:\/\/topprixsarl.ch\/en\/wp-json\/wp\/v2\/product\/31037\/revisions\/33269"}],"wp:featuredmedia":[{"embeddable":true,"href":"https:\/\/topprixsarl.ch\/en\/wp-json\/wp\/v2\/media\/31036"}],"wp:attachment":[{"href":"https:\/\/topprixsarl.ch\/en\/wp-json\/wp\/v2\/media?parent=31037"}],"wp:term":[{"taxonomy":"product_brand","embeddable":true,"href":"https:\/\/topprixsarl.ch\/en\/wp-json\/wp\/v2\/product_brand?post=31037"},{"taxonomy":"product_cat","embeddable":true,"href":"https:\/\/topprixsarl.ch\/en\/wp-json\/wp\/v2\/product_cat?post=31037"},{"taxonomy":"product_tag","embeddable":true,"href":"https:\/\/topprixsarl.ch\/en\/wp-json\/wp\/v2\/product_tag?post=31037"}],"curies":[{"name":"wp","href":"https:\/\/api.w.org\/{rel}","templated":true}]}}