{"id":31035,"date":"2026-01-09T14:47:41","date_gmt":"2026-01-09T14:47:41","guid":{"rendered":"https:\/\/topprixsarl.ch\/product\/couverture-a-anneaux-kolma-easy-soft-02804-a4-2-anneaux-rouge-transparent\/"},"modified":"2026-01-14T14:19:20","modified_gmt":"2026-01-14T14:19:20","slug":"couverture-a-anneaux-kolma-easy-soft-02804-a4-2-anneaux-rouge-transparent","status":"publish","type":"product","link":"https:\/\/topprixsarl.ch\/en\/product\/couverture-a-anneaux-kolma-easy-soft-02804-a4-2-anneaux-rouge-transparent\/","title":{"rendered":"Couverture \u00e0 anneaux Kolma Easy Soft 02804 A4, 2 anneaux, rouge\/transparent"},"content":{"rendered":"<p>**Couverture en mat\u00e9riau Kolmaflex transparent**<\/p>\n<p>+ Adapt\u00e9e pour le classement de documents A4<br \/>\n+ M\u00e9canisme \u00e0 2 anneaux<br \/>\n+ \u00d8 des anneaux : 15 mm  <\/p>\n<p>**Dimensions :** 310 x 245 mm  <\/p>\n<p>**Conditionnement original :** 10 pi\u00e8ces  <\/p>\n<p>**Prix par pi\u00e8ce.**  <\/p>\n<p>*Notes de bas de page :*<br \/>\n*1. Les dimensions peuvent varier l\u00e9g\u00e8rement selon le fabricant.*<br \/>\n*2. V\u00e9rifiez la compatibilit\u00e9 avec vos documents avant l&rsquo;achat.*<\/p>","protected":false},"excerpt":{"rendered":"<p>Couverture en mat\u00e9riau Kolmaflex transparent, adapt\u00e9e pour le classement de documents A4, m\u00e9canisme \u00e0 2 anneaux, \u00f8 des anneaux 15 mm. Dimensions: 310&#215;245 mm. Conditionnement original: 10 pi\u00e8ces. Prix par pi\u00e8ce.<\/p>","protected":false},"featured_media":31034,"comment_status":"open","ping_status":"closed","template":"","meta":[],"product_brand":[],"product_cat":[137],"product_tag":[],"class_list":{"0":"post-31035","1":"product","2":"type-product","3":"status-publish","4":"has-post-thumbnail","6":"product_cat-article-offic","8":"first","9":"instock","10":"shipping-taxable","11":"purchasable","12":"product-type-simple"},"_links":{"self":[{"href":"https:\/\/topprixsarl.ch\/en\/wp-json\/wp\/v2\/product\/31035","targetHints":{"allow":["GET"]}}],"collection":[{"href":"https:\/\/topprixsarl.ch\/en\/wp-json\/wp\/v2\/product"}],"about":[{"href":"https:\/\/topprixsarl.ch\/en\/wp-json\/wp\/v2\/types\/product"}],"replies":[{"embeddable":true,"href":"https:\/\/topprixsarl.ch\/en\/wp-json\/wp\/v2\/comments?post=31035"}],"version-history":[{"count":2,"href":"https:\/\/topprixsarl.ch\/en\/wp-json\/wp\/v2\/product\/31035\/revisions"}],"predecessor-version":[{"id":32867,"href":"https:\/\/topprixsarl.ch\/en\/wp-json\/wp\/v2\/product\/31035\/revisions\/32867"}],"wp:featuredmedia":[{"embeddable":true,"href":"https:\/\/topprixsarl.ch\/en\/wp-json\/wp\/v2\/media\/31034"}],"wp:attachment":[{"href":"https:\/\/topprixsarl.ch\/en\/wp-json\/wp\/v2\/media?parent=31035"}],"wp:term":[{"taxonomy":"product_brand","embeddable":true,"href":"https:\/\/topprixsarl.ch\/en\/wp-json\/wp\/v2\/product_brand?post=31035"},{"taxonomy":"product_cat","embeddable":true,"href":"https:\/\/topprixsarl.ch\/en\/wp-json\/wp\/v2\/product_cat?post=31035"},{"taxonomy":"product_tag","embeddable":true,"href":"https:\/\/topprixsarl.ch\/en\/wp-json\/wp\/v2\/product_tag?post=31035"}],"curies":[{"name":"wp","href":"https:\/\/api.w.org\/{rel}","templated":true}]}}