{"id":31031,"date":"2026-01-09T14:47:10","date_gmt":"2026-01-09T14:47:10","guid":{"rendered":"https:\/\/topprixsarl.ch\/product\/distributeur-dessuie-mains-devidage-central-blanc\/"},"modified":"2026-04-11T01:24:55","modified_gmt":"2026-04-11T01:24:55","slug":"distributeur-dessuie-mains-devidage-central-blanc","status":"publish","type":"product","link":"https:\/\/topprixsarl.ch\/en\/product\/distributeur-dessuie-mains-devidage-central-blanc\/","title":{"rendered":"Distributeur d&rsquo;essuie-mains  &#8211; d\u00e9vidage central &#8211; blanc"},"content":{"rendered":"<p>Couleur blanche, grand d\u00e9vidoir central universel en ABS.<\/p>\n<p>+ \u00c9quip\u00e9 d\u2019un syst\u00e8me de serrage r\u00e9glable pour freiner le d\u00e9vidage.<\/p>\n<p>+ Fermeture s\u00e9curis\u00e9e avec cl\u00e9.<\/p>\n<p>+ Pratique : changement facile des consommables.<\/p>\n<p>+ Capacit\u00e9 : 450 formats (bobine \u00d8 20 mm).<\/p>\n<p>+ Utilise le papier d\u2019essuyage r\u00e9f 10.081.325.4 points de fixation.<\/p>\n<p>> Garantie 1 mois.<\/p>","protected":false},"excerpt":{"rendered":"<p>Couleur blanche, grand d\u00e9vidoir central universel en ABS.\u00c9quip\u00e9 d\u2019un syst\u00e8me de serrage r\u00e9glable pour freiner le d\u00e9vidage.Fermeture s\u00e9curis\u00e9e avec cl\u00e9.Pratique : changement facile des consommables.Capacit\u00e9 : 450 formats (bobine \u00d8 20 mm).Utilise le pa<\/p>","protected":false},"featured_media":31030,"comment_status":"open","ping_status":"closed","template":"","meta":[],"product_brand":[],"product_cat":[143],"product_tag":[],"class_list":{"0":"post-31031","1":"product","2":"type-product","3":"status-publish","4":"has-post-thumbnail","6":"product_cat-nettoyage","8":"first","9":"instock","10":"shipping-taxable","11":"purchasable","12":"product-type-simple"},"_links":{"self":[{"href":"https:\/\/topprixsarl.ch\/en\/wp-json\/wp\/v2\/product\/31031","targetHints":{"allow":["GET"]}}],"collection":[{"href":"https:\/\/topprixsarl.ch\/en\/wp-json\/wp\/v2\/product"}],"about":[{"href":"https:\/\/topprixsarl.ch\/en\/wp-json\/wp\/v2\/types\/product"}],"replies":[{"embeddable":true,"href":"https:\/\/topprixsarl.ch\/en\/wp-json\/wp\/v2\/comments?post=31031"}],"version-history":[{"count":2,"href":"https:\/\/topprixsarl.ch\/en\/wp-json\/wp\/v2\/product\/31031\/revisions"}],"predecessor-version":[{"id":32865,"href":"https:\/\/topprixsarl.ch\/en\/wp-json\/wp\/v2\/product\/31031\/revisions\/32865"}],"wp:featuredmedia":[{"embeddable":true,"href":"https:\/\/topprixsarl.ch\/en\/wp-json\/wp\/v2\/media\/31030"}],"wp:attachment":[{"href":"https:\/\/topprixsarl.ch\/en\/wp-json\/wp\/v2\/media?parent=31031"}],"wp:term":[{"taxonomy":"product_brand","embeddable":true,"href":"https:\/\/topprixsarl.ch\/en\/wp-json\/wp\/v2\/product_brand?post=31031"},{"taxonomy":"product_cat","embeddable":true,"href":"https:\/\/topprixsarl.ch\/en\/wp-json\/wp\/v2\/product_cat?post=31031"},{"taxonomy":"product_tag","embeddable":true,"href":"https:\/\/topprixsarl.ch\/en\/wp-json\/wp\/v2\/product_tag?post=31031"}],"curies":[{"name":"wp","href":"https:\/\/api.w.org\/{rel}","templated":true}]}}