{"id":31025,"date":"2026-01-09T14:46:25","date_gmt":"2026-01-09T14:46:25","guid":{"rendered":"https:\/\/topprixsarl.ch\/product\/distributeur-de-papier-toilette-mini-jumbo-blanc\/"},"modified":"2026-04-11T01:25:03","modified_gmt":"2026-04-11T01:25:03","slug":"distributeur-de-papier-toilette-mini-jumbo-blanc","status":"publish","type":"product","link":"https:\/\/topprixsarl.ch\/en\/product\/distributeur-de-papier-toilette-mini-jumbo-blanc\/","title":{"rendered":"Distributeur de papier toilette  Mini Jumbo &#8211; blanc"},"content":{"rendered":"<p>**Distributeur de papier hygi\u00e9nique universel**<\/p>\n<p>+ Rouleau papier toilette de toute marque maximum 200 m.<\/p>\n<p>+ Fermeture s\u00e9curis\u00e9e avec cl\u00e9.<\/p>\n<p>+ Pratique : chargement facile des consommables en fa\u00e7ade.<\/p>\n<p>+ D\u00e9coupe facile droite et gauche gr\u00e2ce aux lames cisel\u00e9es.<\/p>\n<p>+ Visualisation du niveau de papier.<\/p>\n<p>+ 4 points de fixations.<\/p>\n<p>+ Capot blanc\/ch\u00e2ssis gris.<\/p>\n<p>+ Dimensions : 27,5 x 24,5 x 12 cm.<\/p>","protected":false},"excerpt":{"rendered":"<p>Distributeur de papier hygi\u00e9nique universel.- Rouleau papier toilette de toute marque maximum 200 m.- Fermeture s\u00e9curis\u00e9e avec cl\u00e9.- Pratique : chargement facile des consommables en fa\u00e7ade.- D\u00e9coupe facile droite et gauche gr\u00e2ce aux lames cisel\u00e9es.- <\/p>","protected":false},"featured_media":31024,"comment_status":"open","ping_status":"closed","template":"","meta":[],"product_brand":[],"product_cat":[143],"product_tag":[],"class_list":{"0":"post-31025","1":"product","2":"type-product","3":"status-publish","4":"has-post-thumbnail","6":"product_cat-nettoyage","8":"first","9":"instock","10":"shipping-taxable","11":"purchasable","12":"product-type-simple"},"_links":{"self":[{"href":"https:\/\/topprixsarl.ch\/en\/wp-json\/wp\/v2\/product\/31025","targetHints":{"allow":["GET"]}}],"collection":[{"href":"https:\/\/topprixsarl.ch\/en\/wp-json\/wp\/v2\/product"}],"about":[{"href":"https:\/\/topprixsarl.ch\/en\/wp-json\/wp\/v2\/types\/product"}],"replies":[{"embeddable":true,"href":"https:\/\/topprixsarl.ch\/en\/wp-json\/wp\/v2\/comments?post=31025"}],"version-history":[{"count":2,"href":"https:\/\/topprixsarl.ch\/en\/wp-json\/wp\/v2\/product\/31025\/revisions"}],"predecessor-version":[{"id":32862,"href":"https:\/\/topprixsarl.ch\/en\/wp-json\/wp\/v2\/product\/31025\/revisions\/32862"}],"wp:featuredmedia":[{"embeddable":true,"href":"https:\/\/topprixsarl.ch\/en\/wp-json\/wp\/v2\/media\/31024"}],"wp:attachment":[{"href":"https:\/\/topprixsarl.ch\/en\/wp-json\/wp\/v2\/media?parent=31025"}],"wp:term":[{"taxonomy":"product_brand","embeddable":true,"href":"https:\/\/topprixsarl.ch\/en\/wp-json\/wp\/v2\/product_brand?post=31025"},{"taxonomy":"product_cat","embeddable":true,"href":"https:\/\/topprixsarl.ch\/en\/wp-json\/wp\/v2\/product_cat?post=31025"},{"taxonomy":"product_tag","embeddable":true,"href":"https:\/\/topprixsarl.ch\/en\/wp-json\/wp\/v2\/product_tag?post=31025"}],"curies":[{"name":"wp","href":"https:\/\/api.w.org\/{rel}","templated":true}]}}