{"id":31023,"date":"2026-01-09T14:46:08","date_gmt":"2026-01-09T14:46:08","guid":{"rendered":"https:\/\/topprixsarl.ch\/product\/spray-nettoyant-franken-pour-tableaux-blancs-flacon-de-250-ml\/"},"modified":"2026-04-11T01:27:08","modified_gmt":"2026-04-11T01:27:08","slug":"spray-nettoyant-franken-pour-tableaux-blancs-flacon-de-250-ml","status":"publish","type":"product","link":"https:\/\/topprixsarl.ch\/en\/product\/spray-nettoyant-franken-pour-tableaux-blancs-flacon-de-250-ml\/","title":{"rendered":"Spray nettoyant Franken, pour tableaux blancs, flacon de 250 ml"},"content":{"rendered":"<p>Une propret\u00e9 \u00e9clatante<\/p>\n<p>Un nettoyage efficace doit avant tout \u00eatre rapide et simple. Tout le monde le sait: les traces ou les taches sur les tableaux blancs ou les tableaux noirs mal nettoy\u00e9s dans la salle de s\u00e9minaire sont g\u00eanantes et d\u00e9rangeantes &#8211; mais il n&rsquo;est pas n\u00e9cessaire d&rsquo;essuyer p\u00e9niblement ou d&rsquo;\u00e9crire sur des tableaux macul\u00e9s. <\/p>\n<p>Ne laissez rien au hasard et assurez une efficacit\u00e9 maximale \u00e0 chaque effacement! <\/p>\n<p>Gr\u00e2ce au spray nettoyant pour tableaux noirs FRANKEN dans un vaporisateur \u00e9cologique, vous \u00e9liminez tr\u00e8s facilement les inscriptions et la salet\u00e9 de vos tableaux. <\/p>\n<p>Dans son flacon pratique et confortable de 250 ml, il est id\u00e9al pour le nettoyage rapide et efficace des tableaux blancs et magn\u00e9tiques, car la solution alcoolique d\u00e9tergente \u00e9limine rapidement et facilement m\u00eame les inscriptions s\u00e9ch\u00e9es, sans avoir \u00e0 frotter d\u00e9sesp\u00e9r\u00e9ment. <\/p>\n<p>Les surfaces de vos tableaux sont ainsi pr\u00e9serv\u00e9es et restent longtemps comme neuves. <\/p>\n<p>La formule \u00e0 s\u00e9chage rapide vous permet d&rsquo;\u00e9crire \u00e0 nouveau imm\u00e9diatement apr\u00e8s le nettoyage. <\/p>\n<p>Une affaire vraiment propre: il suffit de vaporiser &#8211; d&rsquo;essuyer &#8211; c&rsquo;est termin\u00e9! Veillez \u00e0 ce que les tableaux soient clairs et propres!<\/p>\n<p>+ Spray nettoyant \u00e9cologique pour tableaux noirs FRANKEN<\/p>\n<p>+ Flacon pratique de 250 ml pour un nettoyage rapide<\/p>\n<p>+ \u00c9limine facilement les inscriptions et la salet\u00e9<\/p>\n<p>+ Solution alcoolique d\u00e9tergente pour un nettoyage efficace<\/p>\n<p>+ Pr\u00e9serve les surfaces et les garde comme neuves<\/p>\n<p>+ S\u00e9chage rapide pour une utilisation imm\u00e9diate apr\u00e8s nettoyage<\/p>\n<p>+ Facilit\u00e9 d&rsquo;utilisation: vaporiser, essuyer, termin\u00e9!<\/p>","protected":false},"excerpt":{"rendered":"<p>Une propret\u00e9 \u00e9clatante Un nettoyage efficace doit avant tout \u00eatre rapide et simple. Tout le monde le sait: les traces ou les taches sur les tableaux blancs ou les tableaux noirs mal nettoy\u00e9s dans la salle de s\u00e9minaire sont g\u00eanantes et d\u00e9rangeantes &#8211; <\/p>","protected":false},"featured_media":31022,"comment_status":"open","ping_status":"closed","template":"","meta":[],"product_brand":[],"product_cat":[143],"product_tag":[],"class_list":{"0":"post-31023","1":"product","2":"type-product","3":"status-publish","4":"has-post-thumbnail","6":"product_cat-nettoyage","8":"first","9":"instock","10":"shipping-taxable","11":"purchasable","12":"product-type-simple"},"_links":{"self":[{"href":"https:\/\/topprixsarl.ch\/en\/wp-json\/wp\/v2\/product\/31023","targetHints":{"allow":["GET"]}}],"collection":[{"href":"https:\/\/topprixsarl.ch\/en\/wp-json\/wp\/v2\/product"}],"about":[{"href":"https:\/\/topprixsarl.ch\/en\/wp-json\/wp\/v2\/types\/product"}],"replies":[{"embeddable":true,"href":"https:\/\/topprixsarl.ch\/en\/wp-json\/wp\/v2\/comments?post=31023"}],"version-history":[{"count":2,"href":"https:\/\/topprixsarl.ch\/en\/wp-json\/wp\/v2\/product\/31023\/revisions"}],"predecessor-version":[{"id":32861,"href":"https:\/\/topprixsarl.ch\/en\/wp-json\/wp\/v2\/product\/31023\/revisions\/32861"}],"wp:featuredmedia":[{"embeddable":true,"href":"https:\/\/topprixsarl.ch\/en\/wp-json\/wp\/v2\/media\/31022"}],"wp:attachment":[{"href":"https:\/\/topprixsarl.ch\/en\/wp-json\/wp\/v2\/media?parent=31023"}],"wp:term":[{"taxonomy":"product_brand","embeddable":true,"href":"https:\/\/topprixsarl.ch\/en\/wp-json\/wp\/v2\/product_brand?post=31023"},{"taxonomy":"product_cat","embeddable":true,"href":"https:\/\/topprixsarl.ch\/en\/wp-json\/wp\/v2\/product_cat?post=31023"},{"taxonomy":"product_tag","embeddable":true,"href":"https:\/\/topprixsarl.ch\/en\/wp-json\/wp\/v2\/product_tag?post=31023"}],"curies":[{"name":"wp","href":"https:\/\/api.w.org\/{rel}","templated":true}]}}