{"id":31011,"date":"2026-01-09T14:44:43","date_gmt":"2026-01-09T14:44:43","guid":{"rendered":"https:\/\/topprixsarl.ch\/product\/papier-dessuyage-a-devidage-central-2-plis-blanc-6-bobines\/"},"modified":"2026-04-11T01:25:33","modified_gmt":"2026-04-11T01:25:33","slug":"papier-dessuyage-a-devidage-central-2-plis-blanc-6-bobines","status":"publish","type":"product","link":"https:\/\/topprixsarl.ch\/en\/product\/papier-dessuyage-a-devidage-central-2-plis-blanc-6-bobines\/","title":{"rendered":"Papier d&rsquo;essuyage \u00e0 d\u00e9vidage central- 2 plis- blanc- 6 bobines"},"content":{"rendered":"<p>Un article de r\u00eave pour de multiples usages! Faire le bon choix de rouleaux de papier hygi\u00e9nique ou de serviettes peut sembler facile, mais ce n&rsquo;est pas le cas. Il y a beaucoup de caract\u00e9ristiques \u00e0 prendre en compte avant de choisir un produit qui durera des mois.<\/p>\n<p>Ces rouleaux Centerfeed ne vous d\u00e9cevront pas, m\u00eame si c&rsquo;est la premi\u00e8re fois que vous les choisissez! <\/p>\n<p>+ Lot de six rouleaux, facile \u00e0 entreposer et parfait pour les aires sanitaires et de repas.<\/p>\n<p>+ Fabriqu\u00e9s \u00e0 partir de fibres vierges 100% pures, chacun de ces rouleaux assure une douceur, une r\u00e9sistance et une absorption exceptionnelles.<\/p>\n<p>+ Certifi\u00e9 par l&rsquo;\u00e9colabel europ\u00e9en, ce produit est garanti sain au contact de la peau et des aliments, et sa fabrication est extr\u00eamement \u00e9cologique!<\/p>\n<p>+ Chaque feuille \u00e0 2 plis permet de nettoyer les renversements ou les restes de nourriture et de faire briller les surfaces sans laisser de grumeaux ou de peluches.<\/p>\n<p>+ Convenant pour une utilisation avec les distributeurs Centerfeed, ces rouleaux d\u00e9passeront vos attentes.<\/p>\n<p>Essayez-les maintenant!<\/p>","protected":false},"excerpt":{"rendered":"<p>Un article de r\u00eave pour de multiples usages! Faire le bon choix de rouleaux de papier hygi\u00e9nique ou de serviettes peut sembler facile, mais ce n&rsquo;est pas le cas. Il y a beaucoup de caract\u00e9ristiques \u00e0 prendre en compte avant de choisir un produit qui d<\/p>","protected":false},"featured_media":31010,"comment_status":"open","ping_status":"closed","template":"","meta":[],"product_brand":[],"product_cat":[143],"product_tag":[],"class_list":{"0":"post-31011","1":"product","2":"type-product","3":"status-publish","4":"has-post-thumbnail","6":"product_cat-nettoyage","8":"first","9":"instock","10":"shipping-taxable","11":"purchasable","12":"product-type-simple"},"_links":{"self":[{"href":"https:\/\/topprixsarl.ch\/en\/wp-json\/wp\/v2\/product\/31011","targetHints":{"allow":["GET"]}}],"collection":[{"href":"https:\/\/topprixsarl.ch\/en\/wp-json\/wp\/v2\/product"}],"about":[{"href":"https:\/\/topprixsarl.ch\/en\/wp-json\/wp\/v2\/types\/product"}],"replies":[{"embeddable":true,"href":"https:\/\/topprixsarl.ch\/en\/wp-json\/wp\/v2\/comments?post=31011"}],"version-history":[{"count":3,"href":"https:\/\/topprixsarl.ch\/en\/wp-json\/wp\/v2\/product\/31011\/revisions"}],"predecessor-version":[{"id":33276,"href":"https:\/\/topprixsarl.ch\/en\/wp-json\/wp\/v2\/product\/31011\/revisions\/33276"}],"wp:featuredmedia":[{"embeddable":true,"href":"https:\/\/topprixsarl.ch\/en\/wp-json\/wp\/v2\/media\/31010"}],"wp:attachment":[{"href":"https:\/\/topprixsarl.ch\/en\/wp-json\/wp\/v2\/media?parent=31011"}],"wp:term":[{"taxonomy":"product_brand","embeddable":true,"href":"https:\/\/topprixsarl.ch\/en\/wp-json\/wp\/v2\/product_brand?post=31011"},{"taxonomy":"product_cat","embeddable":true,"href":"https:\/\/topprixsarl.ch\/en\/wp-json\/wp\/v2\/product_cat?post=31011"},{"taxonomy":"product_tag","embeddable":true,"href":"https:\/\/topprixsarl.ch\/en\/wp-json\/wp\/v2\/product_tag?post=31011"}],"curies":[{"name":"wp","href":"https:\/\/api.w.org\/{rel}","templated":true}]}}