{"id":31009,"date":"2026-01-09T14:44:20","date_gmt":"2026-01-09T14:44:20","guid":{"rendered":"https:\/\/topprixsarl.ch\/product\/boite-de-classement-exacompta-iderama-pp-dos-4-cm-assortis-par-4\/"},"modified":"2026-01-14T14:19:21","modified_gmt":"2026-01-14T14:19:21","slug":"boite-de-classement-exacompta-iderama-pp-dos-4-cm-assortis-par-4","status":"publish","type":"product","link":"https:\/\/topprixsarl.ch\/en\/product-2\/boite-de-classement-exacompta-iderama-pp-dos-4-cm-assortis-par-4\/","title":{"rendered":"Exacompta Iderama filing box - PP - 4 cm spine - assorted - set of 4"},"content":{"rendered":"<p>En plastique avec fermeture par \u00e9lastiques. <\/p>\n<p>+ Dimensions : 33 x 25 cm <\/p>\n<p>+ Capacit\u00e9 : 250 feuilles <\/p>\n<p>+ Couleurs assorties : violet, rose, bleu clair, vert clair <\/p>\n<p>+ Emballage de 4 pi\u00e8ces <\/p>\n<p>+ Prix par emballage <\/p>\n<p>*Notes de bas de page : 1. Informations suppl\u00e9mentaires disponibles sur demande.<\/p>","protected":false},"excerpt":{"rendered":"<p>En plastique avec fermeture par \u00e9lastiques. Dimensions: 33&#215;25 cm. Capacit\u00e9: 250 feuilles. Couleurs assorties: violet, rose, bleu clair, vert clair. Emballage de 4 pi\u00e8ces. Prix par emballage.<\/p>","protected":false},"featured_media":31008,"comment_status":"open","ping_status":"closed","template":"","meta":[],"product_brand":[],"product_cat":[137],"product_tag":[],"class_list":{"0":"post-31009","1":"product","2":"type-product","3":"status-publish","4":"has-post-thumbnail","6":"product_cat-papier","8":"first","9":"instock","10":"shipping-taxable","11":"purchasable","12":"product-type-simple"},"_links":{"self":[{"href":"https:\/\/topprixsarl.ch\/en\/wp-json\/wp\/v2\/product\/31009","targetHints":{"allow":["GET"]}}],"collection":[{"href":"https:\/\/topprixsarl.ch\/en\/wp-json\/wp\/v2\/product"}],"about":[{"href":"https:\/\/topprixsarl.ch\/en\/wp-json\/wp\/v2\/types\/product"}],"replies":[{"embeddable":true,"href":"https:\/\/topprixsarl.ch\/en\/wp-json\/wp\/v2\/comments?post=31009"}],"version-history":[{"count":2,"href":"https:\/\/topprixsarl.ch\/en\/wp-json\/wp\/v2\/product\/31009\/revisions"}],"predecessor-version":[{"id":32853,"href":"https:\/\/topprixsarl.ch\/en\/wp-json\/wp\/v2\/product\/31009\/revisions\/32853"}],"wp:featuredmedia":[{"embeddable":true,"href":"https:\/\/topprixsarl.ch\/en\/wp-json\/wp\/v2\/media\/31008"}],"wp:attachment":[{"href":"https:\/\/topprixsarl.ch\/en\/wp-json\/wp\/v2\/media?parent=31009"}],"wp:term":[{"taxonomy":"product_brand","embeddable":true,"href":"https:\/\/topprixsarl.ch\/en\/wp-json\/wp\/v2\/product_brand?post=31009"},{"taxonomy":"product_cat","embeddable":true,"href":"https:\/\/topprixsarl.ch\/en\/wp-json\/wp\/v2\/product_cat?post=31009"},{"taxonomy":"product_tag","embeddable":true,"href":"https:\/\/topprixsarl.ch\/en\/wp-json\/wp\/v2\/product_tag?post=31009"}],"curies":[{"name":"wp","href":"https:\/\/api.w.org\/{rel}","templated":true}]}}