{"id":31005,"date":"2026-01-09T14:43:48","date_gmt":"2026-01-09T14:43:48","guid":{"rendered":"https:\/\/topprixsarl.ch\/product\/sac-a-plis-lateraux-hd-pe-lld-pe-7-8-litres-rouleau-de-50-pieces\/"},"modified":"2026-01-14T14:19:21","modified_gmt":"2026-01-14T14:19:21","slug":"sac-a-plis-lateraux-hd-pe-lld-pe-7-8-litres-rouleau-de-50-pieces","status":"publish","type":"product","link":"https:\/\/topprixsarl.ch\/en\/product-2\/sac-a-plis-lateraux-hd-pe-lld-pe-7-8-litres-rouleau-de-50-pieces\/","title":{"rendered":"HD\/PE LLD\/PE side-pleat bag, 7-8 liters, roll of 50 pcs."},"content":{"rendered":"<p>Un seul produit, de multiples fonctions pratiques! <\/p>\n<p>Chaque fois qu&rsquo;il est n\u00e9cessaire de choisir des sacs poubelles pratiques, nous n&rsquo;examinons g\u00e9n\u00e9ralement que les qualit\u00e9s des sacs de grande capacit\u00e9. S&rsquo;il est n\u00e9cessaire de faire le plein de sacs de petite taille, nous avons tendance \u00e0 nous contenter de les prendre et de partir. C&rsquo;est l\u00e0 que tous les probl\u00e8mes commencent. <\/p>\n<p>Aussi petit et insignifiant qu&rsquo;un produit puisse para\u00eetre, il ne faut jamais n\u00e9gliger ses caract\u00e9ristiques, car il pourrait ne pas convenir parfaitement au type de d\u00e9chets de votre installation. <\/p>\n<p>Ces sacs poubelle \u00e0 pli lat\u00e9ral sont une option classique de petite taille pour un usage quotidien. On peut penser que ces sacs, en raison de leur taille et de leurs t\u00e2ches, ne sont pas assez solides et ne peuvent \u00eatre utilis\u00e9s que pour des articles l\u00e9gers &#8211; papiers, emballages, etc. Rien n&rsquo;est plus faux! <\/p>\n<p>Ce rouleau est fabriqu\u00e9 en poly\u00e9thyl\u00e8ne haute densit\u00e9, un mat\u00e9riau extr\u00eamement robuste, extensible et r\u00e9sistant \u00e0 la temp\u00e9rature. Gr\u00e2ce \u00e0 ces qualit\u00e9s, ces sacs conviennent pour tous types de d\u00e9chets courants &#8211; restes de nourriture et de boisson, emballages et documents en papier, vaisselle en plastique et jetable, etc. <\/p>\n<p>Choisissez le bon produit! <\/p>\n<p>+ 50 rouleaux \/ carton<br \/>\n+ 84 cartons \/ palette (= 4200 rouleaux \/ palette)<\/p>","protected":false},"excerpt":{"rendered":"<p>Un seul produit, de multiples fonctions pratiques! Chaque fois qu&rsquo;il est n\u00e9cessaire de choisir des sacs poubelles pratiques, nous n&rsquo;examinons g\u00e9n\u00e9ralement que les qualit\u00e9s des sacs de grande capacit\u00e9. S&rsquo;il est n\u00e9cessaire de faire le plein de sacs de <\/p>","protected":false},"featured_media":31004,"comment_status":"open","ping_status":"closed","template":"","meta":[],"product_brand":[],"product_cat":[138],"product_tag":[],"class_list":{"0":"post-31005","1":"product","2":"type-product","3":"status-publish","4":"has-post-thumbnail","6":"product_cat-sac-a-dechet","8":"first","9":"instock","10":"shipping-taxable","11":"purchasable","12":"product-type-simple"},"_links":{"self":[{"href":"https:\/\/topprixsarl.ch\/en\/wp-json\/wp\/v2\/product\/31005","targetHints":{"allow":["GET"]}}],"collection":[{"href":"https:\/\/topprixsarl.ch\/en\/wp-json\/wp\/v2\/product"}],"about":[{"href":"https:\/\/topprixsarl.ch\/en\/wp-json\/wp\/v2\/types\/product"}],"replies":[{"embeddable":true,"href":"https:\/\/topprixsarl.ch\/en\/wp-json\/wp\/v2\/comments?post=31005"}],"version-history":[{"count":2,"href":"https:\/\/topprixsarl.ch\/en\/wp-json\/wp\/v2\/product\/31005\/revisions"}],"predecessor-version":[{"id":32851,"href":"https:\/\/topprixsarl.ch\/en\/wp-json\/wp\/v2\/product\/31005\/revisions\/32851"}],"wp:featuredmedia":[{"embeddable":true,"href":"https:\/\/topprixsarl.ch\/en\/wp-json\/wp\/v2\/media\/31004"}],"wp:attachment":[{"href":"https:\/\/topprixsarl.ch\/en\/wp-json\/wp\/v2\/media?parent=31005"}],"wp:term":[{"taxonomy":"product_brand","embeddable":true,"href":"https:\/\/topprixsarl.ch\/en\/wp-json\/wp\/v2\/product_brand?post=31005"},{"taxonomy":"product_cat","embeddable":true,"href":"https:\/\/topprixsarl.ch\/en\/wp-json\/wp\/v2\/product_cat?post=31005"},{"taxonomy":"product_tag","embeddable":true,"href":"https:\/\/topprixsarl.ch\/en\/wp-json\/wp\/v2\/product_tag?post=31005"}],"curies":[{"name":"wp","href":"https:\/\/api.w.org\/{rel}","templated":true}]}}