{"id":30999,"date":"2026-01-09T14:42:18","date_gmt":"2026-01-09T14:42:18","guid":{"rendered":"https:\/\/topprixsarl.ch\/product\/sac-a-ordures-avec-bande-de-fermeture-hd-pe-60-litres-rouleau-de-10-pcs\/"},"modified":"2026-01-14T14:19:22","modified_gmt":"2026-01-14T14:19:22","slug":"sac-a-ordures-avec-bande-de-fermeture-hd-pe-60-litres-rouleau-de-10-pcs","status":"publish","type":"product","link":"https:\/\/topprixsarl.ch\/en\/product-2\/sac-a-ordures-avec-bande-de-fermeture-hd-pe-60-litres-rouleau-de-10-pcs\/","title":{"rendered":"Garbage bag with HD\/PE closure strip, 60 liters, roll of 10 pcs."},"content":{"rendered":"<p>Sacs \u00e0 ordures \u00e0 soufflets de 60 litres imprim\u00e9s avec bande de fermeture, qualit\u00e9 HD\/PE.<\/p>\n<p>+ 10 sacs par rouleau.<br \/>\n+ Prix par rouleau.<br \/>\n+ 30 rouleaux \/ carton.<br \/>\n+ 70 cartons \/ palette (= 2100 rouleaux \/ palette).  <\/p>\n<p>*Footnotes:<br \/>\n*Les informations peuvent varier selon le fournisseur.<\/p>","protected":false},"excerpt":{"rendered":"<p>Sacs \u00e0 ordures \u00e0 soufflets de 60 litres imprim\u00e9s avec bande de fermeture, qualit\u00e9 HD\/PE. 10 sacs par rouleau. Prix par rouleau.30 rouleaux \/ carton70 carton \/ palette (=2100 rouleaux \/ palette)<\/p>","protected":false},"featured_media":30998,"comment_status":"open","ping_status":"closed","template":"","meta":[],"product_brand":[],"product_cat":[138],"product_tag":[],"class_list":{"0":"post-30999","1":"product","2":"type-product","3":"status-publish","4":"has-post-thumbnail","6":"product_cat-sac-a-dechet","8":"first","9":"instock","10":"shipping-taxable","11":"purchasable","12":"product-type-simple"},"_links":{"self":[{"href":"https:\/\/topprixsarl.ch\/en\/wp-json\/wp\/v2\/product\/30999","targetHints":{"allow":["GET"]}}],"collection":[{"href":"https:\/\/topprixsarl.ch\/en\/wp-json\/wp\/v2\/product"}],"about":[{"href":"https:\/\/topprixsarl.ch\/en\/wp-json\/wp\/v2\/types\/product"}],"replies":[{"embeddable":true,"href":"https:\/\/topprixsarl.ch\/en\/wp-json\/wp\/v2\/comments?post=30999"}],"version-history":[{"count":2,"href":"https:\/\/topprixsarl.ch\/en\/wp-json\/wp\/v2\/product\/30999\/revisions"}],"predecessor-version":[{"id":32843,"href":"https:\/\/topprixsarl.ch\/en\/wp-json\/wp\/v2\/product\/30999\/revisions\/32843"}],"wp:featuredmedia":[{"embeddable":true,"href":"https:\/\/topprixsarl.ch\/en\/wp-json\/wp\/v2\/media\/30998"}],"wp:attachment":[{"href":"https:\/\/topprixsarl.ch\/en\/wp-json\/wp\/v2\/media?parent=30999"}],"wp:term":[{"taxonomy":"product_brand","embeddable":true,"href":"https:\/\/topprixsarl.ch\/en\/wp-json\/wp\/v2\/product_brand?post=30999"},{"taxonomy":"product_cat","embeddable":true,"href":"https:\/\/topprixsarl.ch\/en\/wp-json\/wp\/v2\/product_cat?post=30999"},{"taxonomy":"product_tag","embeddable":true,"href":"https:\/\/topprixsarl.ch\/en\/wp-json\/wp\/v2\/product_tag?post=30999"}],"curies":[{"name":"wp","href":"https:\/\/api.w.org\/{rel}","templated":true}]}}