{"id":30997,"date":"2026-01-09T14:42:03","date_gmt":"2026-01-09T14:42:03","guid":{"rendered":"https:\/\/topprixsarl.ch\/product\/sac-a-ordures-avec-bande-de-fermeture-hd-pe-35-litres-rouleau-de-20-pcs\/"},"modified":"2026-01-14T14:19:22","modified_gmt":"2026-01-14T14:19:22","slug":"sac-a-ordures-avec-bande-de-fermeture-hd-pe-35-litres-rouleau-de-20-pcs","status":"publish","type":"product","link":"https:\/\/topprixsarl.ch\/en\/product-2\/sac-a-ordures-avec-bande-de-fermeture-hd-pe-35-litres-rouleau-de-20-pcs\/","title":{"rendered":"HD\/PE 35-litre garbage bag with closing strip, roll of 20 pcs."},"content":{"rendered":"<p>Robustes et fiables &#8211; des sacs-poubelle pour un usage quotidien<\/p>\n<p>Comment sortir facilement les d\u00e9chets sans avoir \u00e0 nettoyer ensuite? Tout le monde sait que les sacs-poubelle sont dans ce cas, la meilleure option! <\/p>\n<p>Ces sacs sont solides et fiables et assurent une grande propret\u00e9. Ils sont aussi faciles d\u2019emploi et vous pouvez les sortir sans mal! <\/p>\n<p>+ Ces rouleaux Easy Wastebag sont parfaits pour toutes les installations qui traitent des d\u00e9chets au quotidien. <\/p>\n<p>+ Un rouleau compte 20 sacs de 35l chacun. <\/p>\n<p>+ Chacun de ces sacs est de qualit\u00e9 HD\/PE, ce qui signifie qu&rsquo;ils sont faits de poly\u00e9thyl\u00e8ne haute densit\u00e9. <\/p>\n<p>+ Ce mat\u00e9riau extr\u00eamement fiable est utilis\u00e9 pour fabriquer de nombreuses sortes de sacs-poubelle. <\/p>\n<p>+ Le poly\u00e9thyl\u00e8ne haute densit\u00e9 et les articles qu\u2019il compose sont tr\u00e8s r\u00e9sistants aux changements de temp\u00e9rature, ils sont extensibles mais solides, immenses et durables. <\/p>\n<p>+ Ces qualit\u00e9s permettent aux sacs-poubelle de contenir tous les d\u00e9chets, qu&rsquo;il s&rsquo;agisse de vieux papiers ou de restes de nourriture. <\/p>\n<p>+ Ils ne se d\u00e9chirent pas et ne fondent pas. <\/p>\n<p>+ Chaque sac est muni d&rsquo;un lien de fermeture qui permet de sortir les d\u00e9chets en toute s\u00e9curit\u00e9!<\/p>\n<p>Sortez les ordures confortablement!<\/p>\n<p>+ 25 rouleaux \/ carton <\/p>\n<p>+ 70 cartons \/ palette (=1750 rouleaux \/ palette)<\/p>","protected":false},"excerpt":{"rendered":"<p>Robustes et fiables &#8211; des sacs-poubelle pour un usage quotidien Comment sortir facilement les d\u00e9chets sans avoir \u00e0 nettoyer ensuite? Tout le monde sait que les sacs-poubelle sont dans ce cas, la meilleure option! Ces sacs sont solides et fiables et a<\/p>","protected":false},"featured_media":30996,"comment_status":"open","ping_status":"closed","template":"","meta":[],"product_brand":[],"product_cat":[138],"product_tag":[],"class_list":{"0":"post-30997","1":"product","2":"type-product","3":"status-publish","4":"has-post-thumbnail","6":"product_cat-sac-a-dechet","8":"first","9":"instock","10":"shipping-taxable","11":"purchasable","12":"product-type-simple"},"_links":{"self":[{"href":"https:\/\/topprixsarl.ch\/en\/wp-json\/wp\/v2\/product\/30997","targetHints":{"allow":["GET"]}}],"collection":[{"href":"https:\/\/topprixsarl.ch\/en\/wp-json\/wp\/v2\/product"}],"about":[{"href":"https:\/\/topprixsarl.ch\/en\/wp-json\/wp\/v2\/types\/product"}],"replies":[{"embeddable":true,"href":"https:\/\/topprixsarl.ch\/en\/wp-json\/wp\/v2\/comments?post=30997"}],"version-history":[{"count":2,"href":"https:\/\/topprixsarl.ch\/en\/wp-json\/wp\/v2\/product\/30997\/revisions"}],"predecessor-version":[{"id":32842,"href":"https:\/\/topprixsarl.ch\/en\/wp-json\/wp\/v2\/product\/30997\/revisions\/32842"}],"wp:featuredmedia":[{"embeddable":true,"href":"https:\/\/topprixsarl.ch\/en\/wp-json\/wp\/v2\/media\/30996"}],"wp:attachment":[{"href":"https:\/\/topprixsarl.ch\/en\/wp-json\/wp\/v2\/media?parent=30997"}],"wp:term":[{"taxonomy":"product_brand","embeddable":true,"href":"https:\/\/topprixsarl.ch\/en\/wp-json\/wp\/v2\/product_brand?post=30997"},{"taxonomy":"product_cat","embeddable":true,"href":"https:\/\/topprixsarl.ch\/en\/wp-json\/wp\/v2\/product_cat?post=30997"},{"taxonomy":"product_tag","embeddable":true,"href":"https:\/\/topprixsarl.ch\/en\/wp-json\/wp\/v2\/product_tag?post=30997"}],"curies":[{"name":"wp","href":"https:\/\/api.w.org\/{rel}","templated":true}]}}