{"id":30991,"date":"2026-01-09T14:40:55","date_gmt":"2026-01-09T14:40:55","guid":{"rendered":"https:\/\/topprixsarl.ch\/product\/papier-menage-oeco-swiss-comfort-3-plis-pack-de-4-rouleaux\/"},"modified":"2026-01-14T14:19:22","modified_gmt":"2026-01-14T14:19:22","slug":"papier-menage-oeco-swiss-comfort-3-plis-pack-de-4-rouleaux","status":"publish","type":"product","link":"https:\/\/topprixsarl.ch\/en\/product\/papier-menage-oeco-swiss-comfort-3-plis-pack-de-4-rouleaux\/","title":{"rendered":"Papier m\u00e9nage Oeco Swiss Comfort, 3 plis, pack de 4 rouleaux"},"content":{"rendered":"<p>Nettoyer de mani\u00e8re \u00e9cologique<\/p>\n<p>Vous devez fournir les meilleures serviettes aux h\u00f4tes et employ\u00e9s de votre \u00e9tablissement. C\u2019est une t\u00e2che importante &#8211; le choix des bonnes fournitures apportera confort et efficacit\u00e9 aux toilettes et aux aires de repas et donnera aux gens l\u2019impression d\u2019\u00eatre \u00e0 la maison, ce qui les incitera \u00e0 revenir.<\/p>\n<p>Oeco Swiss est l&rsquo;un des meilleurs fournisseurs de produits de nettoyage et d&rsquo;hygi\u00e8ne. Ce papier absorbant compl\u00e8tera parfaitement les cuisines, salles \u00e0 manger et zones sanitaires de toutes les installations &#8211; bureaux, restaurants, foyers, cin\u00e9mas, etc. <\/p>\n<p>+ Fournis dans un paquet pratique de quatre rouleaux, vous en aurez donc beaucoup et n&rsquo;en manquerez pas avant longtemps.<\/p>\n<p>+ Les feuilles de chaque rouleau ont 3 plis. <\/p>\n<p>+ Tr\u00e8s absorbantes, elles s\u00e8chent les mains, essuient les liquides renvers\u00e9s et les \u00e9claboussures d&rsquo;eau et nettoient diverses surfaces en un temps limit\u00e9.<\/p>\n<p>+ Elles sont tr\u00e8s r\u00e9sistantes! Elles ne se d\u00e9chirent pas en cours d&rsquo;utilisation et ne se d\u00e9composent pas au contact de liquides et d\u2019huiles.<\/p>\n<p>+ Fabriqu\u00e9 \u00e0 partir de mat\u00e9riaux recycl\u00e9s, ce produit est \u00e9cologique et respectueux de la sant\u00e9 &#8211; deux caract\u00e9ristiques essentielles de nos jours!<\/p>\n<p>Essuyez tout facilement!<\/p>","protected":false},"excerpt":{"rendered":"<p>Nettoyer de mani\u00e8re \u00e9cologique Vous devez fournir les meilleures serviettes aux h\u00f4tes et employ\u00e9s de votre \u00e9tablissement. C\u2019est une t\u00e2che importante &#8211; le choix des bonnes fournitures apportera confort et efficacit\u00e9 aux toilettes et aux aires de repas<\/p>","protected":false},"featured_media":30990,"comment_status":"open","ping_status":"closed","template":"","meta":[],"product_brand":[],"product_cat":[137],"product_tag":[],"class_list":{"0":"post-30991","1":"product","2":"type-product","3":"status-publish","4":"has-post-thumbnail","6":"product_cat-article-offic","8":"first","9":"instock","10":"shipping-taxable","11":"purchasable","12":"product-type-simple"},"_links":{"self":[{"href":"https:\/\/topprixsarl.ch\/en\/wp-json\/wp\/v2\/product\/30991","targetHints":{"allow":["GET"]}}],"collection":[{"href":"https:\/\/topprixsarl.ch\/en\/wp-json\/wp\/v2\/product"}],"about":[{"href":"https:\/\/topprixsarl.ch\/en\/wp-json\/wp\/v2\/types\/product"}],"replies":[{"embeddable":true,"href":"https:\/\/topprixsarl.ch\/en\/wp-json\/wp\/v2\/comments?post=30991"}],"version-history":[{"count":2,"href":"https:\/\/topprixsarl.ch\/en\/wp-json\/wp\/v2\/product\/30991\/revisions"}],"predecessor-version":[{"id":32836,"href":"https:\/\/topprixsarl.ch\/en\/wp-json\/wp\/v2\/product\/30991\/revisions\/32836"}],"wp:featuredmedia":[{"embeddable":true,"href":"https:\/\/topprixsarl.ch\/en\/wp-json\/wp\/v2\/media\/30990"}],"wp:attachment":[{"href":"https:\/\/topprixsarl.ch\/en\/wp-json\/wp\/v2\/media?parent=30991"}],"wp:term":[{"taxonomy":"product_brand","embeddable":true,"href":"https:\/\/topprixsarl.ch\/en\/wp-json\/wp\/v2\/product_brand?post=30991"},{"taxonomy":"product_cat","embeddable":true,"href":"https:\/\/topprixsarl.ch\/en\/wp-json\/wp\/v2\/product_cat?post=30991"},{"taxonomy":"product_tag","embeddable":true,"href":"https:\/\/topprixsarl.ch\/en\/wp-json\/wp\/v2\/product_tag?post=30991"}],"curies":[{"name":"wp","href":"https:\/\/api.w.org\/{rel}","templated":true}]}}