{"id":30989,"date":"2026-01-09T14:40:40","date_gmt":"2026-01-09T14:40:40","guid":{"rendered":"https:\/\/topprixsarl.ch\/product\/serviette-pliee-oeco-swiss-pilage-en-c-1-pli-pack-de-24-x-152-piecess\/"},"modified":"2026-04-11T01:25:51","modified_gmt":"2026-04-11T01:25:51","slug":"serviette-pliee-oeco-swiss-pilage-en-c-1-pli-pack-de-24-x-152-piecess","status":"publish","type":"product","link":"https:\/\/topprixsarl.ch\/en\/product\/serviette-pliee-oeco-swiss-pilage-en-c-1-pli-pack-de-24-x-152-piecess\/","title":{"rendered":"Serviette pli\u00e9e Oeco Swiss, pilage en C, 1 pli, pack de 24 x 152 pi\u00e8cess"},"content":{"rendered":"<p>Hygi\u00e8ne et propret\u00e9<\/p>\n<p>Pour que les gens se sentent \u00e0 l&rsquo;aise dans leur lieu de travail, il est essentiel d&rsquo;\u00e9quiper les aires de travail de l&rsquo;option parfaite de serviettes. Il n&rsquo;est pas rare que les gens renversent leur caf\u00e9, se salissent, veuillent se s\u00e9cher les mains efficacement, etc. Dans toutes ces situations, les essuie-mains viennent \u00e0 leur secours.<\/p>\n<p>Ces serviettes de bain Oeco Swiss sont extr\u00eamement efficaces et agr\u00e9ables au toucher. <\/p>\n<p>+ Fabriqu\u00e9es \u00e0 partir de mat\u00e9riaux recycl\u00e9s, ces serviettes ne constituent pas une menace pour l&rsquo;environnement. <\/p>\n<p>+ Leurs mat\u00e9riaux de qualit\u00e9 sont sans danger pour la peau. Vous pouvez vous s\u00e9cher les mains ou le visage sans craindre une r\u00e9action ou une allergie. <\/p>\n<p>+ Elles n\u2019ont qu\u2019un pli, mais sont efficaces et robustes. <\/p>\n<p>+ Gr\u00e2ce \u00e0 une structure simple, elles absorbent rapidement toute l&rsquo;humidit\u00e9 sans laisser de grumeaux ou de peluches. <\/p>\n<p>Utilisez ces serviettes pli\u00e9es en C manuellement ou dans un distributeur pour de l&rsquo;hygi\u00e8ne m\u00eame dans les lieux publics.<\/p>\n<p>\u00c9quipez vos installations avec l&rsquo;approvisionnement parfait!<\/p>","protected":false},"excerpt":{"rendered":"<p>Hygi\u00e8ne et propret\u00e9 Pour que les gens se sentent \u00e0 l&rsquo;aise dans leur lieu de travail, il est essentiel d&rsquo;\u00e9quiper les aires de travail de l&rsquo;option parfaite de serviettes. Il n&rsquo;est pas rare que les gens renversent leur caf\u00e9, se salissent, veuillent se s<\/p>","protected":false},"featured_media":30988,"comment_status":"open","ping_status":"closed","template":"","meta":[],"product_brand":[],"product_cat":[143],"product_tag":[],"class_list":{"0":"post-30989","1":"product","2":"type-product","3":"status-publish","4":"has-post-thumbnail","6":"product_cat-nettoyage","8":"first","9":"instock","10":"shipping-taxable","11":"purchasable","12":"product-type-simple"},"_links":{"self":[{"href":"https:\/\/topprixsarl.ch\/en\/wp-json\/wp\/v2\/product\/30989","targetHints":{"allow":["GET"]}}],"collection":[{"href":"https:\/\/topprixsarl.ch\/en\/wp-json\/wp\/v2\/product"}],"about":[{"href":"https:\/\/topprixsarl.ch\/en\/wp-json\/wp\/v2\/types\/product"}],"replies":[{"embeddable":true,"href":"https:\/\/topprixsarl.ch\/en\/wp-json\/wp\/v2\/comments?post=30989"}],"version-history":[{"count":2,"href":"https:\/\/topprixsarl.ch\/en\/wp-json\/wp\/v2\/product\/30989\/revisions"}],"predecessor-version":[{"id":32835,"href":"https:\/\/topprixsarl.ch\/en\/wp-json\/wp\/v2\/product\/30989\/revisions\/32835"}],"wp:featuredmedia":[{"embeddable":true,"href":"https:\/\/topprixsarl.ch\/en\/wp-json\/wp\/v2\/media\/30988"}],"wp:attachment":[{"href":"https:\/\/topprixsarl.ch\/en\/wp-json\/wp\/v2\/media?parent=30989"}],"wp:term":[{"taxonomy":"product_brand","embeddable":true,"href":"https:\/\/topprixsarl.ch\/en\/wp-json\/wp\/v2\/product_brand?post=30989"},{"taxonomy":"product_cat","embeddable":true,"href":"https:\/\/topprixsarl.ch\/en\/wp-json\/wp\/v2\/product_cat?post=30989"},{"taxonomy":"product_tag","embeddable":true,"href":"https:\/\/topprixsarl.ch\/en\/wp-json\/wp\/v2\/product_tag?post=30989"}],"curies":[{"name":"wp","href":"https:\/\/api.w.org\/{rel}","templated":true}]}}