{"id":30985,"date":"2026-01-09T14:40:02","date_gmt":"2026-01-09T14:40:02","guid":{"rendered":"https:\/\/topprixsarl.ch\/product\/flacon-doseur-diversey-0-5-litre-vide\/"},"modified":"2026-01-14T14:20:02","modified_gmt":"2026-01-14T14:20:02","slug":"flacon-doseur-diversey-0-5-litre-vide","status":"publish","type":"product","link":"https:\/\/topprixsarl.ch\/en\/product\/flacon-doseur-diversey-0-5-litre-vide\/","title":{"rendered":"Flacon doseur Diversey, 0.5 litre, vide"},"content":{"rendered":"<p>Une bouteille multi-t\u00e2ches pour vous faciliter la vie !<\/p>\n<p>Tr\u00e8s souvent, des produits sont fournis dans des emballages peu pratiques et sont difficiles \u00e0 utiliser, ce qui en fait une horreur absolue avec laquelle il faut travailler, chaque heure ou chaque jour. Il peut s&rsquo;agir de savons ou de d\u00e9tergents liquides, de sauces ou de garnitures, etc. Bien que le produit lui-m\u00eame puisse \u00eatre tr\u00e8s efficace, vous pourriez envisager de ne pas l&rsquo;acheter simplement \u00e0 cause de son emballage.<\/p>\n<p>Vous pouvez toutefois toujours trouver le bon emballage vous-m\u00eame et vous faciliter la vie. Pour tout type de liquide, ce flacon vide de Diversey sera le choix le plus parfait.<\/p>\n<p>+ Pratique et d&rsquo;une capacit\u00e9 de 500 ml, il peut contenir tout type de liquide.<\/p>\n<p>+ Il se ferme facilement gr\u00e2ce au couvercle qui emp\u00eache les d\u00e9versements accidentels.<\/p>\n<p>+ De plus, ce couvercle a une forme pratique avec une buse longue et mince, ce qui permet de doser le liquide.<\/p>\n<p>Choisissez le bon produit, choisissez votre propre bouteille !<\/p>\n<p>6 bouteilles \/ carton<br \/>\n174 cartons \/ palette (= 1044 bouteilles \/ palette)<\/p>","protected":false},"excerpt":{"rendered":"<p>Une bouteille multi-t\u00e2ches pour vous faciliter la vie! Tr\u00e8s souvent, des produits sont fournis dans des emballages peu pratiques et sont difficiles \u00e0 utiliser, ce qui en fait une horreur absolue avec laquelle il faut travailler, chaque heure ou chaqu<\/p>","protected":false},"featured_media":30984,"comment_status":"open","ping_status":"closed","template":"","meta":[],"product_brand":[],"product_cat":[143],"product_tag":[],"class_list":{"0":"post-30985","1":"product","2":"type-product","3":"status-publish","4":"has-post-thumbnail","6":"product_cat-nettoyage","8":"first","9":"instock","10":"shipping-taxable","11":"purchasable","12":"product-type-simple"},"_links":{"self":[{"href":"https:\/\/topprixsarl.ch\/en\/wp-json\/wp\/v2\/product\/30985","targetHints":{"allow":["GET"]}}],"collection":[{"href":"https:\/\/topprixsarl.ch\/en\/wp-json\/wp\/v2\/product"}],"about":[{"href":"https:\/\/topprixsarl.ch\/en\/wp-json\/wp\/v2\/types\/product"}],"replies":[{"embeddable":true,"href":"https:\/\/topprixsarl.ch\/en\/wp-json\/wp\/v2\/comments?post=30985"}],"version-history":[{"count":2,"href":"https:\/\/topprixsarl.ch\/en\/wp-json\/wp\/v2\/product\/30985\/revisions"}],"predecessor-version":[{"id":32832,"href":"https:\/\/topprixsarl.ch\/en\/wp-json\/wp\/v2\/product\/30985\/revisions\/32832"}],"wp:featuredmedia":[{"embeddable":true,"href":"https:\/\/topprixsarl.ch\/en\/wp-json\/wp\/v2\/media\/30984"}],"wp:attachment":[{"href":"https:\/\/topprixsarl.ch\/en\/wp-json\/wp\/v2\/media?parent=30985"}],"wp:term":[{"taxonomy":"product_brand","embeddable":true,"href":"https:\/\/topprixsarl.ch\/en\/wp-json\/wp\/v2\/product_brand?post=30985"},{"taxonomy":"product_cat","embeddable":true,"href":"https:\/\/topprixsarl.ch\/en\/wp-json\/wp\/v2\/product_cat?post=30985"},{"taxonomy":"product_tag","embeddable":true,"href":"https:\/\/topprixsarl.ch\/en\/wp-json\/wp\/v2\/product_tag?post=30985"}],"curies":[{"name":"wp","href":"https:\/\/api.w.org\/{rel}","templated":true}]}}