{"id":30973,"date":"2026-01-09T14:38:34","date_gmt":"2026-01-09T14:38:34","guid":{"rendered":"https:\/\/topprixsarl.ch\/product\/detergent-liquide-lave-vaisselle-suma-nova-pur-eco-l6-20-litres-parfume\/"},"modified":"2026-01-14T14:20:03","modified_gmt":"2026-01-14T14:20:03","slug":"detergent-liquide-lave-vaisselle-suma-nova-pur-eco-l6-20-litres-parfume","status":"publish","type":"product","link":"https:\/\/topprixsarl.ch\/en\/product-2\/detergent-liquide-lave-vaisselle-suma-nova-pur-eco-l6-20-litres-parfume\/","title":{"rendered":"Liquid dishwasher detergent Suma Nova Pur-Eco L6, 20 liters, scented"},"content":{"rendered":"<p>Une fa\u00e7on pratique et \u00e9cologique de faire la vaisselle! <\/p>\n<p>Vous \u00eates \u00e0 la recherche d&rsquo;un d\u00e9tergent efficace et sain? <\/p>\n<p>Ce d\u00e9tergent liquide lave-vaisselle Suma Nova Pur-Eco est tr\u00e8s concentr\u00e9 et efficace pour \u00e9liminer les r\u00e9sidus de graisse, d&rsquo;amidon et de prot\u00e9ines. Apr\u00e8s le nettoyage, la vaisselle et les couverts \u00e9tincelleront pour une qualit\u00e9 de service impeccable. <\/p>\n<p>+ Convenant \u00e0 tous les lave-vaisselles, il pr\u00e9vient les d\u00e9p\u00f4ts de calcaire s\u2019il est utilis\u00e9 avec de l&rsquo;eau de duret\u00e9 moyenne! <\/p>\n<p>+ Il est toujours utilisable dans l&rsquo;eau de tous les niveaux de duret\u00e9.<\/p>\n<p>Remarque &#8211; il s\u2019agit d\u2019un flacon de 20 litres de liquide \u00e9cologique. <\/p>\n<p>+ Certifi\u00e9 par l&rsquo;\u00e9colabel europ\u00e9en et l&rsquo;alliance FSC, ce produit est fabriqu\u00e9 sans aucun dommage pour l&rsquo;environnement ou la sant\u00e9 humaine.<\/p>\n<p>Sauvez l&rsquo;environnement et faites la vaisselle en toute facilit\u00e9! <\/p>\n<p>Produit dangereux. Respecter les pr\u00e9cautions d\u2019emploi indiqu\u00e9es sur la fiche de donn\u00e9es de s\u00e9curit\u00e9.*<\/p>","protected":false},"excerpt":{"rendered":"<p>Une fa\u00e7on pratique et \u00e9cologique de faire la vaisselle! Vous \u00eates \u00e0 la recherche d&rsquo;un d\u00e9tergent efficace et sain? Ce d\u00e9tergent liquide lave-vaisselle Suma Nova Pur-Eco est tr\u00e8s concentr\u00e9 et efficace pour \u00e9liminer les r\u00e9sidus de graisse, d&rsquo;amidon et d<\/p>","protected":false},"featured_media":30972,"comment_status":"open","ping_status":"closed","template":"","meta":[],"product_brand":[],"product_cat":[139],"product_tag":[],"class_list":{"0":"post-30973","1":"product","2":"type-product","3":"status-publish","4":"has-post-thumbnail","6":"product_cat-lave-vaisselle","8":"first","9":"instock","10":"shipping-taxable","11":"purchasable","12":"product-type-simple"},"_links":{"self":[{"href":"https:\/\/topprixsarl.ch\/en\/wp-json\/wp\/v2\/product\/30973","targetHints":{"allow":["GET"]}}],"collection":[{"href":"https:\/\/topprixsarl.ch\/en\/wp-json\/wp\/v2\/product"}],"about":[{"href":"https:\/\/topprixsarl.ch\/en\/wp-json\/wp\/v2\/types\/product"}],"replies":[{"embeddable":true,"href":"https:\/\/topprixsarl.ch\/en\/wp-json\/wp\/v2\/comments?post=30973"}],"version-history":[{"count":2,"href":"https:\/\/topprixsarl.ch\/en\/wp-json\/wp\/v2\/product\/30973\/revisions"}],"predecessor-version":[{"id":32826,"href":"https:\/\/topprixsarl.ch\/en\/wp-json\/wp\/v2\/product\/30973\/revisions\/32826"}],"wp:featuredmedia":[{"embeddable":true,"href":"https:\/\/topprixsarl.ch\/en\/wp-json\/wp\/v2\/media\/30972"}],"wp:attachment":[{"href":"https:\/\/topprixsarl.ch\/en\/wp-json\/wp\/v2\/media?parent=30973"}],"wp:term":[{"taxonomy":"product_brand","embeddable":true,"href":"https:\/\/topprixsarl.ch\/en\/wp-json\/wp\/v2\/product_brand?post=30973"},{"taxonomy":"product_cat","embeddable":true,"href":"https:\/\/topprixsarl.ch\/en\/wp-json\/wp\/v2\/product_cat?post=30973"},{"taxonomy":"product_tag","embeddable":true,"href":"https:\/\/topprixsarl.ch\/en\/wp-json\/wp\/v2\/product_tag?post=30973"}],"curies":[{"name":"wp","href":"https:\/\/api.w.org\/{rel}","templated":true}]}}