{"id":30939,"date":"2026-01-09T14:33:47","date_gmt":"2026-01-09T14:33:47","guid":{"rendered":"https:\/\/topprixsarl.ch\/product\/nettoyant-universel-suma-multi-d2-paquet-de-2x5-litres-sans-parfum\/"},"modified":"2026-01-14T14:20:04","modified_gmt":"2026-01-14T14:20:04","slug":"nettoyant-universel-suma-multi-d2-paquet-de-2x5-litres-sans-parfum","status":"publish","type":"product","link":"https:\/\/topprixsarl.ch\/en\/product\/nettoyant-universel-suma-multi-d2-paquet-de-2x5-litres-sans-parfum\/","title":{"rendered":"Nettoyant universel Suma Multi D2, paquet de 2&#215;5 litres, sans parfum"},"content":{"rendered":"<p>Un pour tout<\/p>\n<p>Chaque soir, Daniel prend sa serpilli\u00e8re et danse presque \u00e0 travers les zones \u00e0 nettoyer. Ce n&rsquo;est que dans la cuisine qu&rsquo;il perd sa bonne humeur. Il doit toujours aller au placard et sortir plusieurs produits de nettoyage pour nettoyer les sols, les murs, les portes, les plafonds et les appareils en g\u00e9n\u00e9ral. \u00c7a le met dans tous ses \u00e9tats. <\/p>\n<p>Mais c&rsquo;est d\u00e9sormais termin\u00e9 gr\u00e2ce au nettoyeur universel Suma Multi D2. <\/p>\n<p>+ Nettoyant polyvalent : Peut \u00eatre utilis\u00e9 sur toutes les surfaces de cuisine (y compris l&rsquo;aluminium et les autres m\u00e9taux doux) dans l&rsquo;industrie alimentaire et manufacturi\u00e8re. <\/p>\n<p>+ Efficacit\u00e9 : Les graisses et les r\u00e9sidus alimentaires s\u00e9ch\u00e9s ne posent aucun probl\u00e8me. <\/p>\n<p>+ Dosage pratique : Un jet de 5ml pour 750ml d&rsquo;eau est suffisant (selon le degr\u00e9 de salissure et la duret\u00e9 de l&rsquo;eau) pour obtenir un excellent r\u00e9sultat de nettoyage. <\/p>\n<p>+ Emballage \u00e9conomique : Ce produit se pr\u00e9sente dans un emballage de 5 litres \u00e0 haut rendement. Cela permet \u00e0 Daniel de disposer d&rsquo;une r\u00e9serve \u00e0 partir de laquelle il peut toujours remplir la bouteille pratique (article n\u00b0 10.625.963). <\/p>\n<p>+ Avantages combin\u00e9s : Daniel a donc les avantages d&rsquo;un emballage en vrac combin\u00e9s aux avantages d&rsquo;une bouteille pratique. \u00c9pargnez-vous des produits de nettoyage suppl\u00e9mentaires! <\/p>\n<p>Produit dangereux. Respecter les pr\u00e9cautions d\u2019emploi indiqu\u00e9es sur la fiche de donn\u00e9es de s\u00e9curit\u00e9*.<\/p>","protected":false},"excerpt":{"rendered":"<p>Un pour tout Chaque soir, Daniel prend sa serpilli\u00e8re et danse presque \u00e0 travers les zones \u00e0 nettoyer. Ce n&rsquo;est que dans la cuisine qu&rsquo;il perd sa bonne humeur. Il doit toujours aller au placard et sortir plusieurs produits de nettoyage pour nettoyer <\/p>","protected":false},"featured_media":30938,"comment_status":"open","ping_status":"closed","template":"","meta":[],"product_brand":[],"product_cat":[143],"product_tag":[],"class_list":{"0":"post-30939","1":"product","2":"type-product","3":"status-publish","4":"has-post-thumbnail","6":"product_cat-nettoyage","8":"first","9":"instock","10":"shipping-taxable","11":"purchasable","12":"product-type-simple"},"_links":{"self":[{"href":"https:\/\/topprixsarl.ch\/en\/wp-json\/wp\/v2\/product\/30939","targetHints":{"allow":["GET"]}}],"collection":[{"href":"https:\/\/topprixsarl.ch\/en\/wp-json\/wp\/v2\/product"}],"about":[{"href":"https:\/\/topprixsarl.ch\/en\/wp-json\/wp\/v2\/types\/product"}],"replies":[{"embeddable":true,"href":"https:\/\/topprixsarl.ch\/en\/wp-json\/wp\/v2\/comments?post=30939"}],"version-history":[{"count":2,"href":"https:\/\/topprixsarl.ch\/en\/wp-json\/wp\/v2\/product\/30939\/revisions"}],"predecessor-version":[{"id":32805,"href":"https:\/\/topprixsarl.ch\/en\/wp-json\/wp\/v2\/product\/30939\/revisions\/32805"}],"wp:featuredmedia":[{"embeddable":true,"href":"https:\/\/topprixsarl.ch\/en\/wp-json\/wp\/v2\/media\/30938"}],"wp:attachment":[{"href":"https:\/\/topprixsarl.ch\/en\/wp-json\/wp\/v2\/media?parent=30939"}],"wp:term":[{"taxonomy":"product_brand","embeddable":true,"href":"https:\/\/topprixsarl.ch\/en\/wp-json\/wp\/v2\/product_brand?post=30939"},{"taxonomy":"product_cat","embeddable":true,"href":"https:\/\/topprixsarl.ch\/en\/wp-json\/wp\/v2\/product_cat?post=30939"},{"taxonomy":"product_tag","embeddable":true,"href":"https:\/\/topprixsarl.ch\/en\/wp-json\/wp\/v2\/product_tag?post=30939"}],"curies":[{"name":"wp","href":"https:\/\/api.w.org\/{rel}","templated":true}]}}