{"id":30937,"date":"2026-01-09T14:33:31","date_gmt":"2026-01-09T14:33:31","guid":{"rendered":"https:\/\/topprixsarl.ch\/product\/compteuse-avec-detection-de-faux-billets-safescan-2210-g2-automatique\/"},"modified":"2026-01-14T14:20:04","modified_gmt":"2026-01-14T14:20:04","slug":"compteuse-avec-detection-de-faux-billets-safescan-2210-g2-automatique","status":"publish","type":"product","link":"https:\/\/topprixsarl.ch\/en\/product-2\/compteuse-avec-detection-de-faux-billets-safescan-2210-g2-automatique\/","title":{"rendered":"Compteuse avec d\u00e9tection de faux billets Safescan 2210 G2 &#8211; automatique"},"content":{"rendered":"<p>+ Vitesse de comptage : 1 000 billets\/minute<\/p>\n<p>+ Pour toutes les devises<\/p>\n<p>+ D\u00e9tection des faux billets : UV et taille<\/p>\n<p>+ Une alarme retentit lorsqu\u2019un billet suspect ou de taille diff\u00e9rente est d\u00e9tect\u00e9<\/p>\n<p>+ Addition et fonction en lots<\/p>\n<p>+ Op\u00e9ration simple et rapide<\/p>\n<p>+ Fonction automatique de d\u00e9but et d\u2019arr\u00eat<\/p>\n<p>+ \u00c9cran LCD large et clair<\/p>\n<p>+ Chargement \u00e0 l\u2019arri\u00e8re<\/p>\n<p>+ Dimensions : L 29,5 x P 25 x H 18,4 cm<\/p>\n<p>> Garantie 2 ans<\/p>\n<p>*Footnotes :<br \/>\n1. Les sp\u00e9cifications peuvent varier selon les mod\u00e8les.<br \/>\n2. Veuillez consulter le manuel d&rsquo;utilisation pour des instructions d\u00e9taill\u00e9es.<\/p>","protected":false},"excerpt":{"rendered":"<p>&#8211; Vitesse de comptage: 1 000 billets\/minute.- Pour toutes les devises.- D\u00e9tection des faux billets: UV et taille.- Une alarme retentit lorsqu\u2019un billet suspect ou de taille diff\u00e9rente est d\u00e9tect\u00e9e.- Addition et fonction en lots.- Op\u00e9ration simple et <\/p>","protected":false},"featured_media":30936,"comment_status":"open","ping_status":"closed","template":"","meta":[],"product_brand":[],"product_cat":[143],"product_tag":[],"class_list":{"0":"post-30937","1":"product","2":"type-product","3":"status-publish","4":"has-post-thumbnail","6":"product_cat-nettoyage","8":"first","9":"instock","10":"shipping-taxable","11":"purchasable","12":"product-type-simple"},"_links":{"self":[{"href":"https:\/\/topprixsarl.ch\/en\/wp-json\/wp\/v2\/product\/30937","targetHints":{"allow":["GET"]}}],"collection":[{"href":"https:\/\/topprixsarl.ch\/en\/wp-json\/wp\/v2\/product"}],"about":[{"href":"https:\/\/topprixsarl.ch\/en\/wp-json\/wp\/v2\/types\/product"}],"replies":[{"embeddable":true,"href":"https:\/\/topprixsarl.ch\/en\/wp-json\/wp\/v2\/comments?post=30937"}],"version-history":[{"count":2,"href":"https:\/\/topprixsarl.ch\/en\/wp-json\/wp\/v2\/product\/30937\/revisions"}],"predecessor-version":[{"id":32804,"href":"https:\/\/topprixsarl.ch\/en\/wp-json\/wp\/v2\/product\/30937\/revisions\/32804"}],"wp:featuredmedia":[{"embeddable":true,"href":"https:\/\/topprixsarl.ch\/en\/wp-json\/wp\/v2\/media\/30936"}],"wp:attachment":[{"href":"https:\/\/topprixsarl.ch\/en\/wp-json\/wp\/v2\/media?parent=30937"}],"wp:term":[{"taxonomy":"product_brand","embeddable":true,"href":"https:\/\/topprixsarl.ch\/en\/wp-json\/wp\/v2\/product_brand?post=30937"},{"taxonomy":"product_cat","embeddable":true,"href":"https:\/\/topprixsarl.ch\/en\/wp-json\/wp\/v2\/product_cat?post=30937"},{"taxonomy":"product_tag","embeddable":true,"href":"https:\/\/topprixsarl.ch\/en\/wp-json\/wp\/v2\/product_tag?post=30937"}],"curies":[{"name":"wp","href":"https:\/\/api.w.org\/{rel}","templated":true}]}}