{"id":30933,"date":"2026-01-09T14:33:04","date_gmt":"2026-01-09T14:33:04","guid":{"rendered":"https:\/\/topprixsarl.ch\/product\/desodorisant-aerosol-premium-rosee-de-printemps-air-wick-pure-250-ml\/"},"modified":"2026-01-14T14:20:04","modified_gmt":"2026-01-14T14:20:04","slug":"desodorisant-aerosol-premium-rosee-de-printemps-air-wick-pure-250-ml","status":"publish","type":"product","link":"https:\/\/topprixsarl.ch\/en\/product-2\/desodorisant-aerosol-premium-rosee-de-printemps-air-wick-pure-250-ml\/","title":{"rendered":"D\u00e9sodorisant a\u00e9rosol premium Ros\u00e9e de printemps, Air Wick Pure, 250 ml"},"content":{"rendered":"<p>Un parfum d\u00e9licat de fleurs dans votre dressing<\/p>\n<p>Le printemps est propice \u00e0 la fra\u00eecheur, aux fleurs et aux nouveaux d\u00e9parts. \u00c0 cette \u00e9poque, les rhumes se dissipent et nous profitons \u00e0 nouveau de la vie. Le travail devient plus facile et de bonnes vibrations nous entourent. N\u2019aimeriez-vous pas sentir le printemps o\u00f9 que vous soyez? C\u2019est possible, m\u00eame dans vos toilettes, avec le d\u00e9sodorisant Air Wick Premium.<\/p>\n<p>Cette fragrance s&rsquo;appelle Pure Fra\u00eecheur printani\u00e8re et on comprend facilement pourquoi. Les notes florales associ\u00e9es \u00e0 l&rsquo;herbe fra\u00eechement coup\u00e9e sont un r\u00e9gal pour vous et vos coll\u00e8gues. <\/p>\n<p>+ Flacon pratique pouvant \u00eatre plac\u00e9 partout : \u00e0 c\u00f4t\u00e9 de l&rsquo;\u00e9vier, de la sortie, o\u00f9 il cr\u00e9era la m\u00eame atmosph\u00e8re fleurie.<\/p>\n<p>La formule sp\u00e9ciale ne se contente pas de masquer les mauvaises odeurs, elle les \u00e9limine compl\u00e8tement tout en se dissipant totalement dans l&rsquo;air.<\/p>\n<p>+ Diffuseur offrant une efficacit\u00e9 maximale : une seule pression suffit pour rafra\u00eechir une grande pi\u00e8ce. <\/p>\n<p>Un flacon dure donc longtemps, un seul d\u00e9sodorisant Air Wick Pure suffit pour une utilisation quotidienne pouvant aller jusqu&rsquo;\u00e0 deux mois.<\/p>\n<p>Accueillez le printemps toute l&rsquo;ann\u00e9e!<\/p>\n<p>*Produit biocide. Les produits biocides doivent \u00eatre utilis\u00e9s avec pr\u00e9caution. Veuillez lire l\u2019\u00e9tiquette et la notice d\u2019emballage avant toute utilisation. Produit dangereux. Respecter les pr\u00e9cautions d\u2019emploi indiqu\u00e9es sur la fiche de donn\u00e9es de s\u00e9curit\u00e9.*<\/p>","protected":false},"excerpt":{"rendered":"<p>Un parfum d\u00e9licat de fleurs dans votre dressingLe printemps est propice \u00e0 la fra\u00eecheur, aux fleurs et aux nouveaux d\u00e9parts. \u00c0 cette \u00e9poque, les rhumes se dissipent et nous profitons \u00e0 nouveau de la vie. Le travail devient plus facile et de bonnes vib<\/p>","protected":false},"featured_media":30932,"comment_status":"open","ping_status":"closed","template":"","meta":[],"product_brand":[],"product_cat":[142],"product_tag":[],"class_list":{"0":"post-30933","1":"product","2":"type-product","3":"status-publish","4":"has-post-thumbnail","6":"product_cat-entretien","8":"first","9":"instock","10":"shipping-taxable","11":"purchasable","12":"product-type-simple"},"_links":{"self":[{"href":"https:\/\/topprixsarl.ch\/en\/wp-json\/wp\/v2\/product\/30933","targetHints":{"allow":["GET"]}}],"collection":[{"href":"https:\/\/topprixsarl.ch\/en\/wp-json\/wp\/v2\/product"}],"about":[{"href":"https:\/\/topprixsarl.ch\/en\/wp-json\/wp\/v2\/types\/product"}],"replies":[{"embeddable":true,"href":"https:\/\/topprixsarl.ch\/en\/wp-json\/wp\/v2\/comments?post=30933"}],"version-history":[{"count":2,"href":"https:\/\/topprixsarl.ch\/en\/wp-json\/wp\/v2\/product\/30933\/revisions"}],"predecessor-version":[{"id":32802,"href":"https:\/\/topprixsarl.ch\/en\/wp-json\/wp\/v2\/product\/30933\/revisions\/32802"}],"wp:featuredmedia":[{"embeddable":true,"href":"https:\/\/topprixsarl.ch\/en\/wp-json\/wp\/v2\/media\/30932"}],"wp:attachment":[{"href":"https:\/\/topprixsarl.ch\/en\/wp-json\/wp\/v2\/media?parent=30933"}],"wp:term":[{"taxonomy":"product_brand","embeddable":true,"href":"https:\/\/topprixsarl.ch\/en\/wp-json\/wp\/v2\/product_brand?post=30933"},{"taxonomy":"product_cat","embeddable":true,"href":"https:\/\/topprixsarl.ch\/en\/wp-json\/wp\/v2\/product_cat?post=30933"},{"taxonomy":"product_tag","embeddable":true,"href":"https:\/\/topprixsarl.ch\/en\/wp-json\/wp\/v2\/product_tag?post=30933"}],"curies":[{"name":"wp","href":"https:\/\/api.w.org\/{rel}","templated":true}]}}