{"id":30925,"date":"2026-01-09T14:32:05","date_gmt":"2026-01-09T14:32:05","guid":{"rendered":"https:\/\/topprixsarl.ch\/product\/etiquettes-resistantes-dymo-1976411-l-54-x-h-25-mm-blanches-le-rouleau-de-160\/"},"modified":"2026-01-14T14:20:04","modified_gmt":"2026-01-14T14:20:04","slug":"etiquettes-resistantes-dymo-1976411-l-54-x-h-25-mm-blanches-le-rouleau-de-160","status":"publish","type":"product","link":"https:\/\/topprixsarl.ch\/en\/product-2\/etiquettes-resistantes-dymo-1976411-l-54-x-h-25-mm-blanches-le-rouleau-de-160\/","title":{"rendered":"\u00c9tiquettes r\u00e9sistantes Dymo 1976411, l 54 x H 25 mm, blanches, le rouleau de 160"},"content":{"rendered":"<p>Lorsque vous \u00eates confront\u00e9 \u00e0 des surfaces complexes, utilisez une \u00e9tiquette qui est plus r\u00e9sistante et dure plus longtemps que des \u00e9tiquettes papier. <\/p>\n<p>Les \u00e9tiquettes r\u00e9sistantes LW DYMO poss\u00e8dent un rev\u00eatement adh\u00e9sif et robuste qui r\u00e9siste au d\u00e9collement et \u00e0 l&rsquo;abrasion dus \u00e0 la chaleur, \u00e0 l&rsquo;humidit\u00e9 et aux solvants. <\/p>\n<p>Les \u00e9tiquettes r\u00e9sistantes LW Dymo sont id\u00e9ales pour les salles de repos, les caves, les garages, les salles de classe, etc.<\/p>\n<p>+ Adh\u00e9sif industriel; plus puissant que les \u00e9tiquettes papier LW conventionnelles<br \/>\n+ R\u00e9sistent \u00e0 l&rsquo;eau<br \/>\n+ Le rev\u00eatement de protection emp\u00eache la d\u00e9coloration li\u00e9e aux d\u00e9tergents courants<br \/>\n+ Structure en plastique r\u00e9sistant aux rayures<br \/>\n+ Adh\u00e8rent solidement sur presque toutes les surfaces \u2013 lisses, rugueuses, planes ou courbes<br \/>\n+ Ces \u00e9tiquettes r\u00e9sistent \u00e0 la chaleur, \u00e0 l&rsquo;humidit\u00e9 et aux conditions proches du gel (temp\u00e9ratures de 0\u25e6 \u00e0 50\u25e6 C et un taux d&rsquo;humidit\u00e9 jusqu&rsquo;\u00e0 85%). <\/p>\n<p>Price per package.<\/p>","protected":false},"excerpt":{"rendered":"<p>Lorsque vous \u00eates confront\u00e9 \u00e0 des surfaces complexes, utilisez une \u00e9tiquette qui est plus r\u00e9sistante et dure plus longtemps que des \u00e9tiquettes papier. Les \u00e9tiquettes r\u00e9sistantes LW DYMO poss\u00e8dent un rev\u00eatement adh\u00e9sif et robuste qui r\u00e9siste au d\u00e9coll<\/p>","protected":false},"featured_media":30924,"comment_status":"open","ping_status":"closed","template":"","meta":[],"product_brand":[],"product_cat":[143],"product_tag":[],"class_list":{"0":"post-30925","1":"product","2":"type-product","3":"status-publish","4":"has-post-thumbnail","6":"product_cat-nettoyage","8":"first","9":"instock","10":"shipping-taxable","11":"purchasable","12":"product-type-simple"},"_links":{"self":[{"href":"https:\/\/topprixsarl.ch\/en\/wp-json\/wp\/v2\/product\/30925","targetHints":{"allow":["GET"]}}],"collection":[{"href":"https:\/\/topprixsarl.ch\/en\/wp-json\/wp\/v2\/product"}],"about":[{"href":"https:\/\/topprixsarl.ch\/en\/wp-json\/wp\/v2\/types\/product"}],"replies":[{"embeddable":true,"href":"https:\/\/topprixsarl.ch\/en\/wp-json\/wp\/v2\/comments?post=30925"}],"version-history":[{"count":2,"href":"https:\/\/topprixsarl.ch\/en\/wp-json\/wp\/v2\/product\/30925\/revisions"}],"predecessor-version":[{"id":32798,"href":"https:\/\/topprixsarl.ch\/en\/wp-json\/wp\/v2\/product\/30925\/revisions\/32798"}],"wp:featuredmedia":[{"embeddable":true,"href":"https:\/\/topprixsarl.ch\/en\/wp-json\/wp\/v2\/media\/30924"}],"wp:attachment":[{"href":"https:\/\/topprixsarl.ch\/en\/wp-json\/wp\/v2\/media?parent=30925"}],"wp:term":[{"taxonomy":"product_brand","embeddable":true,"href":"https:\/\/topprixsarl.ch\/en\/wp-json\/wp\/v2\/product_brand?post=30925"},{"taxonomy":"product_cat","embeddable":true,"href":"https:\/\/topprixsarl.ch\/en\/wp-json\/wp\/v2\/product_cat?post=30925"},{"taxonomy":"product_tag","embeddable":true,"href":"https:\/\/topprixsarl.ch\/en\/wp-json\/wp\/v2\/product_tag?post=30925"}],"curies":[{"name":"wp","href":"https:\/\/api.w.org\/{rel}","templated":true}]}}