{"id":30923,"date":"2026-01-09T14:31:52","date_gmt":"2026-01-09T14:31:52","guid":{"rendered":"https:\/\/topprixsarl.ch\/product\/tambour-brother-dr-421cl\/"},"modified":"2026-01-14T14:20:05","modified_gmt":"2026-01-14T14:20:05","slug":"tambour-brother-dr-421cl","status":"publish","type":"product","link":"https:\/\/topprixsarl.ch\/en\/product-2\/tambour-brother-dr-421cl\/","title":{"rendered":"Tambour Brother DR-421cl"},"content":{"rendered":"<p>Compatible avec les mod\u00e8les suivants :<br \/>\n&#8211; Brother DCP-L8410CDW<br \/>\n&#8211; Brother DCP-L8410CDWT<br \/>\n&#8211; Brother HL-L8260CDW<br \/>\n&#8211; Brother HL-L8360CDW<br \/>\n&#8211; Brother HL-L8360CDWMT<br \/>\n&#8211; Brother HL-L9300CDWTZ<br \/>\n&#8211; Brother HL-L9310CDW<br \/>\n&#8211; Brother HL-L9310CDWMT<br \/>\n&#8211; Brother HL-L9310CDWT<br \/>\n&#8211; Brother HL-L9310CDWTT<br \/>\n&#8211; Brother MFC-L9570CDWMT<br \/>\n&#8211; Brother MFC-L9570CDWT<br \/>\n&#8211; Brother MFC-L9570CDWTSP  <\/p>\n<p>+ Autonomie : 50 000 pages  <\/p>\n<p>+ Cet article ne peut \u00eatre \u00e9chang\u00e9  <\/p>\n<p>+ Garantie 2 ans<\/p>","protected":false},"excerpt":{"rendered":"<p>Compatible avec Brother DCP-L8410CDW, DCP-L8410CDWT, HL-L8260CDW, HL-L8360CDW, HL-L8360CDWMT, HL-L9300CDWTZ, HL-L9310CDW, HL-L9310CDWMT, HL-L9310CDWT, HL-L9310CDWTT, MFC-L9570CDWMT, MFC-L9570CDWT, MFC-L9570CDWTSP. Autonomie : 50 000 pages. Cet articl<\/p>","protected":false},"featured_media":30922,"comment_status":"open","ping_status":"closed","template":"","meta":[],"product_brand":[],"product_cat":[137],"product_tag":[],"class_list":{"0":"post-30923","1":"product","2":"type-product","3":"status-publish","4":"has-post-thumbnail","6":"product_cat-papier","8":"first","9":"instock","10":"shipping-taxable","11":"purchasable","12":"product-type-simple"},"_links":{"self":[{"href":"https:\/\/topprixsarl.ch\/en\/wp-json\/wp\/v2\/product\/30923","targetHints":{"allow":["GET"]}}],"collection":[{"href":"https:\/\/topprixsarl.ch\/en\/wp-json\/wp\/v2\/product"}],"about":[{"href":"https:\/\/topprixsarl.ch\/en\/wp-json\/wp\/v2\/types\/product"}],"replies":[{"embeddable":true,"href":"https:\/\/topprixsarl.ch\/en\/wp-json\/wp\/v2\/comments?post=30923"}],"version-history":[{"count":2,"href":"https:\/\/topprixsarl.ch\/en\/wp-json\/wp\/v2\/product\/30923\/revisions"}],"predecessor-version":[{"id":32797,"href":"https:\/\/topprixsarl.ch\/en\/wp-json\/wp\/v2\/product\/30923\/revisions\/32797"}],"wp:featuredmedia":[{"embeddable":true,"href":"https:\/\/topprixsarl.ch\/en\/wp-json\/wp\/v2\/media\/30922"}],"wp:attachment":[{"href":"https:\/\/topprixsarl.ch\/en\/wp-json\/wp\/v2\/media?parent=30923"}],"wp:term":[{"taxonomy":"product_brand","embeddable":true,"href":"https:\/\/topprixsarl.ch\/en\/wp-json\/wp\/v2\/product_brand?post=30923"},{"taxonomy":"product_cat","embeddable":true,"href":"https:\/\/topprixsarl.ch\/en\/wp-json\/wp\/v2\/product_cat?post=30923"},{"taxonomy":"product_tag","embeddable":true,"href":"https:\/\/topprixsarl.ch\/en\/wp-json\/wp\/v2\/product_tag?post=30923"}],"curies":[{"name":"wp","href":"https:\/\/api.w.org\/{rel}","templated":true}]}}