{"id":30921,"date":"2026-01-09T14:31:37","date_gmt":"2026-01-09T14:31:37","guid":{"rendered":"https:\/\/topprixsarl.ch\/product\/tabouret-datelier-bimos-9468h-noir\/"},"modified":"2026-01-14T14:20:05","modified_gmt":"2026-01-14T14:20:05","slug":"tabouret-datelier-bimos-9468h-noir","status":"publish","type":"product","link":"https:\/\/topprixsarl.ch\/en\/product-2\/tabouret-datelier-bimos-9468h-noir\/","title":{"rendered":"Bimos 9468H workshop stool - black"},"content":{"rendered":"<p>Un si\u00e8ge simple mais confortable<\/p>\n<p>Dans un environnement industriel, dans un cabinet m\u00e9dical ou dans certains bureaux, il est important que les employ\u00e9s puissent se d\u00e9placer. Une chaise de bureau normale serait trop encombrante et trop lourde pour cela. Quelle serait donc la solution appropri\u00e9e ?<\/p>\n<p>Le tabouret Prosedia 9468H est parfait car il n&rsquo;a ni dossier ni accoudoirs. Son assise est grande, douce et confortable. Il est r\u00e9glable en hauteur. Ce tabouret convient ainsi aux personnes de toutes tailles.<\/p>\n<p>+ Housse de si\u00e8ge sp\u00e9ciale antibact\u00e9rienne, antifongique et antimicrobienne. Vous ne tomberez pas malade si quelqu&rsquo;un de malade s&rsquo;y est assis.<\/p>\n<p>+ Facilit\u00e9 d&rsquo;entretien : en cas de renversement de d\u00e9sinfectant sur ce tabouret, aucune inqui\u00e9tude \u00e0 avoir, il suffit de le nettoyer avec un chiffon (humide ou sec).<\/p>\n<p>Ayez une option parfaite pour les situations o\u00f9 vous restez peu de temps en position assise !<\/p>\n<p>> Garantie 3 ans*<\/p>","protected":false},"excerpt":{"rendered":"<p>Un si\u00e8ge simple mais confortableDans un environnement industriel, dans un cabinet m\u00e9dical ou dans certains bureaux, il est important que les employ\u00e9s puissent se d\u00e9placer. Une chaise de bureau normale serait trop encombrante et trop lourde pour cela.<\/p>","protected":false},"featured_media":30920,"comment_status":"open","ping_status":"closed","template":"","meta":[],"product_brand":[],"product_cat":[141],"product_tag":[],"class_list":{"0":"post-30921","1":"product","2":"type-product","3":"status-publish","4":"has-post-thumbnail","6":"product_cat-covid-19","8":"first","9":"instock","10":"shipping-taxable","11":"purchasable","12":"product-type-simple"},"_links":{"self":[{"href":"https:\/\/topprixsarl.ch\/en\/wp-json\/wp\/v2\/product\/30921","targetHints":{"allow":["GET"]}}],"collection":[{"href":"https:\/\/topprixsarl.ch\/en\/wp-json\/wp\/v2\/product"}],"about":[{"href":"https:\/\/topprixsarl.ch\/en\/wp-json\/wp\/v2\/types\/product"}],"replies":[{"embeddable":true,"href":"https:\/\/topprixsarl.ch\/en\/wp-json\/wp\/v2\/comments?post=30921"}],"version-history":[{"count":2,"href":"https:\/\/topprixsarl.ch\/en\/wp-json\/wp\/v2\/product\/30921\/revisions"}],"predecessor-version":[{"id":32796,"href":"https:\/\/topprixsarl.ch\/en\/wp-json\/wp\/v2\/product\/30921\/revisions\/32796"}],"wp:featuredmedia":[{"embeddable":true,"href":"https:\/\/topprixsarl.ch\/en\/wp-json\/wp\/v2\/media\/30920"}],"wp:attachment":[{"href":"https:\/\/topprixsarl.ch\/en\/wp-json\/wp\/v2\/media?parent=30921"}],"wp:term":[{"taxonomy":"product_brand","embeddable":true,"href":"https:\/\/topprixsarl.ch\/en\/wp-json\/wp\/v2\/product_brand?post=30921"},{"taxonomy":"product_cat","embeddable":true,"href":"https:\/\/topprixsarl.ch\/en\/wp-json\/wp\/v2\/product_cat?post=30921"},{"taxonomy":"product_tag","embeddable":true,"href":"https:\/\/topprixsarl.ch\/en\/wp-json\/wp\/v2\/product_tag?post=30921"}],"curies":[{"name":"wp","href":"https:\/\/api.w.org\/{rel}","templated":true}]}}